{"id":1296,"date":"2025-08-28T21:08:46","date_gmt":"2025-08-28T21:08:46","guid":{"rendered":"https:\/\/waxparts.com\/?page_id=1296"},"modified":"2025-08-28T21:09:30","modified_gmt":"2025-08-28T21:09:30","slug":"pulleys","status":"publish","type":"page","link":"https:\/\/waxparts.com\/ar\/products\/pumps\/pulleys\/","title":{"rendered":"\u0628\u0648\u0644\u0644\u064a\u0632"},"content":{"rendered":"<div class=\"row\"  id=\"row-1102921133\">\n\n\t<div id=\"col-405644255\" class=\"col medium-3 small-12 large-3\"  >\n\t\t\t\t<div class=\"col-inner\"  >\n\t\t\t\n\t\t\t\n<ul class=\"sidebar-wrapper ul-reset\"><aside id=\"text-16\" class=\"widget widget_text\"><span class=\"widget-title\"><span>\u0641\u0626\u0627\u062a \u0627\u0644\u0645\u0646\u062a\u062c\u0627\u062a<\/span><\/span><div class=\"is-divider small\"><\/div>\t\t\t<div class=\"textwidget\"><\/div>\n\t\t<\/aside><script id=\"styles-copier-69d7b6e02b4b8\">\r\n\t\t\t\/\/ Finding styles element\r\n\t        var element = document.getElementById(\"iksm-dynamic-style\");\r\n\t        if (!element) { \/\/ If no element (Cache plugins can remove tag), then creating a new one\r\n                element = document.createElement('style');\r\n                var head = document.getElementsByTagName(\"head\")\r\n                if (head && head[0]) {\r\n                \thead[0].appendChild(element);\r\n                } else {\r\n                  \tconsole.warn(\"Iks Menu | Error while printing styles. Please contact technical support.\");\r\n                }\r\n\t        }\r\n\t\t\t\/\/ Copying styles to <styles> tag\r\n\t        element.innerHTML += \".iksm-795 .iksm-terms{transition:all 400ms;animation:iks-fade-in 1000ms;}.iksm-795 .iksm-terms-tree--children > .iksm-terms-tree__inner{background-color:rgba(230,230,230,1);animation:iks-zoom-in 400ms;}.iksm-795 .iksm-term__inner{background-color:rgba(255,255,255,1);min-height:44px;transition:all 400ms;}.iksm-795 .iksm-term__inner:hover{background-color:rgba(54,156,248,1);}.iksm-795 .iksm-term--current > .iksm-term__inner{background-color:rgba(212,212,212,1);}.iksm-795 .iksm-term__link{color:rgba(0,0,0,1);font-size:15px;line-height:15px;font-weight:400;text-decoration:none;padding-top:5px;padding-right:15px;padding-bottom:5px;padding-left:15px;transition:all 400ms;}.iksm-795 .iksm-term__inner:hover .iksm-term__link{color:rgba(50,50,50,1);}.iksm-795 .iksm-term__toggle__inner{transition:transform 400ms}.iksm-795 .iksm-term--expanded > .iksm-term__inner > .iksm-term__toggle > .iksm-term__toggle__inner{transform:rotate(180deg);}.iksm-795 .iksm-term__toggle{color:rgba(133,133,133,1);font-size:22px;align-self:stretch;height:unset;;width:40px;transition:all 400ms;}.iksm-795 .iksm-term__toggle:hover{color:rgba(0,0,0,1);}.iksm-795 .iksm-term__image-container{width:30px;min-width:30px;height:30px;min-height:30px;margin-right:15px;transition:all 400ms;}.iksm-795 .iksm-term__image{background-size:contain;background-position:center;background-repeat:no-repeat;}.iksm-795 .iksm-term__image-container:hover{background-size:contain;background-position:center;background-repeat:no-repeat;}.iksm-795 .iksm-term__inner:hover .iksm-term__image-container{background-size:contain;background-position:center;background-repeat:no-repeat;}.iksm-795 .iksm-term--current > .iksm-term__inner .iksm-term__image-container{background-size:contain;background-position:center;background-repeat:no-repeat;}.iksm-795 .iksm-term--child .iksm-term__inner .iksm-term__image-container{background-size:contain;background-position:center;background-repeat:no-repeat;}.iksm-795 .iksm-term--child .iksm-term__inner .iksm-term__image-container:hover{background-size:contain;background-position:center;background-repeat:no-repeat;}.iksm-795 .iksm-term--child.iksm-term--current > .iksm-term__inner .iksm-term__image-container{background-size:contain;background-position:center;background-repeat:no-repeat;}.iksm-795  .iksm-term__text{flex: unset}.iksm-795 .iksm-term__posts-count{color:rgba(133,133,133,1);font-size:16px;margin-left:12px;font-weight:400;transition:all 400ms;}.iksm-795 .iksm-term--collapsing > .iksm-terms-tree--children > .iksm-terms-tree__inner{animation:iks-zoom-out 400ms;}\";\r\n\t        \/\/ Removing this script\r\n            var this_script = document.getElementById(\"styles-copier-69d7b6e02b4b8\");\r\n            if (this_script) { \/\/ Cache plugins can remove tag\r\n\t            this_script.outerHTML = \"\";\r\n\t            if (this_script.parentNode) {\r\n\t                this_script.parentNode.removeChild(this_script);\r\n\t            }\r\n            }\r\n        <\/script><aside id=\"iksm-widget-2\" class=\"widget iksm-widget\"><div id='iksm-795' class='iksm iksm-795 iksm-container'  data-id='795' data-is-pro='Array' data-source='menu'><div class='iksm-terms'><div class='iksm-terms-tree iksm-terms-tree--level-1 iksm-terms-tree--parents' style=''><div class=\"iksm-terms-tree__inner\">\r\n        <div class=\"iksm-term iksm-term--id-1345 iksm-term--parent\" data-id=\"1345\">\r\n            <div class=\"iksm-term__inner\">\r\n                <a class=\"iksm-term__link\" href='https:\/\/waxparts.com\/ar\/product\/mill-roll-pulleys\/' target='_self'>\r\n\t\t\t\t\t        <span class=\"iksm-term__text\">\u0628\u0643\u0631\u0627\u062a \u0623\u0633\u0637\u0648\u0627\u0646\u0629 \u0627\u0644\u0637\u0627\u062d\u0648\u0646\u0629<\/span>\r\n\t\t                <\/a>\r\n\t\t\t\t            <\/div>\r\n\t\t\t        <\/div>\r\n\r\n\t\t\r\n        <div class=\"iksm-term iksm-term--id-1348 iksm-term--parent\" data-id=\"1348\">\r\n            <div class=\"iksm-term__inner\">\r\n                <a class=\"iksm-term__link\" href='https:\/\/waxparts.com\/ar\/product\/pulleys\/' target='_self'>\r\n\t\t\t\t\t        <span class=\"iksm-term__text\">\u0628\u0648\u0644\u0644\u064a\u0632<\/span>\r\n\t\t                <\/a>\r\n\t\t\t\t            <\/div>\r\n\t\t\t        <\/div>\r\n\r\n\t\t\r\n        <div class=\"iksm-term iksm-term--id-1344 iksm-term--parent\" data-id=\"1344\">\r\n            <div class=\"iksm-term__inner\">\r\n                <a class=\"iksm-term__link\" href='https:\/\/waxparts.com\/ar\/product\/mill-roll-belts\/' target='_self'>\r\n\t\t\t\t\t        <span class=\"iksm-term__text\">\u0633\u064a\u0648\u0631 \u0644\u0641\u0629 \u0627\u0644\u0645\u0637\u062d\u0646\u0629<\/span>\r\n\t\t                <\/a>\r\n\t\t\t\t            <\/div>\r\n\t\t\t        <\/div>\r\n\r\n\t\t\r\n        <div class=\"iksm-term iksm-term--id-1347 iksm-term--parent\" data-id=\"1347\">\r\n            <div class=\"iksm-term__inner\">\r\n                <a class=\"iksm-term__link\" href='https:\/\/waxparts.com\/ar\/product\/optibelt-belts\/' target='_self'>\r\n\t\t\t\t\t        <span class=\"iksm-term__text\">\u0623\u062d\u0632\u0645\u0629 OPTIBELT<\/span>\r\n\t\t                <\/a>\r\n\t\t\t\t            <\/div>\r\n\t\t\t        <\/div>\r\n\r\n\t\t\r\n        <div class=\"iksm-term iksm-term--id-1342 iksm-term--parent\" data-id=\"1342\">\r\n            <div class=\"iksm-term__inner\">\r\n                <a class=\"iksm-term__link\" href='https:\/\/waxparts.com\/ar\/product\/couplings\/' target='_self'>\r\n\t\t\t\t\t        <span class=\"iksm-term__text\">\u0627\u0644\u0627\u0642\u062a\u0631\u0627\u0646<\/span>\r\n\t\t                <\/a>\r\n\t\t\t\t            <\/div>\r\n\t\t\t        <\/div>\r\n\r\n\t\t\r\n        <div class=\"iksm-term iksm-term--id-1341 iksm-term--parent\" data-id=\"1341\">\r\n            <div class=\"iksm-term__inner\">\r\n                <a class=\"iksm-term__link\" href='https:\/\/waxparts.com\/ar\/product\/bearing-housings\/' target='_self'>\r\n\t\t\t\t\t        <span class=\"iksm-term__text\">\u0639\u0644\u0628 \u0627\u0644\u0645\u062d\u0627\u0645\u0644<\/span>\r\n\t\t                <\/a>\r\n\t\t\t\t            <\/div>\r\n\t\t\t        <\/div>\r\n\r\n\t\t\r\n        <div class=\"iksm-term iksm-term--id-1343 iksm-term--parent\" data-id=\"1343\">\r\n            <div class=\"iksm-term__inner\">\r\n                <a class=\"iksm-term__link\" href='https:\/\/waxparts.com\/ar\/product\/industrial-spare-parts\/' target='_self'>\r\n\t\t\t\t\t        <span class=\"iksm-term__text\">\u0642\u0637\u0639 \u0627\u0644\u063a\u064a\u0627\u0631 \u0627\u0644\u0635\u0646\u0627\u0639\u064a\u0629<\/span>\r\n\t\t                <\/a>\r\n\t\t\t\t            <\/div>\r\n\t\t\t        <\/div>\r\n\r\n\t\t\r\n        <div class=\"iksm-term iksm-term--id-1346 iksm-term--parent\" data-id=\"1346\">\r\n            <div class=\"iksm-term__inner\">\r\n                <a class=\"iksm-term__link\" href='https:\/\/waxparts.com\/ar\/product\/milling-materilals\/' target='_self'>\r\n\t\t\t\t\t        <span class=\"iksm-term__text\">\u0645\u0648\u0627\u062f \u0627\u0644\u0637\u062d\u0646<\/span>\r\n\t\t                <\/a>\r\n\t\t\t\t            <\/div>\r\n\t\t\t        <\/div>\r\n\r\n\t\t<\/div><\/div><\/div><div id=\"iksm_data_args\" class=\"data-args\"  data-collapse_children_terms='1' data-collapse_other_terms='1' data-collapse_animation_duration='400' data-expand_animation_duration='400'><\/div><\/div><\/aside><\/ul>\n\t\t<\/div>\n\t\t\t\t\t<\/div>\n\n\t\n\n\t<div id=\"col-1086459894\" class=\"col medium-5 small-12 large-5\"  >\n\t\t\t\t<div class=\"col-inner\"  >\n\t\t\t\n\t\t\t\n\t<div class=\"img has-hover x md-x lg-x y md-y lg-y\" id=\"image_547643441\">\n\t\t\t\t\t\t\t\t<div class=\"img-inner dark\" >\n\t\t\t<img loading=\"lazy\" decoding=\"async\" width=\"800\" height=\"800\" src=\"https:\/\/waxparts.com\/wp-content\/uploads\/2025\/08\/Pulleys.jpg\" class=\"attachment-large size-large\" alt=\"\" srcset=\"https:\/\/waxparts.com\/wp-content\/uploads\/2025\/08\/Pulleys.jpg 800w, https:\/\/waxparts.com\/wp-content\/uploads\/2025\/08\/Pulleys-400x400.jpg 400w, https:\/\/waxparts.com\/wp-content\/uploads\/2025\/08\/Pulleys-280x280.jpg 280w, https:\/\/waxparts.com\/wp-content\/uploads\/2025\/08\/Pulleys-768x768.jpg 768w, https:\/\/waxparts.com\/wp-content\/uploads\/2025\/08\/Pulleys-707x707.jpg 707w, https:\/\/waxparts.com\/wp-content\/uploads\/2025\/08\/Pulleys-500x500.jpg 500w, https:\/\/waxparts.com\/wp-content\/uploads\/2025\/08\/Pulleys-100x100.jpg 100w\" sizes=\"auto, (max-width: 800px) 100vw, 800px\" \/>\t\t\t\t\t\t\n\t\t\t\t\t<\/div>\n\t\t\t\t\t\t\t\t\n<style>\n#image_547643441 {\n  width: 100%;\n}\n<\/style>\n\t<\/div>\n\t\n\t\t<\/div>\n\t\t\t\t\t<\/div>\n\n\t\n\n\t<div id=\"col-1184575950\" class=\"col medium-4 small-12 large-4\"  >\n\t\t\t\t<div class=\"col-inner\"  >\n\t\t\t\n\t\t\t\n<div class=\"container section-title-container\" ><h2 class=\"section-title section-title-normal\"><b><\/b><span class=\"section-title-main\" style=\"color:rgb(242, 148, 0);\">\u0628\u0648\u0644\u0644\u064a\u0632<\/span><b><\/b><\/h2><\/div>\n<p data-start=\"271\" data-end=\"343\">De\u011firmen vals kasnaklar\u0131\u060c \u0623\u062d\u062f \u0623\u0643\u062b\u0631 \u0627\u0644\u0623\u0634\u062e\u0627\u0635 \u0627\u0644\u0630\u064a\u0646 \u064a\u0646\u062a\u0642\u062f\u0648\u0646 \u0627\u0646\u062a\u0642\u0627\u062f\u0627\u062a\u0647\u0645. The kasnaklar, vals makinelerinin verimli \u00e7al\u0131\u015fmas\u0131n\u0131 sa\u011flamak ve hareket iletmek amac\u0131yla \u00e7e\u015fitli Tiplerde \u00fcretilmektedir. De\u011firmen \u00fcretiminde kullan\u0131lan kasnaklar\u060c iki ana gruba ayr\u0131l\u0131r: Liso and K\u0131rma tak\u0131mlar\u0131. Bu gruplar\u060c telp do\u011frultusunda DPL ve 8M PK kay\u0131\u015f teplerine g\u00f6re \u00fcretilir ve her biri vals sistemaine uyum sa\u011flayacak \u015fekilde tasarlanm\u0131\u015ft\u0131r.<\/p>\n<a href=\"#\" class=\"button primary\"  >\n\t\t<span>\u062a\u062d\u0645\u064a\u0644 \u0645\u0644\u0641 PDF<\/span>\n\t<\/a>\n\n\t\t<\/div>\n\t\t\t\t\t<\/div>\n\n\t\n<\/div>\n<div class=\"container section-title-container\" ><h3 class=\"section-title section-title-normal\"><b><\/b><span class=\"section-title-main\" >\u0627\u0644\u0645\u0646\u062a\u062c\u0627\u062a \u0630\u0627\u062a \u0627\u0644\u0635\u0644\u0629<\/span><b><\/b><\/h3><\/div>\n\t\n  \n    <div class=\"row large-columns-5 medium-columns-3 small-columns-2 row-small has-shadow row-box-shadow-3 row-box-shadow-4-hover\" >\n  <\/div>\n<div class=\"row\"  id=\"row-490990729\">\n\n\t<div id=\"col-447057811\" class=\"col small-12 large-12\"  >\n\t\t\t\t<div class=\"col-inner\"  >\n\t\t\t\n\t\t\t\n<div class=\"text-center\"><div class=\"is-divider divider clearfix\" ><\/div><\/div>\n\t\t<\/div>\n\t\t\t\t\n<style>\n#col-447057811 > .col-inner {\n  padding: 0px 60px 0px 36px;\n}\n<\/style>\n\t<\/div>\n\n\t\n<\/div>","protected":false},"excerpt":{"rendered":"","protected":false},"author":1,"featured_media":1298,"parent":660,"menu_order":1,"comment_status":"closed","ping_status":"closed","template":"","meta":{"_acf_changed":false,"footnotes":""},"class_list":["post-1296","page","type-page","status-publish","has-post-thumbnail","hentry"],"acf":[],"_links":{"self":[{"href":"https:\/\/waxparts.com\/ar\/wp-json\/wp\/v2\/pages\/1296","targetHints":{"allow":["GET"]}}],"collection":[{"href":"https:\/\/waxparts.com\/ar\/wp-json\/wp\/v2\/pages"}],"about":[{"href":"https:\/\/waxparts.com\/ar\/wp-json\/wp\/v2\/types\/page"}],"author":[{"embeddable":true,"href":"https:\/\/waxparts.com\/ar\/wp-json\/wp\/v2\/users\/1"}],"replies":[{"embeddable":true,"href":"https:\/\/waxparts.com\/ar\/wp-json\/wp\/v2\/comments?post=1296"}],"version-history":[{"count":2,"href":"https:\/\/waxparts.com\/ar\/wp-json\/wp\/v2\/pages\/1296\/revisions"}],"predecessor-version":[{"id":1299,"href":"https:\/\/waxparts.com\/ar\/wp-json\/wp\/v2\/pages\/1296\/revisions\/1299"}],"up":[{"embeddable":true,"href":"https:\/\/waxparts.com\/ar\/wp-json\/wp\/v2\/pages\/660"}],"wp:featuredmedia":[{"embeddable":true,"href":"https:\/\/waxparts.com\/ar\/wp-json\/wp\/v2\/media\/1298"}],"wp:attachment":[{"href":"https:\/\/waxparts.com\/ar\/wp-json\/wp\/v2\/media?parent=1296"}],"curies":[{"name":"wp","href":"https:\/\/api.w.org\/{rel}","templated":true}]}}