{"id":800,"date":"2025-07-19T10:16:20","date_gmt":"2025-07-19T10:16:20","guid":{"rendered":"https:\/\/waxparts.com\/?page_id=800"},"modified":"2025-09-16T17:40:25","modified_gmt":"2025-09-16T17:40:25","slug":"catalog","status":"publish","type":"page","link":"https:\/\/waxparts.com\/es\/catalog\/","title":{"rendered":"Catalog"},"content":{"rendered":"<div class=\"banner has-hover has-video\" id=\"banner-652727107\">\n          <div class=\"banner-inner fill\">\n        <div class=\"banner-bg fill\" >\n                        \t<div class=\"video-overlay no-click fill hide-for-medium\"><\/div>\n\t<video class=\"video-bg fill hide-for-medium\" preload playsinline autoplay muted loop>\n\t\t<source src=\"https:\/\/waxparts.com\/wp-content\/uploads\/2025\/09\/slider2.mp4\" type=\"video\/mp4\">\t<\/video>\n            <div class=\"overlay\"><\/div>            \n                    <\/div>\n\t\t\n        <div class=\"banner-layers container\">\n            <div class=\"fill banner-link\"><\/div>            \n   <div id=\"text-box-248678963\" class=\"text-box banner-layer x5 md-x5 lg-x5 y75 md-y75 lg-y75 res-text\">\n                                <div class=\"text-box-content text dark\">\n              \n              <div class=\"text-inner text-center\">\n                  \n\t<div id=\"text-2448780250\" class=\"text\">\n\t\t\n<h3 class=\"lead\">Cat\u00e1logos<\/h3>\n<p class=\"lead\">Explore nuestros cat\u00e1logos de productos para descubrir componentes de perforaci\u00f3n de alto rendimiento, dise\u00f1ados para brindar confiabilidad en los entornos m\u00e1s dif\u00edciles del mundo.<\/p>\n\t\t\n<style>\n#text-2448780250 {\n  text-align: left;\n}\n<\/style>\n\t<\/div>\n\t\n              <\/div>\n           <\/div>\n                            \n<style>\n#text-box-248678963 {\n  width: 60%;\n}\n#text-box-248678963 .text-box-content {\n  font-size: 100%;\n}\n<\/style>\n    <\/div>\n \n        <\/div>\n      <\/div>\n\n            \n<style>\n#banner-652727107 {\n  padding-top: 271px;\n}\n#banner-652727107 .overlay {\n  background-color: rgba(1, 1, 1, 0.314);\n}\n<\/style>\n  <\/div>\n\n\n<div class=\"row\"  id=\"row-1979385532\">\n\n\t<div id=\"col-1259471237\" class=\"col small-12 large-12\"  >\n\t\t\t\t<div class=\"col-inner\"  >\n\t\t\t\n\t\t\t\n<div class=\"row\"  id=\"row-1725586376\">\n\n\t<div id=\"col-1100151006\" class=\"col medium-3 small-6 large-3\"  >\n\t\t\t\t<div class=\"col-inner\"  >\n\t\t\t\n\t\t\t\n\t<div class=\"img has-hover x md-x lg-x y md-y lg-y\" id=\"image_989012692\">\n\t\t<a class=\"\" href=\"https:\/\/waxparts.com\/wp-content\/uploads\/2025\/09\/Waxparts-Catalog.pdf\" target=\"_blank\" rel=\"noopener\" >\t\t\t\t\t\t<div class=\"img-inner dark\" >\n\t\t\t<img loading=\"lazy\" decoding=\"async\" width=\"614\" height=\"800\" src=\"https:\/\/waxparts.com\/wp-content\/uploads\/2025\/09\/katalog-icon-1-614x800.jpg\" class=\"attachment-large size-large\" alt=\"\" srcset=\"https:\/\/waxparts.com\/wp-content\/uploads\/2025\/09\/katalog-icon-1-614x800.jpg 614w, https:\/\/waxparts.com\/wp-content\/uploads\/2025\/09\/katalog-icon-1-307x400.jpg 307w, https:\/\/waxparts.com\/wp-content\/uploads\/2025\/09\/katalog-icon-1-9x12.jpg 9w, https:\/\/waxparts.com\/wp-content\/uploads\/2025\/09\/katalog-icon-1-500x651.jpg 500w, https:\/\/waxparts.com\/wp-content\/uploads\/2025\/09\/katalog-icon-1.jpg 622w\" sizes=\"auto, (max-width: 614px) 100vw, 614px\" \/>\t\t\t\t\t\t\n\t\t\t\t\t<\/div>\n\t\t\t\t\t\t<\/a>\t\t\n<style>\n#image_989012692 {\n  width: 100%;\n}\n<\/style>\n\t<\/div>\n\t\n<div class=\"container section-title-container\" ><h3 class=\"section-title section-title-bold\"><b><\/b><span class=\"section-title-main\" >TRANSMISI\u00d3N DE ENERG\u00cdA Y MATERIALES INDUSTRIALES<\/span><b><\/b><\/h3><\/div>\n\t\t<\/div>\n\t\t\t\t\t<\/div>\n\n\t\n\n\t<div id=\"col-1190797071\" class=\"col medium-3 small-6 large-3\"  >\n\t\t\t\t<div class=\"col-inner\"  >\n\t\t\t\n\t\t\t\n\t\t<\/div>\n\t\t\t\t\t<\/div>\n\n\t\n\n\t<div id=\"col-99524990\" class=\"col medium-3 small-6 large-3\"  >\n\t\t\t\t<div class=\"col-inner\"  >\n\t\t\t\n\t\t\t\n\t\t<\/div>\n\t\t\t\t\t<\/div>\n\n\t\n<\/div>\n<div class=\"text-center\"><div class=\"is-divider divider clearfix\" ><\/div><\/div>\n\t\t<\/div>\n\t\t\t\t\n<style>\n#col-1259471237 > .col-inner {\n  padding: 0px 60px 0px 36px;\n}\n<\/style>\n\t<\/div>\n\n\t\n<\/div>","protected":false},"excerpt":{"rendered":"","protected":false},"author":1,"featured_media":19,"parent":0,"menu_order":0,"comment_status":"closed","ping_status":"closed","template":"","meta":{"_acf_changed":false,"footnotes":""},"class_list":["post-800","page","type-page","status-publish","has-post-thumbnail","hentry"],"acf":[],"_links":{"self":[{"href":"https:\/\/waxparts.com\/es\/wp-json\/wp\/v2\/pages\/800","targetHints":{"allow":["GET"]}}],"collection":[{"href":"https:\/\/waxparts.com\/es\/wp-json\/wp\/v2\/pages"}],"about":[{"href":"https:\/\/waxparts.com\/es\/wp-json\/wp\/v2\/types\/page"}],"author":[{"embeddable":true,"href":"https:\/\/waxparts.com\/es\/wp-json\/wp\/v2\/users\/1"}],"replies":[{"embeddable":true,"href":"https:\/\/waxparts.com\/es\/wp-json\/wp\/v2\/comments?post=800"}],"version-history":[{"count":13,"href":"https:\/\/waxparts.com\/es\/wp-json\/wp\/v2\/pages\/800\/revisions"}],"predecessor-version":[{"id":1407,"href":"https:\/\/waxparts.com\/es\/wp-json\/wp\/v2\/pages\/800\/revisions\/1407"}],"wp:featuredmedia":[{"embeddable":true,"href":"https:\/\/waxparts.com\/es\/wp-json\/wp\/v2\/media\/19"}],"wp:attachment":[{"href":"https:\/\/waxparts.com\/es\/wp-json\/wp\/v2\/media?parent=800"}],"curies":[{"name":"wp","href":"https:\/\/api.w.org\/{rel}","templated":true}]}}