{"id":91,"date":"2013-08-11T19:22:53","date_gmt":"2013-08-11T19:22:53","guid":{"rendered":"http:\/\/localhost:8888\/test\/?page_id=532"},"modified":"2025-09-16T10:55:19","modified_gmt":"2025-09-16T10:55:19","slug":"contact","status":"publish","type":"page","link":"https:\/\/waxparts.com\/es\/contact\/","title":{"rendered":"P\u00f3ngase en contacto con"},"content":{"rendered":"<p><iframe src=\"https:\/\/www.google.com\/maps\/embed?pb=!1m18!1m12!1m3!1d201549.73743138817!2d32.34167267006129!3d37.87866263882887!2m3!1f0!2f0!3f0!3m2!1i1024!2i768!4f13.1!3m3!1m2!1s0x14d08568d615f745%3A0x240dd0fc08060967!2sKonya!5e0!3m2!1str!2str!4v1756416888228!5m2!1str!2str\" width=\"100%\" height=\"400\" style=\"border:0;\" allowfullscreen=\"\" loading=\"lazy\" referrerpolicy=\"no-referrer-when-downgrade\"><\/iframe><\/p>\n<div class=\"row row-collapse row-full-width\"  id=\"row-325688398\">\n\n\t<div id=\"col-61383523\" class=\"col small-12 large-12\"  >\n\t\t\t\t<div class=\"col-inner\"  >\n\t\t\t\n\t\t\t\n\t\t<\/div>\n\t\t\t\t\n<style>\n#col-61383523 > .col-inner {\n  padding: 0px 30px 0px 30px;\n}\n<\/style>\n\t<\/div>\n\n\t\n<\/div>\n<div class=\"row row-large\" style=\"max-width:1400px\" id=\"row-358211675\">\n\n\t<div id=\"col-1940261773\" class=\"col small-12 large-12\"  >\n\t\t\t\t<div class=\"col-inner\" style=\"background-color:rgb(255, 255, 255);\" >\n\t\t\t\n\t\t\t\n<div class=\"row row-collapse row-full-width\"  id=\"row-650781439\">\n\n\t<div id=\"col-572214366\" class=\"col medium-12 small-12 large-6\"  >\n\t\t\t\t<div class=\"col-inner\"  >\n\t\t\t\n\t\t\t\n<h2><span style=\"font-size: 120%;\">P\u00f3ngase en contacto con<\/span><\/h2>\n\t<div class=\"img has-hover x md-x lg-x y md-y lg-y\" id=\"image_271555350\">\n\t\t\t\t\t\t\t\t<div class=\"img-inner dark\" >\n\t\t\t<img loading=\"lazy\" decoding=\"async\" width=\"1000\" height=\"604\" src=\"https:\/\/waxparts.com\/wp-content\/uploads\/2025\/08\/iletisim.jpg\" class=\"attachment-large size-large\" alt=\"\" srcset=\"https:\/\/waxparts.com\/wp-content\/uploads\/2025\/08\/iletisim.jpg 1000w, https:\/\/waxparts.com\/wp-content\/uploads\/2025\/08\/iletisim-662x400.jpg 662w, https:\/\/waxparts.com\/wp-content\/uploads\/2025\/08\/iletisim-768x464.jpg 768w, https:\/\/waxparts.com\/wp-content\/uploads\/2025\/08\/iletisim-500x302.jpg 500w\" sizes=\"auto, (max-width: 1000px) 100vw, 1000px\" \/>\t\t\t\t\t\t\n\t\t\t\t\t<\/div>\n\t\t\t\t\t\t\t\t\n<style>\n#image_271555350 {\n  width: 100%;\n}\n<\/style>\n\t<\/div>\n\t\n<p>Si tiene preguntas sobre nuestros productos, necesita asistencia t\u00e9cnica o quiere hablar sobre oportunidades de negocio, nuestro equipo est\u00e1 aqu\u00ed para ayudarle. Cont\u00e1ctenos en cualquier momento y le responderemos lo antes posible.<\/p>\n<p>\u00a0<\/p>\n\t<div id=\"gap-1801459240\" class=\"gap-element clearfix\" style=\"display:block; height:auto;\">\n\t\t\n<style>\n#gap-1801459240 {\n  padding-top: 20px;\n}\n@media (min-width:550px) {\n  #gap-1801459240 {\n    padding-top: 20px;\n  }\n}\n@media (min-width:850px) {\n  #gap-1801459240 {\n    padding-top: 30px;\n  }\n}\n<\/style>\n\t<\/div>\n\t\n<div class=\"row\"  id=\"row-395676667\">\n\n\t<div id=\"col-1694194243\" class=\"col medium-6 small-12 large-6\"  >\n\t\t\t\t<div class=\"col-inner\"  >\n\t\t\t\n\t\t\t\n\t<div class=\"img has-hover x md-x lg-x y md-y lg-y\" id=\"image_2077114517\">\n\t\t\t\t\t\t\t\t<div class=\"img-inner dark\" >\n\t\t\t<img loading=\"lazy\" decoding=\"async\" width=\"240\" height=\"240\" src=\"https:\/\/waxparts.com\/wp-content\/uploads\/2025\/05\/map-pin-2-fill-2.png\" class=\"attachment-large size-large\" alt=\"\" srcset=\"https:\/\/waxparts.com\/wp-content\/uploads\/2025\/05\/map-pin-2-fill-2.png 240w, https:\/\/waxparts.com\/wp-content\/uploads\/2025\/05\/map-pin-2-fill-2-100x100.png 100w\" sizes=\"auto, (max-width: 240px) 100vw, 240px\" \/>\t\t\t\t\t\t\n\t\t\t\t\t<\/div>\n\t\t\t\t\t\t\t\t\n<style>\n#image_2077114517 {\n  width: 15%;\n}\n@media (min-width:550px) {\n  #image_2077114517 {\n    width: 20%;\n  }\n}\n<\/style>\n\t<\/div>\n\t\n<h3 class=\"uppercase\">DIRECCI\u00d3N DE LA F\u00c1BRICA<\/h3>\n<p>Buyuk Kayacik Mahallesi KOSB Kuddusi Caddesi<br \/>No:13 Sel\u00e7uklu \u2013 Konya \u2013 Turqu\u00eda<\/p>\n<p>\u00a0<\/p>\n<p>\u00a0<\/p>\n\t\t<\/div>\n\t\t\t\t\t<\/div>\n\n\t\n\n\t<div id=\"col-1054541100\" class=\"col medium-5 small-12 large-6\"  >\n\t\t\t\t<div class=\"col-inner\"  >\n\t\t\t\n\t\t\t\n\t<div class=\"img has-hover x md-x lg-x y md-y lg-y\" id=\"image_624888946\">\n\t\t\t\t\t\t\t\t<div class=\"img-inner dark\" >\n\t\t\t<img loading=\"lazy\" decoding=\"async\" width=\"240\" height=\"240\" src=\"https:\/\/waxparts.com\/wp-content\/uploads\/2025\/05\/map-pin-2-fill-2.png\" class=\"attachment-large size-large\" alt=\"\" srcset=\"https:\/\/waxparts.com\/wp-content\/uploads\/2025\/05\/map-pin-2-fill-2.png 240w, https:\/\/waxparts.com\/wp-content\/uploads\/2025\/05\/map-pin-2-fill-2-100x100.png 100w\" sizes=\"auto, (max-width: 240px) 100vw, 240px\" \/>\t\t\t\t\t\t\n\t\t\t\t\t<\/div>\n\t\t\t\t\t\t\t\t\n<style>\n#image_624888946 {\n  width: 15%;\n}\n@media (min-width:550px) {\n  #image_624888946 {\n    width: 20%;\n  }\n}\n<\/style>\n\t<\/div>\n\t\n<h3 class=\"uppercase\">DIRECCI\u00d3N DE LA OFICINA<\/h3>\n<p>Yaz\u0131r Mahallesi Sult\u00e1n Cad. No: 34\/404 Sel\u00e7uklu KONYA T\u00dcRK\u0130YE<\/p>\n<p>\u00a0<\/p>\n\t\t<\/div>\n\t\t\t\t\t<\/div>\n\n\t\n<\/div>\n<div class=\"row\"  id=\"row-1275639289\">\n\n\t<div id=\"col-1100603704\" class=\"col medium-6 small-12 large-6\"  >\n\t\t\t\t<div class=\"col-inner\"  >\n\t\t\t\n\t\t\t\n\t<div class=\"img has-hover x md-x lg-x y md-y lg-y\" id=\"image_116472962\">\n\t\t\t\t\t\t\t\t<div class=\"img-inner dark\" >\n\t\t\t<img loading=\"lazy\" decoding=\"async\" width=\"240\" height=\"240\" src=\"https:\/\/waxparts.com\/wp-content\/uploads\/2025\/05\/mail-open-fill.png\" class=\"attachment-large size-large\" alt=\"\" srcset=\"https:\/\/waxparts.com\/wp-content\/uploads\/2025\/05\/mail-open-fill.png 240w, https:\/\/waxparts.com\/wp-content\/uploads\/2025\/05\/mail-open-fill-100x100.png 100w\" sizes=\"auto, (max-width: 240px) 100vw, 240px\" \/>\t\t\t\t\t\t\n\t\t\t\t\t<\/div>\n\t\t\t\t\t\t\t\t\n<style>\n#image_116472962 {\n  width: 15%;\n}\n@media (min-width:550px) {\n  #image_116472962 {\n    width: 20%;\n  }\n}\n<\/style>\n\t<\/div>\n\t\n<h3 class=\"uppercase\">Correo electr\u00f3nico<\/h3>\n<p>info@waxparts.com<br \/>www.waxparts.com<\/p>\n\t\t<\/div>\n\t\t\t\t\t<\/div>\n\n\t\n\n\t<div id=\"col-537607839\" class=\"col medium-6 small-12 large-6\"  >\n\t\t\t\t<div class=\"col-inner\"  >\n\t\t\t\n\t\t\t\n\t<div class=\"img has-hover x md-x lg-x y md-y lg-y\" id=\"image_1700750920\">\n\t\t\t\t\t\t\t\t<div class=\"img-inner dark\" >\n\t\t\t<img loading=\"lazy\" decoding=\"async\" width=\"240\" height=\"240\" src=\"https:\/\/waxparts.com\/wp-content\/uploads\/2025\/05\/phone-fill.png\" class=\"attachment-large size-large\" alt=\"\" srcset=\"https:\/\/waxparts.com\/wp-content\/uploads\/2025\/05\/phone-fill.png 240w, https:\/\/waxparts.com\/wp-content\/uploads\/2025\/05\/phone-fill-100x100.png 100w\" sizes=\"auto, (max-width: 240px) 100vw, 240px\" \/>\t\t\t\t\t\t\n\t\t\t\t\t<\/div>\n\t\t\t\t\t\t\t\t\n<style>\n#image_1700750920 {\n  width: 15%;\n}\n@media (min-width:550px) {\n  #image_1700750920 {\n    width: 20%;\n  }\n}\n<\/style>\n\t<\/div>\n\t\n<h3 class=\"uppercase\">Tel\u00e9fono<\/h3>\n<a class=\"site-phone\" href=\"tel:+905393020729\" dir=\"ltr\">+90 539 302 07 29<\/a>\n\t\t<\/div>\n\t\t\t\t\t<\/div>\n\n\t\n<\/div>\n\t\t<\/div>\n\t\t\t\t\n<style>\n#col-572214366 > .col-inner {\n  padding: 0px 0px 0px 20px;\n}\n<\/style>\n\t<\/div>\n\n\t\n\n\t<div id=\"col-1360161440\" class=\"col medium-12 small-12 large-6\"  >\n\t\t\t\t<div class=\"col-inner\"  >\n\t\t\t\n\t\t\t\n<h2><span style=\"font-size: 120%;\">Formulario de mensaje<\/span><\/h2>\n<p>\n\t<div id=\"gap-287426999\" class=\"gap-element clearfix\" style=\"display:block; height:auto;\">\n\t\t\n<style>\n#gap-287426999 {\n  padding-top: 20px;\n}\n@media (min-width:550px) {\n  #gap-287426999 {\n    padding-top: 20px;\n  }\n}\n@media (min-width:850px) {\n  #gap-287426999 {\n    padding-top: 30px;\n  }\n}\n<\/style>\n\t<\/div>\n\t\n\n<div class=\"wpcf7 no-js\" id=\"wpcf7-f15-o1\" lang=\"en-US\" dir=\"ltr\" data-wpcf7-id=\"15\">\n<div class=\"screen-reader-response\"><p role=\"status\" aria-live=\"polite\" aria-atomic=\"true\"><\/p> <ul><\/ul><\/div>\n<form action=\"\/es\/wp-json\/wp\/v2\/pages\/91#wpcf7-f15-o1\" method=\"post\" class=\"wpcf7-form init\" aria-label=\"Contact form\" novalidate=\"novalidate\" data-status=\"init\" data-trp-original-action=\"\/es\/wp-json\/wp\/v2\/pages\/91#wpcf7-f15-o1\">\n<fieldset class=\"hidden-fields-container\"><input type=\"hidden\" name=\"_wpcf7\" value=\"15\" \/><input type=\"hidden\" name=\"_wpcf7_version\" value=\"6.1\" \/><input type=\"hidden\" name=\"_wpcf7_locale\" value=\"en_US\" \/><input type=\"hidden\" name=\"_wpcf7_unit_tag\" value=\"wpcf7-f15-o1\" \/><input type=\"hidden\" name=\"_wpcf7_container_post\" value=\"0\" \/><input type=\"hidden\" name=\"_wpcf7_posted_data_hash\" value=\"\" \/>\n<\/fieldset>\n<div class=\"form-flat\">\n\t<p><span class=\"wpcf7-form-control-wrap\" data-name=\"your-name\"><input size=\"40\" maxlength=\"400\" class=\"wpcf7-form-control wpcf7-text wpcf7-validates-as-required\" aria-required=\"true\" aria-invalid=\"false\" placeholder=\"Tu nombre (requerido)\" value=\"\" type=\"text\" name=\"your-name\" \/><\/span>\n\t<\/p>\n\t<p><span class=\"wpcf7-form-control-wrap\" data-name=\"your-email\"><input size=\"40\" maxlength=\"400\" class=\"wpcf7-form-control wpcf7-email wpcf7-validates-as-required wpcf7-text wpcf7-validates-as-email\" aria-required=\"true\" aria-invalid=\"false\" placeholder=\"Su correo electr\u00f3nico (obligatorio)\" value=\"\" type=\"email\" name=\"your-email\" \/><\/span>\n\t<\/p>\n\t<p><span class=\"wpcf7-form-control-wrap\" data-name=\"your-message\"><textarea cols=\"40\" rows=\"10\" maxlength=\"2000\" class=\"wpcf7-form-control wpcf7-textarea\" aria-invalid=\"false\" placeholder=\"Su mensaje (requerido)\" name=\"your-message\"><\/textarea><\/span>\n\t<\/p>\n\t<p><input class=\"wpcf7-form-control wpcf7-submit has-spinner button\" type=\"submit\" value=\"Entregar\" \/>\n\t<\/p>\n<\/div><div class=\"wpcf7-response-output\" aria-hidden=\"true\"><\/div>\n<input type=\"hidden\" name=\"trp-form-language\" value=\"es\"\/><\/form>\n<\/div>\n\n\t\t<\/div>\n\t\t\t\t\t<\/div>\n\n\t\n\n<style>\n#row-650781439 > .col > .col-inner {\n  padding: 0px 15px 0px 15px;\n}\n<\/style>\n<\/div>\n\t\t<\/div>\n\t\t\t\t\n<style>\n#col-1940261773 > .col-inner {\n  padding: 50px 20px 0px 20px;\n  margin: -0 0px 0px 0px;\n}\n@media (min-width:550px) {\n  #col-1940261773 > .col-inner {\n    padding: 50px 20px 30px 20px;\n    margin: 0 0px 0px 0px;\n  }\n}\n@media (min-width:850px) {\n  #col-1940261773 > .col-inner {\n    padding: 66px 5% 16px 5%;\n    margin: -135px 0px 0px 0px;\n  }\n}\n<\/style>\n\t<\/div>\n\n\t\n<\/div>\n<div class=\"row row-collapse row-full-width\"  id=\"row-246475911\">\n\n\t<div id=\"col-1497528601\" class=\"col small-12 large-12\"  >\n\t\t\t\t<div class=\"col-inner\"  >\n\t\t\t\n\t\t\t\n\t\t<\/div>\n\t\t\t\t\n<style>\n#col-1497528601 > .col-inner {\n  padding: 0px 30px 0px 30px;\n}\n<\/style>\n\t<\/div>\n\n\t\n<\/div>","protected":false},"excerpt":{"rendered":"","protected":false},"author":1,"featured_media":19,"parent":0,"menu_order":0,"comment_status":"closed","ping_status":"closed","template":"page-blank.php","meta":{"_acf_changed":false,"footnotes":""},"class_list":["post-91","page","type-page","status-publish","has-post-thumbnail","hentry"],"acf":[],"_links":{"self":[{"href":"https:\/\/waxparts.com\/es\/wp-json\/wp\/v2\/pages\/91","targetHints":{"allow":["GET"]}}],"collection":[{"href":"https:\/\/waxparts.com\/es\/wp-json\/wp\/v2\/pages"}],"about":[{"href":"https:\/\/waxparts.com\/es\/wp-json\/wp\/v2\/types\/page"}],"author":[{"embeddable":true,"href":"https:\/\/waxparts.com\/es\/wp-json\/wp\/v2\/users\/1"}],"replies":[{"embeddable":true,"href":"https:\/\/waxparts.com\/es\/wp-json\/wp\/v2\/comments?post=91"}],"version-history":[{"count":26,"href":"https:\/\/waxparts.com\/es\/wp-json\/wp\/v2\/pages\/91\/revisions"}],"predecessor-version":[{"id":1406,"href":"https:\/\/waxparts.com\/es\/wp-json\/wp\/v2\/pages\/91\/revisions\/1406"}],"wp:featuredmedia":[{"embeddable":true,"href":"https:\/\/waxparts.com\/es\/wp-json\/wp\/v2\/media\/19"}],"wp:attachment":[{"href":"https:\/\/waxparts.com\/es\/wp-json\/wp\/v2\/media?parent=91"}],"curies":[{"name":"wp","href":"https:\/\/api.w.org\/{rel}","templated":true}]}}