{"id":93,"date":"2013-08-11T19:06:15","date_gmt":"2013-08-11T19:06:15","guid":{"rendered":"http:\/\/localhost:8888\/test\/?page_id=520"},"modified":"2025-09-05T09:49:15","modified_gmt":"2025-09-05T09:49:15","slug":"company","status":"publish","type":"page","link":"https:\/\/waxparts.com\/es\/company\/","title":{"rendered":"Empresa"},"content":{"rendered":"<div class=\"banner has-hover has-video\" id=\"banner-166502981\">\n          <div class=\"banner-inner fill\">\n        <div class=\"banner-bg fill\" >\n                        \t<div class=\"video-overlay no-click fill hide-for-medium\"><\/div>\n\t<video class=\"video-bg fill hide-for-medium\" preload playsinline autoplay muted loop>\n\t\t<source src=\"https:\/\/waxparts.com\/wp-content\/uploads\/2025\/09\/slider2.mp4\" type=\"video\/mp4\">\t<\/video>\n            <div class=\"overlay\"><\/div>            \n                    <\/div>\n\t\t\n        <div class=\"banner-layers container\">\n            <div class=\"fill banner-link\"><\/div>            \n   <div id=\"text-box-2087304107\" class=\"text-box banner-layer x5 md-x5 lg-x5 y75 md-y75 lg-y75 res-text\">\n                                <div class=\"text-box-content text dark\">\n              \n              <div class=\"text-inner text-center\">\n                  \n\t<div id=\"text-4156263773\" class=\"text\">\n\t\t\n<h3 class=\"lead\">SOBRE NOSOTROS<\/h3>\n<p class=\"lead\"><span style=\"color: #ffffff;\">WAXPARTS se cre\u00f3 para ofrecer soluciones fiables en el sector de los sistemas de transmisi\u00f3n de potencia y piezas de recambio.<\/span><\/p>\n\t\t\n<style>\n#text-4156263773 {\n  text-align: left;\n}\n<\/style>\n\t<\/div>\n\t\n              <\/div>\n           <\/div>\n                            \n<style>\n#text-box-2087304107 {\n  width: 60%;\n}\n#text-box-2087304107 .text-box-content {\n  font-size: 100%;\n}\n<\/style>\n    <\/div>\n \n        <\/div>\n      <\/div>\n\n            \n<style>\n#banner-166502981 {\n  padding-top: 251px;\n}\n#banner-166502981 .overlay {\n  background-color: rgba(1, 1, 1, 0.314);\n}\n<\/style>\n  <\/div>\n\n\n<div class=\"row\"  id=\"row-570011946\">\n\n\t<div id=\"col-1890191535\" class=\"col small-12 large-12\"  >\n\t\t\t\t<div class=\"col-inner\"  >\n\t\t\t\n\t\t\t\n\t<div id=\"text-1975590207\" class=\"text\">\n\t\t\n<div><span style=\"color: #282828;\">WAXPARTS se fund\u00f3 para ofrecer soluciones fiables en el sector de sistemas de transmisi\u00f3n de potencia y repuestos. Satisfacemos las necesidades industriales con nuestra amplia gama de productos, desde poleas hasta correas, y desde carcasas de rodamientos hasta acoplamientos.<\/span><\/div>\n<div>\u00a0<\/div>\n<div><span style=\"color: #282828;\">Priorizando la calidad y la satisfacci\u00f3n del cliente, implementamos meticulosos procesos de control de calidad en cada etapa. Nuestros productos est\u00e1n dise\u00f1ados para garantizar durabilidad, rendimiento y un uso prolongado.<\/span><\/div>\n<div>\u00a0<\/div>\n<div><span style=\"color: #282828;\">Hoy en d\u00eda, WAXPARTS colabora con marcas l\u00edderes del sector y exporta sus productos a m\u00e1s de 40 pa\u00edses. Nuestro objetivo es ofrecer soluciones competitivas a nivel mundial y contribuir a que nuestros clientes puedan operar sus negocios sin interrupciones.<\/span><\/div>\n<div>\u00a0<\/div>\n<div><span style=\"color: #282828;\">Nuestra visi\u00f3n: Ser una marca global innovadora y confiable en sistemas de transmisi\u00f3n de energ\u00eda.<\/span><\/div>\n<div><span style=\"color: #282828;\">Nuestra misi\u00f3n: Proporcionar a la industria soluciones r\u00e1pidas, de alta calidad y valor sostenible.<\/span><\/div>\n<div>\u00a0<\/div>\n\t\t\n<style>\n#text-1975590207 {\n  font-size: 1.3rem;\n  line-height: 1.3;\n}\n<\/style>\n\t<\/div>\n\t\n<div class=\"text-center\"><div class=\"is-divider divider clearfix\" ><\/div><\/div>\n\t\t<\/div>\n\t\t\t\t\n<style>\n#col-1890191535 > .col-inner {\n  padding: 0px 60px 0px 36px;\n}\n<\/style>\n\t<\/div>\n\n\t\n<\/div>","protected":false},"excerpt":{"rendered":"","protected":false},"author":1,"featured_media":19,"parent":0,"menu_order":0,"comment_status":"closed","ping_status":"closed","template":"","meta":{"_acf_changed":false,"footnotes":""},"class_list":["post-93","page","type-page","status-publish","has-post-thumbnail","hentry"],"acf":[],"_links":{"self":[{"href":"https:\/\/waxparts.com\/es\/wp-json\/wp\/v2\/pages\/93","targetHints":{"allow":["GET"]}}],"collection":[{"href":"https:\/\/waxparts.com\/es\/wp-json\/wp\/v2\/pages"}],"about":[{"href":"https:\/\/waxparts.com\/es\/wp-json\/wp\/v2\/types\/page"}],"author":[{"embeddable":true,"href":"https:\/\/waxparts.com\/es\/wp-json\/wp\/v2\/users\/1"}],"replies":[{"embeddable":true,"href":"https:\/\/waxparts.com\/es\/wp-json\/wp\/v2\/comments?post=93"}],"version-history":[{"count":32,"href":"https:\/\/waxparts.com\/es\/wp-json\/wp\/v2\/pages\/93\/revisions"}],"predecessor-version":[{"id":1354,"href":"https:\/\/waxparts.com\/es\/wp-json\/wp\/v2\/pages\/93\/revisions\/1354"}],"wp:featuredmedia":[{"embeddable":true,"href":"https:\/\/waxparts.com\/es\/wp-json\/wp\/v2\/media\/19"}],"wp:attachment":[{"href":"https:\/\/waxparts.com\/es\/wp-json\/wp\/v2\/media?parent=93"}],"curies":[{"name":"wp","href":"https:\/\/api.w.org\/{rel}","templated":true}]}}