{"id":1235,"date":"2025-08-25T22:24:27","date_gmt":"2025-08-25T22:24:27","guid":{"rendered":"https:\/\/waxparts.com\/product\/pipe-plug-fluid-chamber-1109973-2\/"},"modified":"2025-09-07T19:11:48","modified_gmt":"2025-09-07T19:11:48","slug":"mill-roll-pulleys","status":"publish","type":"product","link":"https:\/\/waxparts.com\/es\/producto\/mill-roll-pulleys\/","title":{"rendered":"POLEAS DE MOLINO"},"content":{"rendered":"","protected":false},"excerpt":{"rendered":"<h2 data-start=\"88\" data-end=\"112\">Poleas de rodillos de molino<\/h2>\n<p data-start=\"114\" data-end=\"600\"><strong data-start=\"114\" data-end=\"137\">Poleas de rodillos de molino<\/strong> Se encuentran entre los componentes m\u00e1s cr\u00edticos de los molinos harineros. Dise\u00f1adas para garantizar el funcionamiento eficiente de los rodillos y transmitir potencia, estas poleas se fabrican en diferentes tipos y dimensiones para adaptarse a los requisitos del sistema. Generalmente se clasifican en dos grupos: <strong data-start=\"418\" data-end=\"435\">Suave (Liso)<\/strong> y <strong data-start=\"440\" data-end=\"468\">Poleas de rotura (K\u0131rma)<\/strong>Ambos grupos se fabrican seg\u00fan <strong data-start=\"512\" data-end=\"519\">DPL<\/strong> y <strong data-start=\"524\" data-end=\"533\">Paquete de 8 millones<\/strong> tipos de correas, garantizando una compatibilidad completa con los sistemas de rodillos.<\/p>\n<h3 data-start=\"602\" data-end=\"629\">Poleas lisas<\/h3>\n<ul data-start=\"630\" data-end=\"874\">\n<li data-start=\"630\" data-end=\"722\">\n<p data-start=\"632\" data-end=\"722\"><strong data-start=\"632\" data-end=\"645\">Funci\u00f3n:<\/strong> Garantizan una trituraci\u00f3n uniforme del material y se utilizan principalmente para la molienda fina.<\/p>\n<\/li>\n<li data-start=\"723\" data-end=\"805\">\n<p data-start=\"725\" data-end=\"805\"><strong data-start=\"725\" data-end=\"742\">Aplicaciones:<\/strong> Molinos de harina, plantas de s\u00e9mola y otras industrias de molienda.<\/p>\n<\/li>\n<li data-start=\"806\" data-end=\"874\">\n<p data-start=\"808\" data-end=\"874\"><strong data-start=\"808\" data-end=\"821\">Caracter\u00edsticas:<\/strong> Fabricado para adaptarse a los tipos de correa DPL y 8M PK.<\/p>\n<\/li>\n<\/ul>\n<h3 data-start=\"876\" data-end=\"898\">Rompiendo poleas<\/h3>\n<ul data-start=\"899\" data-end=\"1171\">\n<li data-start=\"899\" data-end=\"1000\">\n<p data-start=\"901\" data-end=\"1000\"><strong data-start=\"901\" data-end=\"914\">Funci\u00f3n:<\/strong> Se utiliza para triturar materiales duros y gruesos, ideal para la primera etapa de molienda.<\/p>\n<\/li>\n<li data-start=\"1001\" data-end=\"1085\">\n<p data-start=\"1003\" data-end=\"1085\"><strong data-start=\"1003\" data-end=\"1020\">Aplicaciones:<\/strong> Productos agr\u00edcolas, miner\u00eda y diversos sectores industriales.<\/p>\n<\/li>\n<li data-start=\"1086\" data-end=\"1171\">\n<p data-start=\"1088\" data-end=\"1171\"><strong data-start=\"1088\" data-end=\"1101\">Caracter\u00edsticas:<\/strong> Construido con alta resistencia, tambi\u00e9n compatible con cinturones DPL y 8M PK.<\/p>\n<\/li>\n<\/ul>\n<hr data-start=\"1173\" data-end=\"1176\" \/>\n<h2 data-start=\"1178\" data-end=\"1203\">Tipos de poleas por correa<\/h2>\n<h3 data-start=\"1205\" data-end=\"1224\">Tipo de cintur\u00f3n DPL<\/h3>\n<ul data-start=\"1225\" data-end=\"1481\">\n<li data-start=\"1225\" data-end=\"1320\">\n<p data-start=\"1227\" data-end=\"1320\"><strong data-start=\"1227\" data-end=\"1240\">Caracter\u00edsticas:<\/strong> Ofrece alta flexibilidad y durabilidad, adecuado para aplicaciones de carga ligera.<\/p>\n<\/li>\n<li data-start=\"1321\" data-end=\"1417\">\n<p data-start=\"1323\" data-end=\"1417\"><strong data-start=\"1323\" data-end=\"1340\">Tama\u00f1os de ranura:<\/strong> Fabricado en 22 y 26 ranuras, disponible en diferentes di\u00e1metros y tama\u00f1os.<\/p>\n<\/li>\n<li data-start=\"1418\" data-end=\"1481\">\n<p data-start=\"1420\" data-end=\"1481\"><strong data-start=\"1420\" data-end=\"1436\">Solicitud:<\/strong> Se utiliza com\u00fanmente en molinos de harina y s\u00e9mola.<\/p>\n<\/li>\n<\/ul>\n<h3 data-start=\"1483\" data-end=\"1504\">Tipo de cintur\u00f3n PK 8M<\/h3>\n<ul data-start=\"1505\" data-end=\"1766\">\n<li data-start=\"1505\" data-end=\"1602\">\n<p data-start=\"1507\" data-end=\"1602\"><strong data-start=\"1507\" data-end=\"1520\">Caracter\u00edsticas:<\/strong> Conocido por su gran capacidad de carga y resistencia, ideal para uso industrial exigente.<\/p>\n<\/li>\n<li data-start=\"1603\" data-end=\"1689\">\n<p data-start=\"1605\" data-end=\"1689\"><strong data-start=\"1605\" data-end=\"1622\">Tama\u00f1os de ranura:<\/strong> Producido en opciones de 28 PK y 36 PK, disponible en varios tama\u00f1os.<\/p>\n<\/li>\n<li data-start=\"1690\" data-end=\"1766\">\n<p data-start=\"1692\" data-end=\"1766\"><strong data-start=\"1692\" data-end=\"1708\">Solicitud:<\/strong> Ampliamente utilizado en agricultura, miner\u00eda e industria pesada.<\/p>\n<\/li>\n<\/ul>\n<hr data-start=\"1768\" data-end=\"1771\" \/>\n<h2 data-start=\"1773\" data-end=\"1813\">Tipos de poleas y caracter\u00edsticas t\u00e9cnicas<\/h2>\n<ol data-start=\"1815\" data-end=\"2221\">\n<li data-start=\"1815\" data-end=\"2030\">\n<p data-start=\"1818\" data-end=\"1835\"><strong data-start=\"1818\" data-end=\"1833\">Por material<\/strong><\/p>\n<ul data-start=\"1839\" data-end=\"2030\">\n<li data-start=\"1839\" data-end=\"1895\">\n<p data-start=\"1841\" data-end=\"1895\"><strong data-start=\"1841\" data-end=\"1851\">Acero:<\/strong> Proporciona alta durabilidad para cargas pesadas.<\/p>\n<\/li>\n<li data-start=\"1899\" data-end=\"1953\">\n<p data-start=\"1901\" data-end=\"1953\"><strong data-start=\"1901\" data-end=\"1915\">Hierro fundido:<\/strong> Fuerte y econ\u00f3mico, pero m\u00e1s pesado.<\/p>\n<\/li>\n<li data-start=\"1957\" data-end=\"2030\">\n<p data-start=\"1959\" data-end=\"2030\"><strong data-start=\"1959\" data-end=\"1972\">Aluminio:<\/strong> Ligero, resistente a la corrosi\u00f3n y energ\u00e9ticamente eficiente.<\/p>\n<\/li>\n<\/ul>\n<\/li>\n<li data-start=\"2032\" data-end=\"2221\">\n<p data-start=\"2035\" data-end=\"2065\"><strong data-start=\"2035\" data-end=\"2063\">Relaci\u00f3n de di\u00e1metro y velocidad<\/strong><\/p>\n<ul data-start=\"2069\" data-end=\"2221\">\n<li data-start=\"2069\" data-end=\"2155\">\n<p data-start=\"2071\" data-end=\"2155\"><strong data-start=\"2071\" data-end=\"2094\">Efecto del di\u00e1metro:<\/strong> Los di\u00e1metros mayores generan un movimiento m\u00e1s lento pero m\u00e1s potente.<\/p>\n<\/li>\n<li data-start=\"2159\" data-end=\"2221\">\n<p data-start=\"2161\" data-end=\"2221\"><strong data-start=\"2161\" data-end=\"2177\">Relaci\u00f3n de velocidad:<\/strong> Las proporciones correctas optimizan el rendimiento del molino.<\/p>\n<\/li>\n<\/ul>\n<\/li>\n<\/ol>\n<hr data-start=\"2223\" data-end=\"2226\" \/>\n<h2 data-start=\"2228\" data-end=\"2266\">Mantenimiento y larga vida \u00fatil<\/h2>\n<ul data-start=\"2268\" data-end=\"2547\">\n<li data-start=\"2268\" data-end=\"2361\">\n<p data-start=\"2270\" data-end=\"2361\"><strong data-start=\"2270\" data-end=\"2294\">Lubricaci\u00f3n regular:<\/strong> Reduce la fricci\u00f3n y evita el desgaste de cojinetes y piezas m\u00f3viles.<\/p>\n<\/li>\n<li data-start=\"2362\" data-end=\"2453\">\n<p data-start=\"2364\" data-end=\"2453\"><strong data-start=\"2364\" data-end=\"2378\">Equilibrio:<\/strong> Garantiza un funcionamiento estable, minimiza la vibraci\u00f3n y extiende la vida \u00fatil.<\/p>\n<\/li>\n<li data-start=\"2454\" data-end=\"2547\">\n<p data-start=\"2456\" data-end=\"2547\"><strong data-start=\"2456\" data-end=\"2474\">Se\u00f1ales de falla:<\/strong> El ruido o la vibraci\u00f3n excesivos pueden indicar un desequilibrio o problemas en los cojinetes.<\/p>\n<\/li>\n<\/ul>\n<hr data-start=\"2549\" data-end=\"2552\" \/>\n<h2 data-start=\"2554\" data-end=\"2592\">Estrategias para mejorar el rendimiento<\/h2>\n<ol data-start=\"2594\" data-end=\"2885\">\n<li data-start=\"2594\" data-end=\"2712\">\n<p data-start=\"2597\" data-end=\"2712\"><strong data-start=\"2597\" data-end=\"2625\">Selecci\u00f3n adecuada de la polea:<\/strong> La elecci\u00f3n de la polea adecuada para el sistema mejora la eficiencia y la capacidad de producci\u00f3n.<\/p>\n<\/li>\n<li data-start=\"2713\" data-end=\"2791\">\n<p data-start=\"2716\" data-end=\"2791\"><strong data-start=\"2716\" data-end=\"2738\">Eficiencia energ\u00e9tica:<\/strong> Las poleas ligeras ayudan a reducir el consumo de energ\u00eda.<\/p>\n<\/li>\n<li data-start=\"2792\" data-end=\"2885\">\n<p data-start=\"2795\" data-end=\"2885\"><strong data-start=\"2795\" data-end=\"2819\">Tecnolog\u00eda avanzada:<\/strong> Los dise\u00f1os y materiales modernos mejoran significativamente el rendimiento.<\/p>\n<\/li>\n<\/ol>\n<hr data-start=\"2887\" data-end=\"2890\" \/>\n<h2 data-start=\"2892\" data-end=\"2927\">Producci\u00f3n y control de calidad<\/h2>\n<p data-start=\"2929\" data-end=\"3154\">Todas nuestras poleas para rodillos de molino se fabrican con alta precisi\u00f3n, est\u00e1n balanceadas din\u00e1micamente y recubiertas de fosfato de manganeso para garantizar su durabilidad y larga vida \u00fatil. Esto garantiza un rendimiento confiable en las operaciones de molienda.<\/p>\n<hr data-start=\"3156\" data-end=\"3159\" \/>\n<h2 data-start=\"3161\" data-end=\"3192\">Preguntas frecuentes<\/h2>\n<ol data-start=\"3194\" data-end=\"3966\">\n<li data-start=\"3194\" data-end=\"3366\">\n<p data-start=\"3197\" data-end=\"3366\"><strong data-start=\"3197\" data-end=\"3237\">\u00bfPor qu\u00e9 son tan importantes las poleas de rodillos?<\/strong><br data-start=\"3237\" data-end=\"3240\" \/>Son el \u201ccoraz\u00f3n\u201d de la fresadora, transfiriendo potencia de manera eficiente y reduciendo costos al minimizar la p\u00e9rdida de energ\u00eda.<\/p>\n<\/li>\n<li data-start=\"3368\" data-end=\"3516\">\n<p data-start=\"3371\" data-end=\"3516\"><strong data-start=\"3371\" data-end=\"3416\">\u00bfC\u00f3mo contribuyen al ahorro energ\u00e9tico?<\/strong><br data-start=\"3416\" data-end=\"3419\" \/>Minimizan la p\u00e9rdida de potencia, permitiendo la misma producci\u00f3n con un menor consumo de energ\u00eda.<\/p>\n<\/li>\n<li data-start=\"3518\" data-end=\"3644\">\n<p data-start=\"3521\" data-end=\"3644\"><strong data-start=\"3521\" data-end=\"3559\">\u00bfPor qu\u00e9 es importante una larga vida \u00fatil?<\/strong><br data-start=\"3559\" data-end=\"3562\" \/>Las poleas duraderas reducen los costos de mantenimiento y garantizan una producci\u00f3n ininterrumpida.<\/p>\n<\/li>\n<li data-start=\"3646\" data-end=\"3785\">\n<p data-start=\"3649\" data-end=\"3785\"><strong data-start=\"3649\" data-end=\"3686\">\u00bfQu\u00e9 mantenimiento requieren?<\/strong><br data-start=\"3686\" data-end=\"3689\" \/>La limpieza peri\u00f3dica, la lubricaci\u00f3n y el control de los signos de desgaste los mantienen en \u00f3ptimas condiciones.<\/p>\n<\/li>\n<li data-start=\"3787\" data-end=\"3966\">\n<p data-start=\"3790\" data-end=\"3966\"><strong data-start=\"3790\" data-end=\"3833\">\u00bfC\u00f3mo se puede mejorar el rendimiento de la polea?<\/strong><br data-start=\"3833\" data-end=\"3836\" \/>El uso de materiales de alta calidad, la realizaci\u00f3n de un mantenimiento peri\u00f3dico y la elecci\u00f3n de dise\u00f1os energ\u00e9ticamente eficientes optimizan el rendimiento.<\/p>\n<\/li>\n<\/ol>\n<hr data-start=\"3968\" data-end=\"3971\" \/>\n<h2 data-start=\"3973\" data-end=\"3991\">Mirando hacia el futuro<\/h2>\n<p data-start=\"3993\" data-end=\"4218\">Con el avance de la tecnolog\u00eda, las poleas de rodillos de molino evolucionan continuamente para ser m\u00e1s duraderas y eficientes. Se espera que los futuros dise\u00f1os y materiales mejoren a\u00fan m\u00e1s el rendimiento y la sostenibilidad de las operaciones de molienda.<\/p>\n<p data-start=\"4220\" data-end=\"4498\"><strong data-start=\"4220\" data-end=\"4235\">Conclusi\u00f3n:<\/strong> Las poleas de rodillos de molino son componentes vitales que inciden directamente en la eficiencia y la calidad de la producci\u00f3n. El uso de poleas de alta calidad garantiza ahorro de energ\u00eda, menores costos de mantenimiento y una mayor satisfacci\u00f3n del cliente, lo que las hace indispensables en la molienda moderna.<\/p>","protected":false},"featured_media":1286,"template":"","meta":{"_acf_changed":false},"product_brand":[],"product_cat":[15],"product_tag":[],"class_list":{"0":"post-1235","1":"product","2":"type-product","3":"status-publish","4":"has-post-thumbnail","6":"product_cat-v-belt-pulleys","8":"first","9":"instock","10":"purchasable","11":"product-type-simple"},"acf":[],"_links":{"self":[{"href":"https:\/\/waxparts.com\/es\/wp-json\/wp\/v2\/product\/1235","targetHints":{"allow":["GET"]}}],"collection":[{"href":"https:\/\/waxparts.com\/es\/wp-json\/wp\/v2\/product"}],"about":[{"href":"https:\/\/waxparts.com\/es\/wp-json\/wp\/v2\/types\/product"}],"wp:featuredmedia":[{"embeddable":true,"href":"https:\/\/waxparts.com\/es\/wp-json\/wp\/v2\/media\/1286"}],"wp:attachment":[{"href":"https:\/\/waxparts.com\/es\/wp-json\/wp\/v2\/media?parent=1235"}],"wp:term":[{"taxonomy":"product_brand","embeddable":true,"href":"https:\/\/waxparts.com\/es\/wp-json\/wp\/v2\/product_brand?post=1235"},{"taxonomy":"product_cat","embeddable":true,"href":"https:\/\/waxparts.com\/es\/wp-json\/wp\/v2\/product_cat?post=1235"},{"taxonomy":"product_tag","embeddable":true,"href":"https:\/\/waxparts.com\/es\/wp-json\/wp\/v2\/product_tag?post=1235"}],"curies":[{"name":"wp","href":"https:\/\/api.w.org\/{rel}","templated":true}]}}