{"id":1303,"date":"2025-08-28T21:24:16","date_gmt":"2025-08-28T21:24:16","guid":{"rendered":"https:\/\/waxparts.com\/?post_type=product&#038;p=1303"},"modified":"2025-09-07T19:12:44","modified_gmt":"2025-09-07T19:12:44","slug":"mill-roll-belts","status":"publish","type":"product","link":"https:\/\/waxparts.com\/es\/producto\/mill-roll-belts\/","title":{"rendered":"CORREAS DE MOLINO"},"content":{"rendered":"","protected":false},"excerpt":{"rendered":"<h2 data-start=\"92\" data-end=\"159\">Bandas de rodillos para molinos: una soluci\u00f3n confiable en el proceso de molienda<\/h2>\n<p data-start=\"161\" data-end=\"518\"><strong data-start=\"161\" data-end=\"182\">Bandas de rodillos de molino<\/strong> Son componentes indispensables de la tecnolog\u00eda de fresado moderna. Fabricados en todo el mundo con un \u00fanico est\u00e1ndar. <strong data-start=\"288\" data-end=\"295\">DPL<\/strong> y <strong data-start=\"300\" data-end=\"309\">Paquete de 8 millones<\/strong> tipos \u2014 estos cinturones son producidos por marcas l\u00edderes como <strong data-start=\"369\" data-end=\"402\">Optibelt, Contitech, Rexbelt,<\/strong> y <strong data-start=\"407\" data-end=\"419\">MEGADINA<\/strong>. Si bien las dimensiones permanecen estandarizadas, el nivel de calidad puede variar seg\u00fan el fabricante.<\/p>\n<p data-start=\"520\" data-end=\"836\">Los molinos juegan un papel vital en la molienda de granos y otras materias primas, y las correas son uno de los factores clave para garantizar la eficiencia durante este proceso. <strong data-start=\"669\" data-end=\"685\">Correas de rodillos<\/strong> Realizar tanto las funciones de accionamiento como de transporte, permitiendo un flujo adecuado del material dentro del molino y asegurando operaciones de molienda suaves y consistentes.<\/p>\n<p data-start=\"838\" data-end=\"1111\">Fabricadas con materiales de alta calidad, las bandas de rodillos mejoran la eficiencia operativa, optimizan el consumo de energ\u00eda y mejoran la calidad del producto final. Su durabilidad garantiza una larga vida \u00fatil, mientras que su bajo mantenimiento ayuda a reducir los costos operativos generales.<\/p>\n<p data-start=\"1113\" data-end=\"1344\">El <strong data-start=\"1117\" data-end=\"1138\">Bandas de rodillos de molino<\/strong> Superamos los est\u00e1ndares de la industria, brindando una calidad superior y maximizando el rendimiento de sus sistemas de fresado. Cont\u00e1ctenos hoy mismo para obtener m\u00e1s informaci\u00f3n y seleccionar la soluci\u00f3n que mejor se adapte a sus necesidades.<\/p>","protected":false},"featured_media":1294,"template":"","meta":{"_acf_changed":false},"product_brand":[],"product_cat":[15],"product_tag":[],"class_list":{"0":"post-1303","1":"product","2":"type-product","3":"status-publish","4":"has-post-thumbnail","6":"product_cat-v-belt-pulleys","8":"first","9":"instock","10":"purchasable","11":"product-type-simple"},"acf":[],"_links":{"self":[{"href":"https:\/\/waxparts.com\/es\/wp-json\/wp\/v2\/product\/1303","targetHints":{"allow":["GET"]}}],"collection":[{"href":"https:\/\/waxparts.com\/es\/wp-json\/wp\/v2\/product"}],"about":[{"href":"https:\/\/waxparts.com\/es\/wp-json\/wp\/v2\/types\/product"}],"wp:featuredmedia":[{"embeddable":true,"href":"https:\/\/waxparts.com\/es\/wp-json\/wp\/v2\/media\/1294"}],"wp:attachment":[{"href":"https:\/\/waxparts.com\/es\/wp-json\/wp\/v2\/media?parent=1303"}],"wp:term":[{"taxonomy":"product_brand","embeddable":true,"href":"https:\/\/waxparts.com\/es\/wp-json\/wp\/v2\/product_brand?post=1303"},{"taxonomy":"product_cat","embeddable":true,"href":"https:\/\/waxparts.com\/es\/wp-json\/wp\/v2\/product_cat?post=1303"},{"taxonomy":"product_tag","embeddable":true,"href":"https:\/\/waxparts.com\/es\/wp-json\/wp\/v2\/product_tag?post=1303"}],"curies":[{"name":"wp","href":"https:\/\/api.w.org\/{rel}","templated":true}]}}