{"id":1325,"date":"2025-09-03T08:35:05","date_gmt":"2025-09-03T08:35:05","guid":{"rendered":"https:\/\/waxparts.com\/?post_type=product&#038;p=1325"},"modified":"2025-09-07T19:14:00","modified_gmt":"2025-09-07T19:14:00","slug":"optibelt-belts","status":"publish","type":"product","link":"https:\/\/waxparts.com\/es\/producto\/optibelt-belts\/","title":{"rendered":"CINTURONES OPTIBELT"},"content":{"rendered":"","protected":false},"excerpt":{"rendered":"<h2 data-start=\"92\" data-end=\"151\">Correas Optibelt: Soluciones de accionamiento fiables y eficientes<\/h2>\n<p data-start=\"153\" data-end=\"460\"><strong data-start=\"153\" data-end=\"168\">Correas de transmisi\u00f3n<\/strong> son componentes esenciales en muchas aplicaciones industriales y en este campo, <strong data-start=\"246\" data-end=\"264\">Cinturones Optibelt<\/strong> Destacan por su fiabilidad y eficiencia. Como distribuidor oficial, ofrecemos <strong data-start=\"352\" data-end=\"364\">Cintur\u00f3n \u00f3ptico<\/strong> Correas que optimizan la transmisi\u00f3n de potencia y juegan un papel clave en la mejora del rendimiento empresarial.<\/p>\n<p data-start=\"462\" data-end=\"730\">Fabricado con materiales de alta calidad, <strong data-start=\"504\" data-end=\"522\">Cinturones Optibelt<\/strong> Est\u00e1n dise\u00f1ados para una larga vida \u00fatil y una mayor fiabilidad del sistema. Su bajo mantenimiento ayuda a reducir los costes operativos, mientras que su consumo energ\u00e9tico optimizado los convierte en una opci\u00f3n ecol\u00f3gica.<\/p>\n<p data-start=\"732\" data-end=\"954\">Desde maquinaria industrial hasta aplicaciones automotrices, estas correas se utilizan ampliamente en m\u00faltiples sectores. <strong data-start=\"839\" data-end=\"851\">Cintur\u00f3n \u00f3ptico<\/strong> Los cinturones de marca ofrecen constantemente est\u00e1ndares superiores en <strong data-start=\"907\" data-end=\"951\">durabilidad, rendimiento y confiabilidad<\/strong>.<\/p>\n<p data-start=\"956\" data-end=\"1184\">Como distribuidor, nuestra empresa ofrece a los clientes la m\u00e1s alta calidad. <strong data-start=\"1023\" data-end=\"1041\">Cinturones Optibelt<\/strong>Le ayudamos a encontrar la soluci\u00f3n de accionamiento m\u00e1s adecuada para sus necesidades operativas. Cont\u00e1ctenos hoy mismo para obtener m\u00e1s informaci\u00f3n y explorar nuestra gama de productos.<\/p>","protected":false},"featured_media":1340,"template":"","meta":{"_acf_changed":false},"product_brand":[],"product_cat":[15],"product_tag":[],"class_list":{"0":"post-1325","1":"product","2":"type-product","3":"status-publish","4":"has-post-thumbnail","6":"product_cat-v-belt-pulleys","8":"first","9":"instock","10":"purchasable","11":"product-type-simple"},"acf":[],"_links":{"self":[{"href":"https:\/\/waxparts.com\/es\/wp-json\/wp\/v2\/product\/1325","targetHints":{"allow":["GET"]}}],"collection":[{"href":"https:\/\/waxparts.com\/es\/wp-json\/wp\/v2\/product"}],"about":[{"href":"https:\/\/waxparts.com\/es\/wp-json\/wp\/v2\/types\/product"}],"wp:featuredmedia":[{"embeddable":true,"href":"https:\/\/waxparts.com\/es\/wp-json\/wp\/v2\/media\/1340"}],"wp:attachment":[{"href":"https:\/\/waxparts.com\/es\/wp-json\/wp\/v2\/media?parent=1325"}],"wp:term":[{"taxonomy":"product_brand","embeddable":true,"href":"https:\/\/waxparts.com\/es\/wp-json\/wp\/v2\/product_brand?post=1325"},{"taxonomy":"product_cat","embeddable":true,"href":"https:\/\/waxparts.com\/es\/wp-json\/wp\/v2\/product_cat?post=1325"},{"taxonomy":"product_tag","embeddable":true,"href":"https:\/\/waxparts.com\/es\/wp-json\/wp\/v2\/product_tag?post=1325"}],"curies":[{"name":"wp","href":"https:\/\/api.w.org\/{rel}","templated":true}]}}