{"id":1332,"date":"2025-09-03T08:49:15","date_gmt":"2025-09-03T08:49:15","guid":{"rendered":"https:\/\/waxparts.com\/?post_type=product&#038;p=1332"},"modified":"2025-09-07T19:57:57","modified_gmt":"2025-09-07T19:57:57","slug":"industrial-spare-parts","status":"publish","type":"product","link":"https:\/\/waxparts.com\/es\/producto\/industrial-spare-parts\/","title":{"rendered":"RECAMBIOS INDUSTRIALES"},"content":{"rendered":"","protected":false},"excerpt":{"rendered":"<h2 data-start=\"92\" data-end=\"162\">Repuestos industriales: la garant\u00eda de una producci\u00f3n ininterrumpida<\/h2>\n<h3 data-start=\"164\" data-end=\"213\">Componentes cr\u00edticos que mejoran la eficiencia<\/h3>\n<p data-start=\"215\" data-end=\"630\"><strong data-start=\"215\" data-end=\"241\">Repuestos industriales<\/strong> Son vitales para garantizar el correcto funcionamiento de la maquinaria y los equipos en f\u00e1bricas e instalaciones de producci\u00f3n. Mantienen los procesos de producci\u00f3n en marcha sin interrupciones y, en caso de aver\u00edas, pueden sustituirse r\u00e1pidamente para minimizar el tiempo de inactividad y mantener la eficiencia. Este art\u00edculo explora qu\u00e9 son los repuestos industriales, su importancia y su funci\u00f3n en los procesos industriales.<\/p>\n<hr data-start=\"632\" data-end=\"635\" \/>\n<h3 data-start=\"637\" data-end=\"669\">Preguntas frecuentes<\/h3>\n<p data-start=\"671\" data-end=\"952\"><strong data-start=\"671\" data-end=\"722\">1. \u00bfPor qu\u00e9 son tan importantes los repuestos industriales?<\/strong><br data-start=\"722\" data-end=\"725\" \/>Con el tiempo, las m\u00e1quinas se desgastan o se aver\u00edan. Los repuestos son esenciales en estas situaciones, evitando paradas de producci\u00f3n. El mantenimiento regular y el reemplazo oportuno de piezas prolongan la vida \u00fatil de la m\u00e1quina y mejoran la eficiencia general.<\/p>\n<p data-start=\"954\" data-end=\"1241\"><strong data-start=\"954\" data-end=\"1013\">2. \u00bfQu\u00e9 repuestos industriales son los m\u00e1s utilizados?<\/strong><br data-start=\"1013\" data-end=\"1016\" \/>Las piezas m\u00e1s utilizadas incluyen: <strong data-start=\"1055\" data-end=\"1104\">Cojinetes, v\u00e1lvulas, motores, filtros y correas.<\/strong> Los cojinetes permiten el movimiento rotacional, las v\u00e1lvulas regulan el flujo, los motores transfieren energ\u00eda y las correas juegan un papel fundamental en la transmisi\u00f3n de potencia.<\/p>\n<p data-start=\"1243\" data-end=\"1571\"><strong data-start=\"1243\" data-end=\"1289\">3. \u00bfPor qu\u00e9 es importante la calidad en los repuestos?<\/strong><br data-start=\"1289\" data-end=\"1292\" \/>Las piezas de repuesto de alta calidad son duraderas y requieren menos mantenimiento. Los componentes de baja calidad se aver\u00edan con mayor frecuencia, lo que incrementa los costos y reduce la eficiencia energ\u00e9tica. Por otro lado, las piezas de primera calidad optimizan el rendimiento de la m\u00e1quina y reducen los gastos operativos.<\/p>\n<p data-start=\"1573\" data-end=\"1890\"><strong data-start=\"1573\" data-end=\"1614\">4. \u00bfC\u00f3mo se deben conseguir las piezas de repuesto?<\/strong><br data-start=\"1614\" data-end=\"1617\" \/>Deben obtenerse de proveedores confiables que garanticen productos originales y de alta calidad. Una entrega r\u00e1pida y fiable tambi\u00e9n es crucial, ya que minimiza los retrasos en la producci\u00f3n. Una gesti\u00f3n eficaz del inventario es clave para garantizar que las piezas de repuesto est\u00e9n siempre disponibles cuando se necesiten.<\/p>\n<p data-start=\"1892\" data-end=\"2166\"><strong data-start=\"1892\" data-end=\"1950\">5. \u00bfC\u00f3mo mejora la gesti\u00f3n de repuestos la eficiencia?<\/strong><br data-start=\"1950\" data-end=\"1953\" \/>La optimizaci\u00f3n se logra manteniendo niveles adecuados de inventario, implementando programas de mantenimiento rutinario y capacitando al personal. Una gesti\u00f3n eficaz garantiza que las piezas est\u00e9n siempre disponibles, lo que permite una respuesta r\u00e1pida ante aver\u00edas.<\/p>\n<hr data-start=\"2168\" data-end=\"2171\" \/>\n<h3 data-start=\"2173\" data-end=\"2226\">Impulsando la eficiencia con repuestos industriales<\/h3>\n<ul data-start=\"2228\" data-end=\"2482\">\n<li data-start=\"2228\" data-end=\"2294\">\n<p data-start=\"2230\" data-end=\"2294\"><strong data-start=\"2230\" data-end=\"2253\">Piezas de alta calidad:<\/strong> Menos aver\u00edas, mayor vida \u00fatil.<\/p>\n<\/li>\n<li data-start=\"2295\" data-end=\"2371\">\n<p data-start=\"2297\" data-end=\"2371\"><strong data-start=\"2297\" data-end=\"2321\">Mantenimiento regular:<\/strong> Prolonga la vida \u00fatil de la m\u00e1quina y evita fallos.<\/p>\n<\/li>\n<li data-start=\"2372\" data-end=\"2482\">\n<p data-start=\"2374\" data-end=\"2482\"><strong data-start=\"2374\" data-end=\"2409\">Gesti\u00f3n eficiente del inventario:<\/strong> Garantiza que las piezas est\u00e9n siempre disponibles, minimizando las interrupciones de producci\u00f3n.<\/p>\n<\/li>\n<\/ul>\n<hr data-start=\"2484\" data-end=\"2487\" \/>\n<h3 data-start=\"2489\" data-end=\"2531\">El futuro de los repuestos industriales<\/h3>\n<p data-start=\"2533\" data-end=\"2890\">Con los avances tecnol\u00f3gicos, las piezas de repuesto tambi\u00e9n evolucionan. Nuevos materiales y dise\u00f1os ofrecen soluciones m\u00e1s resistentes y eficientes. En un futuro pr\u00f3ximo, <strong data-start=\"2693\" data-end=\"2741\">sensores inteligentes y repuestos integrados en IoT<\/strong> Permitir\u00e1 la monitorizaci\u00f3n en tiempo real del estado de las m\u00e1quinas, lo que permitir\u00e1 un mantenimiento proactivo. Esto se traducir\u00e1 en una mayor eficiencia y menos interrupciones.<\/p>","protected":false},"featured_media":1338,"template":"","meta":{"_acf_changed":false},"product_brand":[],"product_cat":[15],"product_tag":[],"class_list":{"0":"post-1332","1":"product","2":"type-product","3":"status-publish","4":"has-post-thumbnail","6":"product_cat-v-belt-pulleys","8":"first","9":"instock","10":"purchasable","11":"product-type-simple"},"acf":[],"_links":{"self":[{"href":"https:\/\/waxparts.com\/es\/wp-json\/wp\/v2\/product\/1332","targetHints":{"allow":["GET"]}}],"collection":[{"href":"https:\/\/waxparts.com\/es\/wp-json\/wp\/v2\/product"}],"about":[{"href":"https:\/\/waxparts.com\/es\/wp-json\/wp\/v2\/types\/product"}],"wp:featuredmedia":[{"embeddable":true,"href":"https:\/\/waxparts.com\/es\/wp-json\/wp\/v2\/media\/1338"}],"wp:attachment":[{"href":"https:\/\/waxparts.com\/es\/wp-json\/wp\/v2\/media?parent=1332"}],"wp:term":[{"taxonomy":"product_brand","embeddable":true,"href":"https:\/\/waxparts.com\/es\/wp-json\/wp\/v2\/product_brand?post=1332"},{"taxonomy":"product_cat","embeddable":true,"href":"https:\/\/waxparts.com\/es\/wp-json\/wp\/v2\/product_cat?post=1332"},{"taxonomy":"product_tag","embeddable":true,"href":"https:\/\/waxparts.com\/es\/wp-json\/wp\/v2\/product_tag?post=1332"}],"curies":[{"name":"wp","href":"https:\/\/api.w.org\/{rel}","templated":true}]}}