{"id":1334,"date":"2025-09-03T08:52:29","date_gmt":"2025-09-03T08:52:29","guid":{"rendered":"https:\/\/waxparts.com\/?post_type=product&#038;p=1334"},"modified":"2025-09-07T19:54:09","modified_gmt":"2025-09-07T19:54:09","slug":"milling-materilals","status":"publish","type":"product","link":"https:\/\/waxparts.com\/es\/producto\/milling-materilals\/","title":{"rendered":"MATERIALES DE FRESADO"},"content":{"rendered":"","protected":false},"excerpt":{"rendered":"<h2 data-start=\"92\" data-end=\"160\">Materiales de fresado: equipo esencial para un mejor rendimiento<\/h2>\n<h3 data-start=\"162\" data-end=\"222\">\u00bfQu\u00e9 son los materiales de fresado y por qu\u00e9 son importantes?<\/h3>\n<p data-start=\"223\" data-end=\"659\">Los molinos transforman granos y otras materias primas en harina, s\u00e9mola y diversos productos alimenticios. Para que los molinos funcionen eficientemente y ofrezcan resultados de alta calidad, los materiales utilizados son cruciales. Estos componentes no solo garantizan una producci\u00f3n continua, sino que tambi\u00e9n influyen directamente en la calidad del producto. En este art\u00edculo, exploramos qu\u00e9 son los materiales de molienda, respondemos preguntas frecuentes y explicamos c\u00f3mo mejoran el rendimiento.<\/p>\n<hr data-start=\"661\" data-end=\"664\" \/>\n<h3 data-start=\"666\" data-end=\"699\">\u00bfQu\u00e9 son los materiales de fresado?<\/h3>\n<p data-start=\"700\" data-end=\"803\">Los materiales de molienda incluyen las partes y equipos esenciales que permiten que los molinos funcionen eficazmente:<\/p>\n<ul data-start=\"805\" data-end=\"1361\">\n<li data-start=\"805\" data-end=\"926\">\n<p data-start=\"807\" data-end=\"926\"><strong data-start=\"807\" data-end=\"822\">Piedras de molino:<\/strong> Se utiliza para moler granos y otros productos. Las piedras de alta calidad proporcionan una molienda m\u00e1s fina y uniforme.<\/p>\n<\/li>\n<li data-start=\"927\" data-end=\"1045\">\n<p data-start=\"929\" data-end=\"1045\"><strong data-start=\"929\" data-end=\"948\">Poleas de rodillos:<\/strong> Aseg\u00farese de que las m\u00e1quinas de rodillos funcionen de manera eficiente, generando ahorros de energ\u00eda y una vida \u00fatil m\u00e1s prolongada.<\/p>\n<\/li>\n<li data-start=\"1046\" data-end=\"1151\">\n<p data-start=\"1048\" data-end=\"1151\"><strong data-start=\"1048\" data-end=\"1067\">Poleas Poly V:<\/strong> Mejora la transmisi\u00f3n de potencia y el rendimiento de la m\u00e1quina. Fabricado con materiales duraderos.<\/p>\n<\/li>\n<li data-start=\"1152\" data-end=\"1242\">\n<p data-start=\"1154\" data-end=\"1242\"><strong data-start=\"1154\" data-end=\"1180\">Bujes y cojinetes:<\/strong> Favorece el buen funcionamiento de las piezas de la m\u00e1quina y evita el desgaste.<\/p>\n<\/li>\n<li data-start=\"1243\" data-end=\"1361\">\n<p data-start=\"1245\" data-end=\"1361\"><strong data-start=\"1245\" data-end=\"1268\">Sistemas de filtraci\u00f3n:<\/strong> Mejorar la pureza y calidad de la harina y productos afines, garantizando la higiene y la seguridad.<\/p>\n<\/li>\n<\/ul>\n<hr data-start=\"1363\" data-end=\"1366\" \/>\n<h3 data-start=\"1368\" data-end=\"1417\">Mejorando la eficiencia con materiales de fresado<\/h3>\n<p data-start=\"1418\" data-end=\"1497\">Los materiales de fresado de alta calidad influyen directamente en la eficiencia y el rendimiento.<\/p>\n<ul data-start=\"1499\" data-end=\"1763\">\n<li data-start=\"1499\" data-end=\"1578\">\n<p data-start=\"1501\" data-end=\"1578\"><strong data-start=\"1501\" data-end=\"1532\">Piedras y poleas premium:<\/strong> Proporciona una molienda eficaz y ahorra energ\u00eda.<\/p>\n<\/li>\n<li data-start=\"1579\" data-end=\"1674\">\n<p data-start=\"1581\" data-end=\"1674\"><strong data-start=\"1581\" data-end=\"1608\">Mantenimiento y reparaci\u00f3n:<\/strong> El mantenimiento regular prolonga la vida \u00fatil de la m\u00e1quina y evita aver\u00edas.<\/p>\n<\/li>\n<li data-start=\"1675\" data-end=\"1763\">\n<p data-start=\"1677\" data-end=\"1763\"><strong data-start=\"1677\" data-end=\"1702\">Filtraci\u00f3n eficaz:<\/strong> Garantiza una mayor calidad del producto y garantiza la seguridad alimentaria.<\/p>\n<\/li>\n<\/ul>\n<hr data-start=\"1765\" data-end=\"1768\" \/>\n<h3 data-start=\"1770\" data-end=\"1807\">El futuro de los materiales de fresado<\/h3>\n<p data-start=\"1808\" data-end=\"2081\">A medida que la tecnolog\u00eda evoluciona, los materiales de fresado tambi\u00e9n avanzan. Los materiales modernos y los dise\u00f1os innovadores est\u00e1n creando soluciones m\u00e1s duraderas y sostenibles. En el futuro, se espera que los materiales de fresado sean a\u00fan m\u00e1s eficientes, optimizando a\u00fan m\u00e1s los procesos de producci\u00f3n.<\/p>\n<hr data-start=\"2083\" data-end=\"2086\" \/>\n<h3 data-start=\"2088\" data-end=\"2120\">Preguntas frecuentes<\/h3>\n<p data-start=\"2122\" data-end=\"2340\"><strong data-start=\"2122\" data-end=\"2161\">1. \u00bfPor qu\u00e9 son tan importantes las piedras de molino?<\/strong><br data-start=\"2161\" data-end=\"2164\" \/>Son el elemento m\u00e1s cr\u00edtico en la molienda de granos. Las piedras de alta calidad garantizan una molienda m\u00e1s consistente, mejorando la calidad del producto y una mayor durabilidad con menos mantenimiento.<\/p>\n<p data-start=\"2342\" data-end=\"2494\"><strong data-start=\"2342\" data-end=\"2377\">2. \u00bfPor qu\u00e9 se utilizan poleas de rodillos?<\/strong><br data-start=\"2377\" data-end=\"2380\" \/>Aumentan la eficiencia de la m\u00e1quina, ahorran energ\u00eda y reducen los costos de mantenimiento al tiempo que garantizan un rendimiento confiable.<\/p>\n<p data-start=\"2496\" data-end=\"2670\"><strong data-start=\"2496\" data-end=\"2545\">3. \u00bfCu\u00e1les son las ventajas de las poleas Poly V?<\/strong><br data-start=\"2545\" data-end=\"2548\" \/>Ofrecen alto rendimiento, eficiencia energ\u00e9tica y una larga vida \u00fatil. Adem\u00e1s, mejoran la productividad de la m\u00e1quina.<\/p>\n<p data-start=\"2672\" data-end=\"2840\"><strong data-start=\"2672\" data-end=\"2719\">4. \u00bfPor qu\u00e9 son necesarios bujes y cojinetes?<\/strong><br data-start=\"2719\" data-end=\"2722\" \/>Permiten el funcionamiento suave de los componentes de la m\u00e1quina, evitan el desgaste, prolongan la vida \u00fatil de la m\u00e1quina y reducen los costos de mantenimiento.<\/p>\n<p data-start=\"2842\" data-end=\"3007\"><strong data-start=\"2842\" data-end=\"2886\">5. \u00bfPor qu\u00e9 son importantes los sistemas de filtraci\u00f3n?<\/strong><br data-start=\"2886\" data-end=\"2889\" \/>Garantizan que la harina y otros productos se mantengan puros e higi\u00e9nicos, mejorando la calidad del producto y protegiendo la seguridad alimentaria.<\/p>","protected":false},"featured_media":1339,"template":"","meta":{"_acf_changed":false},"product_brand":[],"product_cat":[15],"product_tag":[],"class_list":{"0":"post-1334","1":"product","2":"type-product","3":"status-publish","4":"has-post-thumbnail","6":"product_cat-v-belt-pulleys","8":"first","9":"instock","10":"purchasable","11":"product-type-simple"},"acf":[],"_links":{"self":[{"href":"https:\/\/waxparts.com\/es\/wp-json\/wp\/v2\/product\/1334","targetHints":{"allow":["GET"]}}],"collection":[{"href":"https:\/\/waxparts.com\/es\/wp-json\/wp\/v2\/product"}],"about":[{"href":"https:\/\/waxparts.com\/es\/wp-json\/wp\/v2\/types\/product"}],"wp:featuredmedia":[{"embeddable":true,"href":"https:\/\/waxparts.com\/es\/wp-json\/wp\/v2\/media\/1339"}],"wp:attachment":[{"href":"https:\/\/waxparts.com\/es\/wp-json\/wp\/v2\/media?parent=1334"}],"wp:term":[{"taxonomy":"product_brand","embeddable":true,"href":"https:\/\/waxparts.com\/es\/wp-json\/wp\/v2\/product_brand?post=1334"},{"taxonomy":"product_cat","embeddable":true,"href":"https:\/\/waxparts.com\/es\/wp-json\/wp\/v2\/product_cat?post=1334"},{"taxonomy":"product_tag","embeddable":true,"href":"https:\/\/waxparts.com\/es\/wp-json\/wp\/v2\/product_tag?post=1334"}],"curies":[{"name":"wp","href":"https:\/\/api.w.org\/{rel}","templated":true}]}}