{"id":93,"date":"2013-08-11T19:06:15","date_gmt":"2013-08-11T19:06:15","guid":{"rendered":"http:\/\/localhost:8888\/test\/?page_id=520"},"modified":"2025-09-05T09:49:15","modified_gmt":"2025-09-05T09:49:15","slug":"company","status":"publish","type":"page","link":"https:\/\/waxparts.com\/fr\/company\/","title":{"rendered":"Entreprise"},"content":{"rendered":"<div class=\"banner has-hover has-video\" id=\"banner-749630881\">\n          <div class=\"banner-inner fill\">\n        <div class=\"banner-bg fill\" >\n                        \t<div class=\"video-overlay no-click fill hide-for-medium\"><\/div>\n\t<video class=\"video-bg fill hide-for-medium\" preload playsinline autoplay muted loop>\n\t\t<source src=\"https:\/\/waxparts.com\/wp-content\/uploads\/2025\/09\/slider2.mp4\" type=\"video\/mp4\">\t<\/video>\n            <div class=\"overlay\"><\/div>            \n                    <\/div>\n\t\t\n        <div class=\"banner-layers container\">\n            <div class=\"fill banner-link\"><\/div>            \n   <div id=\"text-box-374367989\" class=\"text-box banner-layer x5 md-x5 lg-x5 y75 md-y75 lg-y75 res-text\">\n                                <div class=\"text-box-content text dark\">\n              \n              <div class=\"text-inner text-center\">\n                  \n\t<div id=\"text-4083586223\" class=\"text\">\n\t\t\n<h3 class=\"lead\">\u00c0 PROPOS DE NOUS<\/h3>\n<p class=\"lead\"><span style=\"color: #ffffff;\">WAXPARTS a \u00e9t\u00e9 cr\u00e9\u00e9e pour fournir des solutions fiables dans le secteur des syst\u00e8mes de transmission de puissance et des pi\u00e8ces d\u00e9tach\u00e9es.<\/span><\/p>\n\t\t\n<style>\n#text-4083586223 {\n  text-align: left;\n}\n<\/style>\n\t<\/div>\n\t\n              <\/div>\n           <\/div>\n                            \n<style>\n#text-box-374367989 {\n  width: 60%;\n}\n#text-box-374367989 .text-box-content {\n  font-size: 100%;\n}\n<\/style>\n    <\/div>\n \n        <\/div>\n      <\/div>\n\n            \n<style>\n#banner-749630881 {\n  padding-top: 251px;\n}\n#banner-749630881 .overlay {\n  background-color: rgba(1, 1, 1, 0.314);\n}\n<\/style>\n  <\/div>\n\n\n<div class=\"row\"  id=\"row-902809731\">\n\n\t<div id=\"col-712861878\" class=\"col small-12 large-12\"  >\n\t\t\t\t<div class=\"col-inner\"  >\n\t\t\t\n\t\t\t\n\t<div id=\"text-518781760\" class=\"text\">\n\t\t\n<div><span style=\"color: #282828;\">WAXPARTS a \u00e9t\u00e9 cr\u00e9\u00e9e pour fournir des solutions fiables dans le secteur des syst\u00e8mes de transmission de puissance et des pi\u00e8ces d\u00e9tach\u00e9es. Nous r\u00e9pondons aux besoins industriels gr\u00e2ce \u00e0 notre large gamme de produits, des poulies aux courroies, en passant par les paliers et les accouplements.<\/span><\/div>\n<div>\u00a0<\/div>\n<div><span style=\"color: #282828;\">Priorisant la qualit\u00e9 et la satisfaction client, nous mettons en \u0153uvre des processus de contr\u00f4le qualit\u00e9 rigoureux \u00e0 chaque \u00e9tape. Nos produits sont con\u00e7us pour \u00eatre durables, performants et durables.<\/span><\/div>\n<div>\u00a0<\/div>\n<div><span style=\"color: #282828;\">Aujourd&#039;hui, WAXPARTS collabore avec les plus grandes marques du secteur et exporte ses produits dans plus de 40 pays. Notre objectif est de proposer des solutions comp\u00e9titives \u00e0 l&#039;\u00e9chelle mondiale et de permettre \u00e0 nos clients de g\u00e9rer leurs activit\u00e9s sans interruption.<\/span><\/div>\n<div>\u00a0<\/div>\n<div><span style=\"color: #282828;\">Notre vision : \u00catre une marque mondiale innovante et fiable dans le domaine des syst\u00e8mes de transmission de puissance.<\/span><\/div>\n<div><span style=\"color: #282828;\">Notre mission : fournir \u00e0 l\u2019industrie des solutions rapides, de haute qualit\u00e9 et une valeur durable.<\/span><\/div>\n<div>\u00a0<\/div>\n\t\t\n<style>\n#text-518781760 {\n  font-size: 1.3rem;\n  line-height: 1.3;\n}\n<\/style>\n\t<\/div>\n\t\n<div class=\"text-center\"><div class=\"is-divider divider clearfix\" ><\/div><\/div>\n\t\t<\/div>\n\t\t\t\t\n<style>\n#col-712861878 > .col-inner {\n  padding: 0px 60px 0px 36px;\n}\n<\/style>\n\t<\/div>\n\n\t\n<\/div>","protected":false},"excerpt":{"rendered":"","protected":false},"author":1,"featured_media":19,"parent":0,"menu_order":0,"comment_status":"closed","ping_status":"closed","template":"","meta":{"_acf_changed":false,"footnotes":""},"class_list":["post-93","page","type-page","status-publish","has-post-thumbnail","hentry"],"acf":[],"_links":{"self":[{"href":"https:\/\/waxparts.com\/fr\/wp-json\/wp\/v2\/pages\/93","targetHints":{"allow":["GET"]}}],"collection":[{"href":"https:\/\/waxparts.com\/fr\/wp-json\/wp\/v2\/pages"}],"about":[{"href":"https:\/\/waxparts.com\/fr\/wp-json\/wp\/v2\/types\/page"}],"author":[{"embeddable":true,"href":"https:\/\/waxparts.com\/fr\/wp-json\/wp\/v2\/users\/1"}],"replies":[{"embeddable":true,"href":"https:\/\/waxparts.com\/fr\/wp-json\/wp\/v2\/comments?post=93"}],"version-history":[{"count":32,"href":"https:\/\/waxparts.com\/fr\/wp-json\/wp\/v2\/pages\/93\/revisions"}],"predecessor-version":[{"id":1354,"href":"https:\/\/waxparts.com\/fr\/wp-json\/wp\/v2\/pages\/93\/revisions\/1354"}],"wp:featuredmedia":[{"embeddable":true,"href":"https:\/\/waxparts.com\/fr\/wp-json\/wp\/v2\/media\/19"}],"wp:attachment":[{"href":"https:\/\/waxparts.com\/fr\/wp-json\/wp\/v2\/media?parent=93"}],"curies":[{"name":"wp","href":"https:\/\/api.w.org\/{rel}","templated":true}]}}