{"id":1235,"date":"2025-08-25T22:24:27","date_gmt":"2025-08-25T22:24:27","guid":{"rendered":"https:\/\/waxparts.com\/product\/pipe-plug-fluid-chamber-1109973-2\/"},"modified":"2025-09-07T19:11:48","modified_gmt":"2025-09-07T19:11:48","slug":"mill-roll-pulleys","status":"publish","type":"product","link":"https:\/\/waxparts.com\/fr\/produit\/mill-roll-pulleys\/","title":{"rendered":"POULIES DE ROULEAU DE MOULIN"},"content":{"rendered":"","protected":false},"excerpt":{"rendered":"<h2 data-start=\"88\" data-end=\"112\">Poulies de rouleaux de broyeur<\/h2>\n<p data-start=\"114\" data-end=\"600\"><strong data-start=\"114\" data-end=\"137\">Poulies de rouleaux de broyeur<\/strong> Les poulies comptent parmi les composants les plus critiques des minoteries. Con\u00e7ues pour assurer le bon fonctionnement des machines \u00e0 rouleaux et transmettre la puissance, ces poulies sont produites en diff\u00e9rents types et dimensions pour r\u00e9pondre aux exigences du syst\u00e8me. Elles sont g\u00e9n\u00e9ralement class\u00e9es en deux groupes\u00a0: <strong data-start=\"418\" data-end=\"435\">Lisse (Liso)<\/strong> et <strong data-start=\"440\" data-end=\"468\">Poulies de rupture (K\u0131rma)<\/strong>. Les deux groupes sont fabriqu\u00e9s selon <strong data-start=\"512\" data-end=\"519\">DPL<\/strong> et <strong data-start=\"524\" data-end=\"533\">8M PK<\/strong> types de courroies, assurant une compatibilit\u00e9 totale avec les syst\u00e8mes \u00e0 rouleaux.<\/p>\n<h3 data-start=\"602\" data-end=\"629\">Poulies lisses (Liso)<\/h3>\n<ul data-start=\"630\" data-end=\"874\">\n<li data-start=\"630\" data-end=\"722\">\n<p data-start=\"632\" data-end=\"722\"><strong data-start=\"632\" data-end=\"645\">Fonction:<\/strong> Assurent un broyage uniforme du mat\u00e9riau et sont principalement utilis\u00e9s pour le broyage fin.<\/p>\n<\/li>\n<li data-start=\"723\" data-end=\"805\">\n<p data-start=\"725\" data-end=\"805\"><strong data-start=\"725\" data-end=\"742\">Applications :<\/strong> Moulins \u00e0 farine, usines de semoule et autres industries de broyage.<\/p>\n<\/li>\n<li data-start=\"806\" data-end=\"874\">\n<p data-start=\"808\" data-end=\"874\"><strong data-start=\"808\" data-end=\"821\">Caract\u00e9ristiques:<\/strong> Fabriqu\u00e9 pour s&#039;adapter aux types de courroies DPL et 8M PK.<\/p>\n<\/li>\n<\/ul>\n<h3 data-start=\"876\" data-end=\"898\">Casser les poulies<\/h3>\n<ul data-start=\"899\" data-end=\"1171\">\n<li data-start=\"899\" data-end=\"1000\">\n<p data-start=\"901\" data-end=\"1000\"><strong data-start=\"901\" data-end=\"914\">Fonction:<\/strong> Utilis\u00e9 pour broyer des mat\u00e9riaux durs et grossiers, id\u00e9al pour la premi\u00e8re \u00e9tape du broyage.<\/p>\n<\/li>\n<li data-start=\"1001\" data-end=\"1085\">\n<p data-start=\"1003\" data-end=\"1085\"><strong data-start=\"1003\" data-end=\"1020\">Applications :<\/strong> Produits agricoles, miniers et divers secteurs industriels.<\/p>\n<\/li>\n<li data-start=\"1086\" data-end=\"1171\">\n<p data-start=\"1088\" data-end=\"1171\"><strong data-start=\"1088\" data-end=\"1101\">Caract\u00e9ristiques:<\/strong> Construit avec une r\u00e9sistance \u00e9lev\u00e9e, \u00e9galement compatible avec les ceintures DPL et 8M PK.<\/p>\n<\/li>\n<\/ul>\n<hr data-start=\"1173\" data-end=\"1176\" \/>\n<h2 data-start=\"1178\" data-end=\"1203\">Types de poulies par courroie<\/h2>\n<h3 data-start=\"1205\" data-end=\"1224\">Type de courroie DPL<\/h3>\n<ul data-start=\"1225\" data-end=\"1481\">\n<li data-start=\"1225\" data-end=\"1320\">\n<p data-start=\"1227\" data-end=\"1320\"><strong data-start=\"1227\" data-end=\"1240\">Caract\u00e9ristiques:<\/strong> Offre une grande flexibilit\u00e9 et durabilit\u00e9, adapt\u00e9 aux applications \u00e0 charge l\u00e9g\u00e8re.<\/p>\n<\/li>\n<li data-start=\"1321\" data-end=\"1417\">\n<p data-start=\"1323\" data-end=\"1417\"><strong data-start=\"1323\" data-end=\"1340\">Tailles des rainures :<\/strong> Produit en 22 et 26 rainures, disponible en diff\u00e9rents diam\u00e8tres et tailles.<\/p>\n<\/li>\n<li data-start=\"1418\" data-end=\"1481\">\n<p data-start=\"1420\" data-end=\"1481\"><strong data-start=\"1420\" data-end=\"1436\">Application:<\/strong> Couramment utilis\u00e9 dans les moulins \u00e0 farine et \u00e0 semoule.<\/p>\n<\/li>\n<\/ul>\n<h3 data-start=\"1483\" data-end=\"1504\">Type de courroie PK 8M<\/h3>\n<ul data-start=\"1505\" data-end=\"1766\">\n<li data-start=\"1505\" data-end=\"1602\">\n<p data-start=\"1507\" data-end=\"1602\"><strong data-start=\"1507\" data-end=\"1520\">Caract\u00e9ristiques:<\/strong> Connu pour sa capacit\u00e9 de charge \u00e9lev\u00e9e et sa r\u00e9sistance, id\u00e9al pour une utilisation industrielle exigeante.<\/p>\n<\/li>\n<li data-start=\"1603\" data-end=\"1689\">\n<p data-start=\"1605\" data-end=\"1689\"><strong data-start=\"1605\" data-end=\"1622\">Tailles des rainures :<\/strong> Produit en options 28 PK et 36 PK, disponible en diff\u00e9rentes tailles.<\/p>\n<\/li>\n<li data-start=\"1690\" data-end=\"1766\">\n<p data-start=\"1692\" data-end=\"1766\"><strong data-start=\"1692\" data-end=\"1708\">Application:<\/strong> Largement utilis\u00e9 dans l&#039;agriculture, l&#039;exploitation mini\u00e8re et l&#039;industrie lourde.<\/p>\n<\/li>\n<\/ul>\n<hr data-start=\"1768\" data-end=\"1771\" \/>\n<h2 data-start=\"1773\" data-end=\"1813\">Types de poulies et caract\u00e9ristiques techniques<\/h2>\n<ol data-start=\"1815\" data-end=\"2221\">\n<li data-start=\"1815\" data-end=\"2030\">\n<p data-start=\"1818\" data-end=\"1835\"><strong data-start=\"1818\" data-end=\"1833\">Par mat\u00e9riau<\/strong><\/p>\n<ul data-start=\"1839\" data-end=\"2030\">\n<li data-start=\"1839\" data-end=\"1895\">\n<p data-start=\"1841\" data-end=\"1895\"><strong data-start=\"1841\" data-end=\"1851\">Acier:<\/strong> Offre une grande durabilit\u00e9 pour les charges lourdes.<\/p>\n<\/li>\n<li data-start=\"1899\" data-end=\"1953\">\n<p data-start=\"1901\" data-end=\"1953\"><strong data-start=\"1901\" data-end=\"1915\">Fonte :<\/strong> Solide et \u00e9conomique, mais plus lourd.<\/p>\n<\/li>\n<li data-start=\"1957\" data-end=\"2030\">\n<p data-start=\"1959\" data-end=\"2030\"><strong data-start=\"1959\" data-end=\"1972\">Aluminium:<\/strong> L\u00e9ger, r\u00e9sistant \u00e0 la corrosion et \u00e9conome en \u00e9nergie.<\/p>\n<\/li>\n<\/ul>\n<\/li>\n<li data-start=\"2032\" data-end=\"2221\">\n<p data-start=\"2035\" data-end=\"2065\"><strong data-start=\"2035\" data-end=\"2063\">Rapport diam\u00e8tre\/vitesse<\/strong><\/p>\n<ul data-start=\"2069\" data-end=\"2221\">\n<li data-start=\"2069\" data-end=\"2155\">\n<p data-start=\"2071\" data-end=\"2155\"><strong data-start=\"2071\" data-end=\"2094\">Effet du diam\u00e8tre :<\/strong> Les diam\u00e8tres plus grands g\u00e9n\u00e8rent un mouvement plus lent mais plus puissant.<\/p>\n<\/li>\n<li data-start=\"2159\" data-end=\"2221\">\n<p data-start=\"2161\" data-end=\"2221\"><strong data-start=\"2161\" data-end=\"2177\">Rapport de vitesse :<\/strong> Des ratios corrects optimisent les performances du moulin.<\/p>\n<\/li>\n<\/ul>\n<\/li>\n<\/ol>\n<hr data-start=\"2223\" data-end=\"2226\" \/>\n<h2 data-start=\"2228\" data-end=\"2266\">Entretien et longue dur\u00e9e de vie<\/h2>\n<ul data-start=\"2268\" data-end=\"2547\">\n<li data-start=\"2268\" data-end=\"2361\">\n<p data-start=\"2270\" data-end=\"2361\"><strong data-start=\"2270\" data-end=\"2294\">Lubrification r\u00e9guli\u00e8re :<\/strong> R\u00e9duit la friction et pr\u00e9vient l\u2019usure des roulements et des pi\u00e8ces mobiles.<\/p>\n<\/li>\n<li data-start=\"2362\" data-end=\"2453\">\n<p data-start=\"2364\" data-end=\"2453\"><strong data-start=\"2364\" data-end=\"2378\">\u00c9quilibrage:<\/strong> Assure un fonctionnement stable, minimise les vibrations et prolonge la dur\u00e9e de vie.<\/p>\n<\/li>\n<li data-start=\"2454\" data-end=\"2547\">\n<p data-start=\"2456\" data-end=\"2547\"><strong data-start=\"2456\" data-end=\"2474\">Signes d&#039;\u00e9chec :<\/strong> Un bruit ou des vibrations excessifs peuvent indiquer un d\u00e9s\u00e9quilibre ou des probl\u00e8mes de roulement.<\/p>\n<\/li>\n<\/ul>\n<hr data-start=\"2549\" data-end=\"2552\" \/>\n<h2 data-start=\"2554\" data-end=\"2592\">Strat\u00e9gies pour am\u00e9liorer les performances<\/h2>\n<ol data-start=\"2594\" data-end=\"2885\">\n<li data-start=\"2594\" data-end=\"2712\">\n<p data-start=\"2597\" data-end=\"2712\"><strong data-start=\"2597\" data-end=\"2625\">S\u00e9lection appropri\u00e9e de la poulie :<\/strong> L\u2019adaptation de la bonne poulie au syst\u00e8me am\u00e9liore l\u2019efficacit\u00e9 et la capacit\u00e9 de production.<\/p>\n<\/li>\n<li data-start=\"2713\" data-end=\"2791\">\n<p data-start=\"2716\" data-end=\"2791\"><strong data-start=\"2716\" data-end=\"2738\">Efficacit\u00e9 \u00e9nerg\u00e9tique :<\/strong> Les poulies l\u00e9g\u00e8res contribuent \u00e0 r\u00e9duire la consommation d\u2019\u00e9nergie.<\/p>\n<\/li>\n<li data-start=\"2792\" data-end=\"2885\">\n<p data-start=\"2795\" data-end=\"2885\"><strong data-start=\"2795\" data-end=\"2819\">Technologie avanc\u00e9e :<\/strong> Les conceptions et mat\u00e9riaux modernes am\u00e9liorent consid\u00e9rablement les performances.<\/p>\n<\/li>\n<\/ol>\n<hr data-start=\"2887\" data-end=\"2890\" \/>\n<h2 data-start=\"2892\" data-end=\"2927\">Production et contr\u00f4le qualit\u00e9<\/h2>\n<p data-start=\"2929\" data-end=\"3154\">Toutes nos poulies de broyeur sont fabriqu\u00e9es avec une grande pr\u00e9cision, \u00e9quilibr\u00e9es dynamiquement et rev\u00eatues de phosphate de mangan\u00e8se pour garantir durabilit\u00e9 et long\u00e9vit\u00e9. Ceci garantit des performances fiables lors des op\u00e9rations de broyage.<\/p>\n<hr data-start=\"3156\" data-end=\"3159\" \/>\n<h2 data-start=\"3161\" data-end=\"3192\">Questions fr\u00e9quemment pos\u00e9es<\/h2>\n<ol data-start=\"3194\" data-end=\"3966\">\n<li data-start=\"3194\" data-end=\"3366\">\n<p data-start=\"3197\" data-end=\"3366\"><strong data-start=\"3197\" data-end=\"3237\">Pourquoi les poulies \u00e0 rouleaux sont-elles si importantes ?<\/strong><br data-start=\"3237\" data-end=\"3240\" \/>Ils constituent le \u00ab c\u0153ur \u00bb de la fraiseuse, transf\u00e9rant efficacement la puissance et r\u00e9duisant les co\u00fbts en minimisant les pertes d\u2019\u00e9nergie.<\/p>\n<\/li>\n<li data-start=\"3368\" data-end=\"3516\">\n<p data-start=\"3371\" data-end=\"3516\"><strong data-start=\"3371\" data-end=\"3416\">Comment contribuent-ils aux \u00e9conomies d\u2019\u00e9nergie ?<\/strong><br data-start=\"3416\" data-end=\"3419\" \/>Ils minimisent les pertes de puissance, permettant ainsi d&#039;obtenir le m\u00eame rendement de production avec une consommation d&#039;\u00e9nergie plus faible.<\/p>\n<\/li>\n<li data-start=\"3518\" data-end=\"3644\">\n<p data-start=\"3521\" data-end=\"3644\"><strong data-start=\"3521\" data-end=\"3559\">Pourquoi une longue dur\u00e9e de vie est-elle importante ?<\/strong><br data-start=\"3559\" data-end=\"3562\" \/>Les poulies durables r\u00e9duisent les co\u00fbts de maintenance et garantissent une production ininterrompue.<\/p>\n<\/li>\n<li data-start=\"3646\" data-end=\"3785\">\n<p data-start=\"3649\" data-end=\"3785\"><strong data-start=\"3649\" data-end=\"3686\">Quel entretien n\u00e9cessitent-ils ?<\/strong><br data-start=\"3686\" data-end=\"3689\" \/>Un nettoyage r\u00e9gulier, une lubrification et une surveillance des signes d\u2019usure les maintiennent dans un \u00e9tat optimal.<\/p>\n<\/li>\n<li data-start=\"3787\" data-end=\"3966\">\n<p data-start=\"3790\" data-end=\"3966\"><strong data-start=\"3790\" data-end=\"3833\">Comment am\u00e9liorer les performances de la poulie ?<\/strong><br data-start=\"3833\" data-end=\"3836\" \/>L\u2019utilisation de mat\u00e9riaux de haute qualit\u00e9, un entretien r\u00e9gulier et le choix de conceptions \u00e9co\u00e9nerg\u00e9tiques optimisent les performances.<\/p>\n<\/li>\n<\/ol>\n<hr data-start=\"3968\" data-end=\"3971\" \/>\n<h2 data-start=\"3973\" data-end=\"3991\">Regard vers l&#039;avenir<\/h2>\n<p data-start=\"3993\" data-end=\"4218\">Gr\u00e2ce aux progr\u00e8s technologiques, les tambours des rouleaux de broyeurs \u00e9voluent constamment pour gagner en durabilit\u00e9 et en efficacit\u00e9. Les conceptions et mat\u00e9riaux futurs devraient am\u00e9liorer encore les performances et la durabilit\u00e9 des op\u00e9rations de broyage.<\/p>\n<p data-start=\"4220\" data-end=\"4498\"><strong data-start=\"4220\" data-end=\"4235\">Conclusion:<\/strong> Les poulies des rouleaux de laminoir sont des composants essentiels qui influencent directement l&#039;efficacit\u00e9 et la qualit\u00e9 de la production. L&#039;utilisation de poulies de haute qualit\u00e9 permet des \u00e9conomies d&#039;\u00e9nergie, une r\u00e9duction des co\u00fbts de maintenance et une plus grande satisfaction client, ce qui les rend indispensables dans les minoteries modernes.<\/p>","protected":false},"featured_media":1286,"template":"","meta":{"_acf_changed":false},"product_brand":[],"product_cat":[15],"product_tag":[],"class_list":{"0":"post-1235","1":"product","2":"type-product","3":"status-publish","4":"has-post-thumbnail","6":"product_cat-v-belt-pulleys","8":"first","9":"instock","10":"purchasable","11":"product-type-simple"},"acf":[],"_links":{"self":[{"href":"https:\/\/waxparts.com\/fr\/wp-json\/wp\/v2\/product\/1235","targetHints":{"allow":["GET"]}}],"collection":[{"href":"https:\/\/waxparts.com\/fr\/wp-json\/wp\/v2\/product"}],"about":[{"href":"https:\/\/waxparts.com\/fr\/wp-json\/wp\/v2\/types\/product"}],"wp:featuredmedia":[{"embeddable":true,"href":"https:\/\/waxparts.com\/fr\/wp-json\/wp\/v2\/media\/1286"}],"wp:attachment":[{"href":"https:\/\/waxparts.com\/fr\/wp-json\/wp\/v2\/media?parent=1235"}],"wp:term":[{"taxonomy":"product_brand","embeddable":true,"href":"https:\/\/waxparts.com\/fr\/wp-json\/wp\/v2\/product_brand?post=1235"},{"taxonomy":"product_cat","embeddable":true,"href":"https:\/\/waxparts.com\/fr\/wp-json\/wp\/v2\/product_cat?post=1235"},{"taxonomy":"product_tag","embeddable":true,"href":"https:\/\/waxparts.com\/fr\/wp-json\/wp\/v2\/product_tag?post=1235"}],"curies":[{"name":"wp","href":"https:\/\/api.w.org\/{rel}","templated":true}]}}