{"id":1303,"date":"2025-08-28T21:24:16","date_gmt":"2025-08-28T21:24:16","guid":{"rendered":"https:\/\/waxparts.com\/?post_type=product&#038;p=1303"},"modified":"2025-09-07T19:12:44","modified_gmt":"2025-09-07T19:12:44","slug":"mill-roll-belts","status":"publish","type":"product","link":"https:\/\/waxparts.com\/fr\/produit\/mill-roll-belts\/","title":{"rendered":"COURROIES DE CYLINDRES DE BROYEURS"},"content":{"rendered":"","protected":false},"excerpt":{"rendered":"<h2 data-start=\"92\" data-end=\"159\">Courroies \u00e0 rouleaux de broyeur\u00a0: une solution fiable pour le processus de broyage<\/h2>\n<p data-start=\"161\" data-end=\"518\"><strong data-start=\"161\" data-end=\"182\">Courroies \u00e0 rouleaux de broyeur<\/strong> sont des composants indispensables de la technologie de fraisage moderne. Fabriqu\u00e9s dans le monde entier selon une norme unique \u2014 <strong data-start=\"288\" data-end=\"295\">DPL<\/strong> et <strong data-start=\"300\" data-end=\"309\">8M PK<\/strong> types \u2014 ces ceintures sont produites par des marques leaders telles que <strong data-start=\"369\" data-end=\"402\">OPTIBELT, CONTITECH, REXBELT,<\/strong> et <strong data-start=\"407\" data-end=\"419\">MEGADYNE<\/strong>. Si les dimensions restent standardis\u00e9es, le niveau de qualit\u00e9 peut varier selon le fabricant.<\/p>\n<p data-start=\"520\" data-end=\"836\">Les moulins jouent un r\u00f4le essentiel dans le broyage des grains et d\u2019autres mati\u00e8res premi\u00e8res, et les courroies sont l\u2019un des facteurs cl\u00e9s pour garantir l\u2019efficacit\u00e9 de ce processus. <strong data-start=\"669\" data-end=\"685\">Courroies \u00e0 rouleaux<\/strong> remplissent \u00e0 la fois les fonctions d&#039;entra\u00eenement et de transport, permettant un flux de mat\u00e9riau appropri\u00e9 \u00e0 l&#039;int\u00e9rieur du broyeur et garantissant des op\u00e9rations de broyage fluides et coh\u00e9rentes.<\/p>\n<p data-start=\"838\" data-end=\"1111\">Fabriqu\u00e9es \u00e0 partir de mat\u00e9riaux de haute qualit\u00e9, les bandes transporteuses \u00e0 rouleaux am\u00e9liorent l&#039;efficacit\u00e9 op\u00e9rationnelle, optimisent la consommation d&#039;\u00e9nergie et am\u00e9liorent la qualit\u00e9 du produit final. Leur durabilit\u00e9 garantit une longue dur\u00e9e de vie, tandis que leur faible maintenance contribue \u00e0 r\u00e9duire les co\u00fbts d&#039;exploitation globaux.<\/p>\n<p data-start=\"1113\" data-end=\"1344\">Le <strong data-start=\"1117\" data-end=\"1138\">Courroies \u00e0 rouleaux de broyeur<\/strong> Nous d\u00e9passons les normes de l&#039;industrie, garantissons une qualit\u00e9 sup\u00e9rieure et optimisons les performances de vos syst\u00e8mes de fraisage. Contactez-nous d\u00e8s aujourd&#039;hui pour en savoir plus et choisir la solution la mieux adapt\u00e9e \u00e0 vos besoins.<\/p>","protected":false},"featured_media":1294,"template":"","meta":{"_acf_changed":false},"product_brand":[],"product_cat":[15],"product_tag":[],"class_list":{"0":"post-1303","1":"product","2":"type-product","3":"status-publish","4":"has-post-thumbnail","6":"product_cat-v-belt-pulleys","8":"first","9":"instock","10":"purchasable","11":"product-type-simple"},"acf":[],"_links":{"self":[{"href":"https:\/\/waxparts.com\/fr\/wp-json\/wp\/v2\/product\/1303","targetHints":{"allow":["GET"]}}],"collection":[{"href":"https:\/\/waxparts.com\/fr\/wp-json\/wp\/v2\/product"}],"about":[{"href":"https:\/\/waxparts.com\/fr\/wp-json\/wp\/v2\/types\/product"}],"wp:featuredmedia":[{"embeddable":true,"href":"https:\/\/waxparts.com\/fr\/wp-json\/wp\/v2\/media\/1294"}],"wp:attachment":[{"href":"https:\/\/waxparts.com\/fr\/wp-json\/wp\/v2\/media?parent=1303"}],"wp:term":[{"taxonomy":"product_brand","embeddable":true,"href":"https:\/\/waxparts.com\/fr\/wp-json\/wp\/v2\/product_brand?post=1303"},{"taxonomy":"product_cat","embeddable":true,"href":"https:\/\/waxparts.com\/fr\/wp-json\/wp\/v2\/product_cat?post=1303"},{"taxonomy":"product_tag","embeddable":true,"href":"https:\/\/waxparts.com\/fr\/wp-json\/wp\/v2\/product_tag?post=1303"}],"curies":[{"name":"wp","href":"https:\/\/api.w.org\/{rel}","templated":true}]}}