{"id":1325,"date":"2025-09-03T08:35:05","date_gmt":"2025-09-03T08:35:05","guid":{"rendered":"https:\/\/waxparts.com\/?post_type=product&#038;p=1325"},"modified":"2025-09-07T19:14:00","modified_gmt":"2025-09-07T19:14:00","slug":"optibelt-belts","status":"publish","type":"product","link":"https:\/\/waxparts.com\/fr\/produit\/optibelt-belts\/","title":{"rendered":"CEINTURES OPTIBELT"},"content":{"rendered":"","protected":false},"excerpt":{"rendered":"<h2 data-start=\"92\" data-end=\"151\">Courroies Optibelt\u00a0: des solutions d&#039;entra\u00eenement fiables et efficaces<\/h2>\n<p data-start=\"153\" data-end=\"460\"><strong data-start=\"153\" data-end=\"168\">Courroies de transmission<\/strong> sont des composants essentiels dans de nombreuses applications industrielles, et dans ce domaine, <strong data-start=\"246\" data-end=\"264\">Courroies Optibelt<\/strong> se distinguent par leur fiabilit\u00e9 et leur efficacit\u00e9. En tant que distributeur officiel, nous proposons <strong data-start=\"352\" data-end=\"364\">Optibelt<\/strong> des courroies qui optimisent la transmission de puissance et jouent un r\u00f4le cl\u00e9 dans l&#039;am\u00e9lioration des performances de l&#039;entreprise.<\/p>\n<p data-start=\"462\" data-end=\"730\">Fabriqu\u00e9 \u00e0 partir de mat\u00e9riaux de haute qualit\u00e9, <strong data-start=\"504\" data-end=\"522\">Courroies Optibelt<\/strong> Con\u00e7us pour une longue dur\u00e9e de vie et une fiabilit\u00e9 accrue du syst\u00e8me, ils n\u00e9cessitent peu d&#039;entretien et contribuent \u00e0 r\u00e9duire les co\u00fbts d&#039;exploitation, tandis que leur consommation \u00e9nerg\u00e9tique optimis\u00e9e en fait un choix \u00e9cologique.<\/p>\n<p data-start=\"732\" data-end=\"954\">Des machines industrielles aux applications automobiles, ces courroies sont largement utilis\u00e9es dans de nombreux secteurs. <strong data-start=\"839\" data-end=\"851\">Optibelt<\/strong> Les ceintures de marque offrent syst\u00e9matiquement des normes sup\u00e9rieures en <strong data-start=\"907\" data-end=\"951\">durabilit\u00e9, performance et fiabilit\u00e9<\/strong>.<\/p>\n<p data-start=\"956\" data-end=\"1184\">En tant que distributeur, notre entreprise offre \u00e0 ses clients la plus haute qualit\u00e9 <strong data-start=\"1023\" data-end=\"1041\">Courroies Optibelt<\/strong>Nous vous aidons \u00e0 trouver la solution d&#039;entra\u00eenement la mieux adapt\u00e9e \u00e0 vos besoins op\u00e9rationnels. Contactez-nous d\u00e8s aujourd&#039;hui pour en savoir plus et d\u00e9couvrir notre gamme de produits.<\/p>","protected":false},"featured_media":1340,"template":"","meta":{"_acf_changed":false},"product_brand":[],"product_cat":[15],"product_tag":[],"class_list":{"0":"post-1325","1":"product","2":"type-product","3":"status-publish","4":"has-post-thumbnail","6":"product_cat-v-belt-pulleys","8":"first","9":"instock","10":"purchasable","11":"product-type-simple"},"acf":[],"_links":{"self":[{"href":"https:\/\/waxparts.com\/fr\/wp-json\/wp\/v2\/product\/1325","targetHints":{"allow":["GET"]}}],"collection":[{"href":"https:\/\/waxparts.com\/fr\/wp-json\/wp\/v2\/product"}],"about":[{"href":"https:\/\/waxparts.com\/fr\/wp-json\/wp\/v2\/types\/product"}],"wp:featuredmedia":[{"embeddable":true,"href":"https:\/\/waxparts.com\/fr\/wp-json\/wp\/v2\/media\/1340"}],"wp:attachment":[{"href":"https:\/\/waxparts.com\/fr\/wp-json\/wp\/v2\/media?parent=1325"}],"wp:term":[{"taxonomy":"product_brand","embeddable":true,"href":"https:\/\/waxparts.com\/fr\/wp-json\/wp\/v2\/product_brand?post=1325"},{"taxonomy":"product_cat","embeddable":true,"href":"https:\/\/waxparts.com\/fr\/wp-json\/wp\/v2\/product_cat?post=1325"},{"taxonomy":"product_tag","embeddable":true,"href":"https:\/\/waxparts.com\/fr\/wp-json\/wp\/v2\/product_tag?post=1325"}],"curies":[{"name":"wp","href":"https:\/\/api.w.org\/{rel}","templated":true}]}}