{"id":1332,"date":"2025-09-03T08:49:15","date_gmt":"2025-09-03T08:49:15","guid":{"rendered":"https:\/\/waxparts.com\/?post_type=product&#038;p=1332"},"modified":"2025-09-07T19:57:57","modified_gmt":"2025-09-07T19:57:57","slug":"industrial-spare-parts","status":"publish","type":"product","link":"https:\/\/waxparts.com\/fr\/produit\/industrial-spare-parts\/","title":{"rendered":"PI\u00c8CES D\u00c9TACH\u00c9ES INDUSTRIELLES"},"content":{"rendered":"","protected":false},"excerpt":{"rendered":"<h2 data-start=\"92\" data-end=\"162\">Pi\u00e8ces d\u00e9tach\u00e9es industrielles : la garantie d&#039;une production ininterrompue<\/h2>\n<h3 data-start=\"164\" data-end=\"213\">Composants critiques qui am\u00e9liorent l&#039;efficacit\u00e9<\/h3>\n<p data-start=\"215\" data-end=\"630\"><strong data-start=\"215\" data-end=\"241\">Pi\u00e8ces d\u00e9tach\u00e9es industrielles<\/strong> Les pi\u00e8ces d\u00e9tach\u00e9es industrielles sont essentielles au bon fonctionnement des machines et \u00e9quipements des usines et des sites de production. Elles assurent le bon d\u00e9roulement des processus de production et, en cas de panne, leur remplacement rapide permet de minimiser les temps d&#039;arr\u00eat et de maintenir l&#039;efficacit\u00e9. Cet article explore ce que sont les pi\u00e8ces d\u00e9tach\u00e9es industrielles, leur importance et leur r\u00f4le dans les processus industriels.<\/p>\n<hr data-start=\"632\" data-end=\"635\" \/>\n<h3 data-start=\"637\" data-end=\"669\">Questions fr\u00e9quemment pos\u00e9es<\/h3>\n<p data-start=\"671\" data-end=\"952\"><strong data-start=\"671\" data-end=\"722\">1. Pourquoi les pi\u00e8ces d\u00e9tach\u00e9es industrielles sont-elles si importantes ?<\/strong><br data-start=\"722\" data-end=\"725\" \/>Au fil du temps, les machines s&#039;usent ou tombent en panne. Les pi\u00e8ces de rechange interviennent alors, \u00e9vitant les arr\u00eats de production. Un entretien r\u00e9gulier et le remplacement rapide des pi\u00e8ces prolongent la dur\u00e9e de vie des machines et am\u00e9liorent leur efficacit\u00e9 globale.<\/p>\n<p data-start=\"954\" data-end=\"1241\"><strong data-start=\"954\" data-end=\"1013\">2. Quelles pi\u00e8ces d\u00e9tach\u00e9es industrielles sont les plus couramment utilis\u00e9es ?<\/strong><br data-start=\"1013\" data-end=\"1016\" \/>Les pi\u00e8ces les plus fr\u00e9quemment utilis\u00e9es comprennent <strong data-start=\"1055\" data-end=\"1104\">roulements, vannes, moteurs, filtres et courroies.<\/strong> Les roulements permettent le mouvement de rotation, les vannes r\u00e9gulent le d\u00e9bit, les moteurs transf\u00e8rent l&#039;\u00e9nergie et les courroies jouent un r\u00f4le essentiel dans la transmission de puissance.<\/p>\n<p data-start=\"1243\" data-end=\"1571\"><strong data-start=\"1243\" data-end=\"1289\">3. Pourquoi la qualit\u00e9 des pi\u00e8ces d\u00e9tach\u00e9es est-elle importante ?<\/strong><br data-start=\"1289\" data-end=\"1292\" \/>Les pi\u00e8ces d\u00e9tach\u00e9es de haute qualit\u00e9 sont durables, r\u00e9sistantes et n\u00e9cessitent moins d&#039;entretien. Les composants de mauvaise qualit\u00e9 tombent en panne plus souvent, ce qui augmente les co\u00fbts et r\u00e9duit l&#039;efficacit\u00e9 \u00e9nerg\u00e9tique. En revanche, les pi\u00e8ces de qualit\u00e9 sup\u00e9rieure optimisent les performances des machines et r\u00e9duisent les co\u00fbts d&#039;exploitation.<\/p>\n<p data-start=\"1573\" data-end=\"1890\"><strong data-start=\"1573\" data-end=\"1614\">4. Comment les pi\u00e8ces de rechange doivent-elles \u00eatre achet\u00e9es ?<\/strong><br data-start=\"1614\" data-end=\"1617\" \/>Il est essentiel de s&#039;approvisionner aupr\u00e8s de fournisseurs de confiance, garantissant des produits originaux et de haute qualit\u00e9. Une livraison rapide et fiable est \u00e9galement essentielle pour minimiser les d\u00e9lais de production. Une gestion efficace des stocks est essentielle pour garantir la disponibilit\u00e9 constante des pi\u00e8ces de rechange en cas de besoin.<\/p>\n<p data-start=\"1892\" data-end=\"2166\"><strong data-start=\"1892\" data-end=\"1950\">5. Comment la gestion des pi\u00e8ces de rechange am\u00e9liore-t-elle l\u2019efficacit\u00e9 ?<\/strong><br data-start=\"1950\" data-end=\"1953\" \/>L&#039;optimisation passe par le maintien de niveaux de stock ad\u00e9quats, la mise en \u0153uvre de programmes de maintenance de routine et la formation du personnel. Une gestion efficace garantit la disponibilit\u00e9 constante des pi\u00e8ces, permettant ainsi une intervention rapide en cas de panne.<\/p>\n<hr data-start=\"2168\" data-end=\"2171\" \/>\n<h3 data-start=\"2173\" data-end=\"2226\">Am\u00e9liorer l&#039;efficacit\u00e9 avec des pi\u00e8ces de rechange industrielles<\/h3>\n<ul data-start=\"2228\" data-end=\"2482\">\n<li data-start=\"2228\" data-end=\"2294\">\n<p data-start=\"2230\" data-end=\"2294\"><strong data-start=\"2230\" data-end=\"2253\">Pi\u00e8ces de haute qualit\u00e9 :<\/strong> Moins de pannes, dur\u00e9e de vie plus longue.<\/p>\n<\/li>\n<li data-start=\"2295\" data-end=\"2371\">\n<p data-start=\"2297\" data-end=\"2371\"><strong data-start=\"2297\" data-end=\"2321\">Entretien r\u00e9gulier :<\/strong> Prolonge la dur\u00e9e de vie de la machine et pr\u00e9vient les pannes.<\/p>\n<\/li>\n<li data-start=\"2372\" data-end=\"2482\">\n<p data-start=\"2374\" data-end=\"2482\"><strong data-start=\"2374\" data-end=\"2409\">Gestion efficace des stocks :<\/strong> Assure que les pi\u00e8ces sont toujours disponibles, minimisant ainsi les interruptions de production.<\/p>\n<\/li>\n<\/ul>\n<hr data-start=\"2484\" data-end=\"2487\" \/>\n<h3 data-start=\"2489\" data-end=\"2531\">L&#039;avenir des pi\u00e8ces d\u00e9tach\u00e9es industrielles<\/h3>\n<p data-start=\"2533\" data-end=\"2890\">Avec les progr\u00e8s technologiques, les pi\u00e8ces d\u00e9tach\u00e9es \u00e9voluent \u00e9galement. De nouveaux mat\u00e9riaux et de nouvelles conceptions offrent des solutions plus robustes et plus efficaces. Dans un avenir proche, <strong data-start=\"2693\" data-end=\"2741\">capteurs intelligents et pi\u00e8ces de rechange int\u00e9gr\u00e9es \u00e0 l&#039;IoT<\/strong> permettra une surveillance en temps r\u00e9el de l&#039;\u00e9tat des machines, permettant une maintenance proactive. Cela se traduira par une efficacit\u00e9 accrue et une r\u00e9duction des perturbations.<\/p>","protected":false},"featured_media":1338,"template":"","meta":{"_acf_changed":false},"product_brand":[],"product_cat":[15],"product_tag":[],"class_list":{"0":"post-1332","1":"product","2":"type-product","3":"status-publish","4":"has-post-thumbnail","6":"product_cat-v-belt-pulleys","8":"first","9":"instock","10":"purchasable","11":"product-type-simple"},"acf":[],"_links":{"self":[{"href":"https:\/\/waxparts.com\/fr\/wp-json\/wp\/v2\/product\/1332","targetHints":{"allow":["GET"]}}],"collection":[{"href":"https:\/\/waxparts.com\/fr\/wp-json\/wp\/v2\/product"}],"about":[{"href":"https:\/\/waxparts.com\/fr\/wp-json\/wp\/v2\/types\/product"}],"wp:featuredmedia":[{"embeddable":true,"href":"https:\/\/waxparts.com\/fr\/wp-json\/wp\/v2\/media\/1338"}],"wp:attachment":[{"href":"https:\/\/waxparts.com\/fr\/wp-json\/wp\/v2\/media?parent=1332"}],"wp:term":[{"taxonomy":"product_brand","embeddable":true,"href":"https:\/\/waxparts.com\/fr\/wp-json\/wp\/v2\/product_brand?post=1332"},{"taxonomy":"product_cat","embeddable":true,"href":"https:\/\/waxparts.com\/fr\/wp-json\/wp\/v2\/product_cat?post=1332"},{"taxonomy":"product_tag","embeddable":true,"href":"https:\/\/waxparts.com\/fr\/wp-json\/wp\/v2\/product_tag?post=1332"}],"curies":[{"name":"wp","href":"https:\/\/api.w.org\/{rel}","templated":true}]}}