{"id":1334,"date":"2025-09-03T08:52:29","date_gmt":"2025-09-03T08:52:29","guid":{"rendered":"https:\/\/waxparts.com\/?post_type=product&#038;p=1334"},"modified":"2025-09-07T19:54:09","modified_gmt":"2025-09-07T19:54:09","slug":"milling-materilals","status":"publish","type":"product","link":"https:\/\/waxparts.com\/fr\/produit\/milling-materilals\/","title":{"rendered":"MAT\u00c9RIAUX DE BROYAGE"},"content":{"rendered":"","protected":false},"excerpt":{"rendered":"<h2 data-start=\"92\" data-end=\"160\">Mat\u00e9riaux de fraisage\u00a0: \u00e9quipement essentiel pour des performances am\u00e9lior\u00e9es<\/h2>\n<h3 data-start=\"162\" data-end=\"222\">Que sont les mat\u00e9riaux de fraisage et pourquoi sont-ils importants\u00a0?<\/h3>\n<p data-start=\"223\" data-end=\"659\">Les moulins transforment les c\u00e9r\u00e9ales et autres mati\u00e8res premi\u00e8res en farine, semoule et divers produits alimentaires. Pour que les moulins fonctionnent efficacement et produisent des produits de haute qualit\u00e9, les mat\u00e9riaux utilis\u00e9s sont essentiels. Ces composants assurent non seulement une production continue, mais ont \u00e9galement un impact direct sur la qualit\u00e9 des produits. Dans cet article, nous explorons ce que sont les mat\u00e9riaux de mouture, r\u00e9pondons \u00e0 des questions courantes et expliquons comment ils am\u00e9liorent les performances.<\/p>\n<hr data-start=\"661\" data-end=\"664\" \/>\n<h3 data-start=\"666\" data-end=\"699\">Que sont les mat\u00e9riaux de fraisage ?<\/h3>\n<p data-start=\"700\" data-end=\"803\">Les mat\u00e9riaux de broyage comprennent les pi\u00e8ces et \u00e9quipements essentiels qui permettent aux moulins de fonctionner efficacement :<\/p>\n<ul data-start=\"805\" data-end=\"1361\">\n<li data-start=\"805\" data-end=\"926\">\n<p data-start=\"807\" data-end=\"926\"><strong data-start=\"807\" data-end=\"822\">Meules :<\/strong> Utilis\u00e9es pour moudre les c\u00e9r\u00e9ales et autres produits. Les pierres de haute qualit\u00e9 offrent une mouture plus fine et plus uniforme.<\/p>\n<\/li>\n<li data-start=\"927\" data-end=\"1045\">\n<p data-start=\"929\" data-end=\"1045\"><strong data-start=\"929\" data-end=\"948\">Poulies \u00e0 rouleaux :<\/strong> Assurez-vous que les machines \u00e0 rouleaux fonctionnent efficacement, offrant des \u00e9conomies d&#039;\u00e9nergie et une dur\u00e9e de vie plus longue.<\/p>\n<\/li>\n<li data-start=\"1046\" data-end=\"1151\">\n<p data-start=\"1048\" data-end=\"1151\"><strong data-start=\"1048\" data-end=\"1067\">Poulies Poly V :<\/strong> Am\u00e9liore la transmission de puissance et les performances de la machine. Fabriqu\u00e9 avec des mat\u00e9riaux durables.<\/p>\n<\/li>\n<li data-start=\"1152\" data-end=\"1242\">\n<p data-start=\"1154\" data-end=\"1242\"><strong data-start=\"1154\" data-end=\"1180\">Bagues et roulements :<\/strong> Favorise le bon fonctionnement des pi\u00e8ces de la machine et pr\u00e9vient l&#039;usure.<\/p>\n<\/li>\n<li data-start=\"1243\" data-end=\"1361\">\n<p data-start=\"1245\" data-end=\"1361\"><strong data-start=\"1245\" data-end=\"1268\">Syst\u00e8mes de filtration :<\/strong> Am\u00e9liorer la puret\u00e9 et la qualit\u00e9 de la farine et des produits connexes, en garantissant l&#039;hygi\u00e8ne et la s\u00e9curit\u00e9.<\/p>\n<\/li>\n<\/ul>\n<hr data-start=\"1363\" data-end=\"1366\" \/>\n<h3 data-start=\"1368\" data-end=\"1417\">Am\u00e9liorer l&#039;efficacit\u00e9 avec les mat\u00e9riaux de fraisage<\/h3>\n<p data-start=\"1418\" data-end=\"1497\">Les mat\u00e9riaux de fraisage de haute qualit\u00e9 influencent directement l\u2019efficacit\u00e9 et les performances.<\/p>\n<ul data-start=\"1499\" data-end=\"1763\">\n<li data-start=\"1499\" data-end=\"1578\">\n<p data-start=\"1501\" data-end=\"1578\"><strong data-start=\"1501\" data-end=\"1532\">Pierres et poulies de qualit\u00e9 sup\u00e9rieure :<\/strong> Assure un broyage efficace et \u00e9conomise de l&#039;\u00e9nergie.<\/p>\n<\/li>\n<li data-start=\"1579\" data-end=\"1674\">\n<p data-start=\"1581\" data-end=\"1674\"><strong data-start=\"1581\" data-end=\"1608\">Entretien et r\u00e9paration :<\/strong> Un entretien r\u00e9gulier prolonge la dur\u00e9e de vie de la machine et pr\u00e9vient les pannes.<\/p>\n<\/li>\n<li data-start=\"1675\" data-end=\"1763\">\n<p data-start=\"1677\" data-end=\"1763\"><strong data-start=\"1677\" data-end=\"1702\">Filtration efficace :<\/strong> Assure une meilleure qualit\u00e9 des produits et garantit la s\u00e9curit\u00e9 alimentaire.<\/p>\n<\/li>\n<\/ul>\n<hr data-start=\"1765\" data-end=\"1768\" \/>\n<h3 data-start=\"1770\" data-end=\"1807\">L&#039;avenir des mat\u00e9riaux de fraisage<\/h3>\n<p data-start=\"1808\" data-end=\"2081\">\u00c0 mesure que la technologie \u00e9volue, les mat\u00e9riaux de fraisage progressent \u00e9galement. Des mat\u00e9riaux modernes et des conceptions innovantes cr\u00e9ent des solutions plus durables et plus durables. \u00c0 l&#039;avenir, les mat\u00e9riaux de fraisage devraient gagner en efficacit\u00e9, optimisant ainsi les processus de production.<\/p>\n<hr data-start=\"2083\" data-end=\"2086\" \/>\n<h3 data-start=\"2088\" data-end=\"2120\">Questions fr\u00e9quemment pos\u00e9es<\/h3>\n<p data-start=\"2122\" data-end=\"2340\"><strong data-start=\"2122\" data-end=\"2161\">1. Pourquoi les meules sont-elles si importantes ?<\/strong><br data-start=\"2161\" data-end=\"2164\" \/>Elles constituent l&#039;\u00e9l\u00e9ment le plus important du broyage des grains. Des pierres de haute qualit\u00e9 garantissent une mouture plus uniforme, am\u00e9liorant la qualit\u00e9 du produit et prolongeant sa dur\u00e9e de vie avec un entretien r\u00e9duit.<\/p>\n<p data-start=\"2342\" data-end=\"2494\"><strong data-start=\"2342\" data-end=\"2377\">2. Pourquoi utilise-t-on des poulies \u00e0 rouleaux ?<\/strong><br data-start=\"2377\" data-end=\"2380\" \/>Ils augmentent l\u2019efficacit\u00e9 des machines, \u00e9conomisent de l\u2019\u00e9nergie et r\u00e9duisent les co\u00fbts de maintenance tout en garantissant des performances fiables.<\/p>\n<p data-start=\"2496\" data-end=\"2670\"><strong data-start=\"2496\" data-end=\"2545\">3. Quels sont les avantages des poulies Poly V ?<\/strong><br data-start=\"2545\" data-end=\"2548\" \/>Ils offrent des performances \u00e9lev\u00e9es, une efficacit\u00e9 \u00e9nerg\u00e9tique \u00e9lev\u00e9e et une longue dur\u00e9e de vie. De plus, ils am\u00e9liorent la productivit\u00e9 des machines.<\/p>\n<p data-start=\"2672\" data-end=\"2840\"><strong data-start=\"2672\" data-end=\"2719\">4. Pourquoi les bagues et les roulements sont-ils n\u00e9cessaires ?<\/strong><br data-start=\"2719\" data-end=\"2722\" \/>Ils permettent un fonctionnement fluide des composants de la machine, pr\u00e9viennent l\u2019usure, prolongent la dur\u00e9e de vie de la machine et r\u00e9duisent les co\u00fbts de maintenance.<\/p>\n<p data-start=\"2842\" data-end=\"3007\"><strong data-start=\"2842\" data-end=\"2886\">5. Pourquoi les syst\u00e8mes de filtration sont-ils importants ?<\/strong><br data-start=\"2886\" data-end=\"2889\" \/>Ils garantissent que la farine et les autres produits restent purs et hygi\u00e9niques, am\u00e9liorant ainsi la qualit\u00e9 des produits et prot\u00e9geant la s\u00e9curit\u00e9 alimentaire.<\/p>","protected":false},"featured_media":1339,"template":"","meta":{"_acf_changed":false},"product_brand":[],"product_cat":[15],"product_tag":[],"class_list":{"0":"post-1334","1":"product","2":"type-product","3":"status-publish","4":"has-post-thumbnail","6":"product_cat-v-belt-pulleys","8":"first","9":"instock","10":"purchasable","11":"product-type-simple"},"acf":[],"_links":{"self":[{"href":"https:\/\/waxparts.com\/fr\/wp-json\/wp\/v2\/product\/1334","targetHints":{"allow":["GET"]}}],"collection":[{"href":"https:\/\/waxparts.com\/fr\/wp-json\/wp\/v2\/product"}],"about":[{"href":"https:\/\/waxparts.com\/fr\/wp-json\/wp\/v2\/types\/product"}],"wp:featuredmedia":[{"embeddable":true,"href":"https:\/\/waxparts.com\/fr\/wp-json\/wp\/v2\/media\/1339"}],"wp:attachment":[{"href":"https:\/\/waxparts.com\/fr\/wp-json\/wp\/v2\/media?parent=1334"}],"wp:term":[{"taxonomy":"product_brand","embeddable":true,"href":"https:\/\/waxparts.com\/fr\/wp-json\/wp\/v2\/product_brand?post=1334"},{"taxonomy":"product_cat","embeddable":true,"href":"https:\/\/waxparts.com\/fr\/wp-json\/wp\/v2\/product_cat?post=1334"},{"taxonomy":"product_tag","embeddable":true,"href":"https:\/\/waxparts.com\/fr\/wp-json\/wp\/v2\/product_tag?post=1334"}],"curies":[{"name":"wp","href":"https:\/\/api.w.org\/{rel}","templated":true}]}}