{"id":57,"date":"2016-02-18T15:10:52","date_gmt":"2016-02-18T15:10:52","guid":{"rendered":"http:\/\/flatsome.dev\/?page_id=4041"},"modified":"2025-09-07T19:34:50","modified_gmt":"2025-09-07T19:34:50","slug":"simple-corporate","status":"publish","type":"page","link":"https:\/\/waxparts.com\/tr\/","title":{"rendered":"Corporate"},"content":{"rendered":"<div class=\"slider-wrapper relative\" id=\"slider-1904401822\" >\n    <div class=\"slider slider-nav-circle slider-nav-large slider-nav-light slider-style-normal\"\n        data-flickity-options='{            \"cellAlign\": \"center\",            \"imagesLoaded\": true,            \"lazyLoad\": 1,            \"freeScroll\": false,            \"wrapAround\": true,            \"autoPlay\": 6000,            \"pauseAutoPlayOnHover\" : true,            \"prevNextButtons\": true,            \"contain\" : true,            \"adaptiveHeight\" : true,            \"dragThreshold\" : 10,            \"percentPosition\": true,            \"pageDots\": true,            \"rightToLeft\": false,            \"draggable\": true,            \"selectedAttraction\": 0.1,            \"parallax\" : 0,            \"friction\": 0.6        }'\n        >\n        \n\n  <div class=\"banner has-hover has-video\" id=\"banner-1720115079\">\n          <div class=\"banner-inner fill\">\n        <div class=\"banner-bg fill\" >\n                        \t<div class=\"video-overlay no-click fill visible\"><\/div>\n\t<video class=\"video-bg fill visible\" preload playsinline autoplay muted loop>\n\t\t<source src=\"https:\/\/waxparts.com\/wp-content\/uploads\/2025\/09\/slider2.mp4\" type=\"video\/mp4\">\t<\/video>\n            <div class=\"overlay\"><\/div>            \n                    <\/div>\n\t\t\n        <div class=\"banner-layers container\">\n            <div class=\"fill banner-link\"><\/div>            \n   <div id=\"text-box-1857056977\" class=\"text-box banner-layer x5 md-x5 lg-x5 y95 md-y50 lg-y50 res-text\">\n                                <div class=\"text-box-content text dark\">\n              \n              <div class=\"text-inner text-left\">\n                  \n<h3 class=\"uppercase\">GELECE\u011eE G\u00dc\u00c7 <br \/><span style=\"color: #00000;\">VER\u0130YORUZ<\/span><\/h3>\n<p>Sanayi g\u00fcc\u00fcn\u00fcn kalbinde, WAXPARTS i\u015fletmenizi ileriye ta\u015f\u0131yan y\u00fcksek performansl\u0131 g\u00fc\u00e7 aktar\u0131m sistemleri ve yedek par\u00e7alar sunar. Dayan\u0131kl\u0131l\u0131k, verimlilik ve g\u00fcvenilirli\u011fi her \u00e7\u00f6z\u00fcm\u00fcm\u00fczde bir araya getiriyoruz.<\/p>\n<a href=\"https:\/\/waxparts.com\/tr\/company\/\" class=\"button white is-gradient lowercase\"  >\n\t\t<span>Detaylar<\/span>\n\t<\/a>\n\n              <\/div>\n           <\/div>\n                            \n<style>\n#text-box-1857056977 .text-box-content {\n  background-color: rgba(0, 0, 0, 0);\n  font-size: 100%;\n}\n#text-box-1857056977 .text-inner {\n  padding: 30px 30px 30px 30px;\n}\n#text-box-1857056977 {\n  width: 90%;\n}\n@media (min-width:550px) {\n  #text-box-1857056977 {\n    width: 72%;\n  }\n}\n<\/style>\n    <\/div>\n \n        <\/div>\n      <\/div>\n\n            \n<style>\n#banner-1720115079 {\n  padding-top: 540px;\n}\n#banner-1720115079 .overlay {\n  background-color: rgba(0, 0, 0, 0.39);\n}\n<\/style>\n  <\/div>\n\n\n     <\/div>\n\n     <div class=\"loading-spin dark large centered\"><\/div>\n\n\t<\/div>\n\n\n\n\t<section class=\"section\" id=\"section_823366472\">\n\t\t<div class=\"section-bg fill\" >\n\t\t\t\t\t\t\t\t\t\n\t\t\t\n\n\t\t<\/div>\n\n\t\t\n\n\t\t<div class=\"section-content relative\">\n\t\t\t\n<div class=\"row row-large align-center row-divided\"  id=\"row-1085372339\">\n\n\t<div id=\"col-419761045\" class=\"col medium-4 large-4\"  >\n\t\t\t\t<div class=\"col-inner\"  >\n\t\t\t\n\t\t\t\n\t<div class=\"img has-hover x md-x lg-x y md-y lg-y\" id=\"image_784537217\">\n\t\t<a class=\"\" href=\"https:\/\/waxparts.com\/tr\/urun\/pulleys\/\" >\t\t\t\t\t\t<div class=\"img-inner dark\" style=\"margin:0px 0px 0px 0px;\">\n\t\t\t<img loading=\"lazy\" decoding=\"async\" width=\"800\" height=\"428\" src=\"https:\/\/waxparts.com\/wp-content\/uploads\/2025\/08\/pulley.jpg\" class=\"attachment-large size-large\" alt=\"\" srcset=\"https:\/\/waxparts.com\/wp-content\/uploads\/2025\/08\/pulley.jpg 800w, https:\/\/waxparts.com\/wp-content\/uploads\/2025\/08\/pulley-748x400.jpg 748w, https:\/\/waxparts.com\/wp-content\/uploads\/2025\/08\/pulley-768x411.jpg 768w, https:\/\/waxparts.com\/wp-content\/uploads\/2025\/08\/pulley-500x268.jpg 500w\" sizes=\"auto, (max-width: 800px) 100vw, 800px\" \/>\t\t\t\t\t\t\n\t\t\t\t\t<\/div>\n\t\t\t\t\t\t<\/a>\t\t\n<style>\n#image_784537217 {\n  width: 100%;\n}\n<\/style>\n\t<\/div>\n\t\n<div class=\"container section-title-container\" ><h3 class=\"section-title section-title-normal\"><b><\/b><span class=\"section-title-main\" ><i class=\"icon-angle-right\" ><\/i>KASNAKLAR<\/span><b><\/b><\/h3><\/div>\n\t\t<\/div>\n\t\t\t\t\t<\/div>\n\n\t\n\n\t<div id=\"col-682379566\" class=\"col medium-4 large-4\"  >\n\t\t\t\t<div class=\"col-inner\"  >\n\t\t\t\n\t\t\t\n\t<div class=\"img has-hover x md-x lg-x y md-y lg-y\" id=\"image_1682268738\">\n\t\t<a class=\"\" href=\"https:\/\/waxparts.com\/tr\/urun\/mill-roll-pulleys\/\" >\t\t\t\t\t\t<div class=\"img-inner dark\" >\n\t\t\t<img loading=\"lazy\" decoding=\"async\" width=\"800\" height=\"428\" src=\"https:\/\/waxparts.com\/wp-content\/uploads\/2025\/08\/MILL-ROLL-PULLEYS-1.jpg\" class=\"attachment-large size-large\" alt=\"\" srcset=\"https:\/\/waxparts.com\/wp-content\/uploads\/2025\/08\/MILL-ROLL-PULLEYS-1.jpg 800w, https:\/\/waxparts.com\/wp-content\/uploads\/2025\/08\/MILL-ROLL-PULLEYS-1-748x400.jpg 748w, https:\/\/waxparts.com\/wp-content\/uploads\/2025\/08\/MILL-ROLL-PULLEYS-1-768x411.jpg 768w, https:\/\/waxparts.com\/wp-content\/uploads\/2025\/08\/MILL-ROLL-PULLEYS-1-500x268.jpg 500w\" sizes=\"auto, (max-width: 800px) 100vw, 800px\" \/>\t\t\t\t\t\t\n\t\t\t\t\t<\/div>\n\t\t\t\t\t\t<\/a>\t\t\n<style>\n#image_1682268738 {\n  width: 100%;\n}\n<\/style>\n\t<\/div>\n\t\n<div class=\"container section-title-container\" ><h3 class=\"section-title section-title-normal\"><b><\/b><span class=\"section-title-main\" ><i class=\"icon-angle-right\" ><\/i>DE\u011eI\u0307RMEN VALS  KASNAKLARI<\/span><b><\/b><\/h3><\/div>\n\t\t<\/div>\n\t\t\t\t\n<style>\n#col-682379566 > .col-inner {\n  padding: 0px 0px 0px 0px;\n  margin: 0px 0px 0px 0px;\n}\n<\/style>\n\t<\/div>\n\n\t\n\n\t<div id=\"col-186689977\" class=\"col medium-4 large-4\"  >\n\t\t\t\t<div class=\"col-inner\"  >\n\t\t\t\n\t\t\t\n\t<div class=\"img has-hover x md-x lg-x y md-y lg-y\" id=\"image_1893859929\">\n\t\t<a class=\"\" href=\"https:\/\/waxparts.com\/tr\/urun\/mill-roll-belts\/\" >\t\t\t\t\t\t<div class=\"img-inner dark\" style=\"margin:0px 0px 0px 0px;\">\n\t\t\t<img loading=\"lazy\" decoding=\"async\" width=\"800\" height=\"428\" src=\"https:\/\/waxparts.com\/wp-content\/uploads\/2025\/08\/MILL-ROLL-BELTS-1.jpg\" class=\"attachment-large size-large\" alt=\"\" srcset=\"https:\/\/waxparts.com\/wp-content\/uploads\/2025\/08\/MILL-ROLL-BELTS-1.jpg 800w, https:\/\/waxparts.com\/wp-content\/uploads\/2025\/08\/MILL-ROLL-BELTS-1-748x400.jpg 748w, https:\/\/waxparts.com\/wp-content\/uploads\/2025\/08\/MILL-ROLL-BELTS-1-768x411.jpg 768w, https:\/\/waxparts.com\/wp-content\/uploads\/2025\/08\/MILL-ROLL-BELTS-1-500x268.jpg 500w\" sizes=\"auto, (max-width: 800px) 100vw, 800px\" \/>\t\t\t\t\t\t\n\t\t\t\t\t<\/div>\n\t\t\t\t\t\t<\/a>\t\t\n<style>\n#image_1893859929 {\n  width: 100%;\n}\n<\/style>\n\t<\/div>\n\t\n<div class=\"container section-title-container\" ><h3 class=\"section-title section-title-normal\"><b><\/b><span class=\"section-title-main\" ><i class=\"icon-angle-right\" ><\/i>DE\u011eIRMEN VALS KAYI\u015eLARI<\/span><b><\/b><\/h3><\/div>\n\t\t<\/div>\n\t\t\t\t\t<\/div>\n\n\t\n<\/div>\n\t\t<\/div>\n\n\t\t\n<style>\n#section_823366472 {\n  padding-top: 30px;\n  padding-bottom: 30px;\n  background-color: rgb(255, 255, 255);\n}\n<\/style>\n\t<\/section>\n\t\n\n\t<section class=\"section\" id=\"section_1343758285\">\n\t\t<div class=\"section-bg fill\" >\n\t\t\t\t\t\t\t\t\t\n\t\t\t\n\n\t\t<\/div>\n\n\t\t\n\n\t\t<div class=\"section-content relative\">\n\t\t\t\n\t<div id=\"text-4095166471\" class=\"text\">\n\t\t\n<h5>HABERLER<\/h5>\n\t\t\n<style>\n#text-4095166471 {\n  font-size: 2.1rem;\n  text-align: center;\n}\n<\/style>\n\t<\/div>\n\t\n\n  \n    <div class=\"row large-columns-3 medium-columns- small-columns-1 slider row-slider slider-nav-reveal\"  data-flickity-options='{&quot;imagesLoaded&quot;: true, &quot;groupCells&quot;: &quot;100%&quot;, &quot;dragThreshold&quot; : 5, &quot;cellAlign&quot;: &quot;left&quot;,&quot;wrapAround&quot;: true,&quot;prevNextButtons&quot;: true,&quot;percentPosition&quot;: true,&quot;pageDots&quot;: false, &quot;rightToLeft&quot;: false, &quot;autoPlay&quot; : 4000}' >\n\n  <\/div>\n\t\t<\/div>\n\n\t\t\n<style>\n#section_1343758285 {\n  padding-top: 30px;\n  padding-bottom: 30px;\n  background-color: rgb(255, 255, 255);\n}\n<\/style>\n\t<\/section>","protected":false},"excerpt":{"rendered":"","protected":false},"author":1,"featured_media":19,"parent":72,"menu_order":1,"comment_status":"closed","ping_status":"closed","template":"page-blank.php","meta":{"_acf_changed":false,"footnotes":""},"class_list":["post-57","page","type-page","status-publish","has-post-thumbnail","hentry"],"acf":[],"_links":{"self":[{"href":"https:\/\/waxparts.com\/tr\/wp-json\/wp\/v2\/pages\/57","targetHints":{"allow":["GET"]}}],"collection":[{"href":"https:\/\/waxparts.com\/tr\/wp-json\/wp\/v2\/pages"}],"about":[{"href":"https:\/\/waxparts.com\/tr\/wp-json\/wp\/v2\/types\/page"}],"author":[{"embeddable":true,"href":"https:\/\/waxparts.com\/tr\/wp-json\/wp\/v2\/users\/1"}],"replies":[{"embeddable":true,"href":"https:\/\/waxparts.com\/tr\/wp-json\/wp\/v2\/comments?post=57"}],"version-history":[{"count":62,"href":"https:\/\/waxparts.com\/tr\/wp-json\/wp\/v2\/pages\/57\/revisions"}],"predecessor-version":[{"id":1386,"href":"https:\/\/waxparts.com\/tr\/wp-json\/wp\/v2\/pages\/57\/revisions\/1386"}],"up":[{"embeddable":true,"href":"https:\/\/waxparts.com\/tr\/wp-json\/wp\/v2\/pages\/72"}],"wp:featuredmedia":[{"embeddable":true,"href":"https:\/\/waxparts.com\/tr\/wp-json\/wp\/v2\/media\/19"}],"wp:attachment":[{"href":"https:\/\/waxparts.com\/tr\/wp-json\/wp\/v2\/media?parent=57"}],"curies":[{"name":"wp","href":"https:\/\/api.w.org\/{rel}","templated":true}]}}