{"id":93,"date":"2013-08-11T19:06:15","date_gmt":"2013-08-11T19:06:15","guid":{"rendered":"http:\/\/localhost:8888\/test\/?page_id=520"},"modified":"2025-09-05T09:49:15","modified_gmt":"2025-09-05T09:49:15","slug":"company","status":"publish","type":"page","link":"https:\/\/waxparts.com\/tr\/company\/","title":{"rendered":"Kurumsal"},"content":{"rendered":"<div class=\"banner has-hover has-video\" id=\"banner-400994618\">\n          <div class=\"banner-inner fill\">\n        <div class=\"banner-bg fill\" >\n                        \t<div class=\"video-overlay no-click fill hide-for-medium\"><\/div>\n\t<video class=\"video-bg fill hide-for-medium\" preload playsinline autoplay muted loop>\n\t\t<source src=\"https:\/\/waxparts.com\/wp-content\/uploads\/2025\/09\/slider2.mp4\" type=\"video\/mp4\">\t<\/video>\n            <div class=\"overlay\"><\/div>            \n                    <\/div>\n\t\t\n        <div class=\"banner-layers container\">\n            <div class=\"fill banner-link\"><\/div>            \n   <div id=\"text-box-1997721154\" class=\"text-box banner-layer x5 md-x5 lg-x5 y75 md-y75 lg-y75 res-text\">\n                                <div class=\"text-box-content text dark\">\n              \n              <div class=\"text-inner text-center\">\n                  \n\t<div id=\"text-2158609888\" class=\"text\">\n\t\t\n<h3 class=\"lead\">HAKKIMIZDA<\/h3>\n<p class=\"lead\"><span style=\"color: #ffffff;\">WAXPARTS, g\u00fc\u00e7 aktar\u0131m sistemleri ve yedek par\u00e7a sekt\u00f6r\u00fcnde g\u00fcvenilir \u00e7\u00f6z\u00fcmler sunmak amac\u0131yla kurulmu\u015ftur.<\/span><\/p>\n\t\t\n<style>\n#text-2158609888 {\n  text-align: left;\n}\n<\/style>\n\t<\/div>\n\t\n              <\/div>\n           <\/div>\n                            \n<style>\n#text-box-1997721154 {\n  width: 60%;\n}\n#text-box-1997721154 .text-box-content {\n  font-size: 100%;\n}\n<\/style>\n    <\/div>\n \n        <\/div>\n      <\/div>\n\n            \n<style>\n#banner-400994618 {\n  padding-top: 251px;\n}\n#banner-400994618 .overlay {\n  background-color: rgba(1, 1, 1, 0.314);\n}\n<\/style>\n  <\/div>\n\n\n<div class=\"row\"  id=\"row-1543389513\">\n\n\t<div id=\"col-473040075\" class=\"col small-12 large-12\"  >\n\t\t\t\t<div class=\"col-inner\"  >\n\t\t\t\n\t\t\t\n\t<div id=\"text-3485437372\" class=\"text\">\n\t\t\n<div><span style=\"color: #282828;\">WAXPARTS, g\u00fc\u00e7 aktar\u0131m sistemleri ve yedek par\u00e7a sekt\u00f6r\u00fcnde g\u00fcvenilir \u00e7\u00f6z\u00fcmler sunmak amac\u0131yla kurulmu\u015ftur. Kasnaklardan kay\u0131\u015flara, rulman yataklar\u0131ndan kaplinlere kadar geni\u015f \u00fcr\u00fcn yelpazemizle end\u00fcstriyel ihtiya\u00e7lar\u0131 kar\u015f\u0131l\u0131yoruz.<\/span><\/div>\n<div>\u00a0<\/div>\n<div><span style=\"color: #282828;\">Kalite ve m\u00fc\u015fteri memnuniyetini \u00f6n planda tutarak, her a\u015famada titiz kalite kontrol s\u00fcre\u00e7leri uyguluyoruz. \u00dcr\u00fcnlerimiz dayan\u0131kl\u0131l\u0131k, performans ve uzun s\u00fcreli kullan\u0131m i\u00e7in tasarlanm\u0131\u015ft\u0131r.<\/span><\/div>\n<div>\u00a0<\/div>\n<div><span style=\"color: #282828;\">WAXPARTS bug\u00fcn sekt\u00f6r\u00fcn \u00f6nde gelen markalar\u0131yla i\u015fbirli\u011fi yapmakta ve \u00fcr\u00fcnlerini 40'tan fazla \u00fclkeye ihra\u00e7 etmektedir. Hedefimiz k\u00fcresel \u00f6l\u00e7ekte rekabet\u00e7i \u00e7\u00f6z\u00fcmler \u00fcretmek ve m\u00fc\u015fterilerimizin i\u015flerini kesintisiz y\u00fcr\u00fctebilmelerine katk\u0131da bulunmakt\u0131r.<\/span><\/div>\n<div>\u00a0<\/div>\n<div><span style=\"color: #282828;\">Bizim vizyonumuz: G\u00fc\u00e7 aktar\u0131m sistemlerinde yenilik\u00e7i ve g\u00fcvenilir bir k\u00fcresel marka olmak.<\/span><\/div>\n<div><span style=\"color: #282828;\">Bizim misyonumuz: Sekt\u00f6re y\u00fcksek kalite, h\u0131zl\u0131 \u00e7\u00f6z\u00fcmler ve s\u00fcrd\u00fcr\u00fclebilir de\u011fer sa\u011flamak.<\/span><\/div>\n<div>\u00a0<\/div>\n\t\t\n<style>\n#text-3485437372 {\n  font-size: 1.3rem;\n  line-height: 1.3;\n}\n<\/style>\n\t<\/div>\n\t\n<div class=\"text-center\"><div class=\"is-divider divider clearfix\" ><\/div><\/div>\n\t\t<\/div>\n\t\t\t\t\n<style>\n#col-473040075 > .col-inner {\n  padding: 0px 60px 0px 36px;\n}\n<\/style>\n\t<\/div>\n\n\t\n<\/div>","protected":false},"excerpt":{"rendered":"","protected":false},"author":1,"featured_media":19,"parent":0,"menu_order":0,"comment_status":"closed","ping_status":"closed","template":"","meta":{"_acf_changed":false,"footnotes":""},"class_list":["post-93","page","type-page","status-publish","has-post-thumbnail","hentry"],"acf":[],"_links":{"self":[{"href":"https:\/\/waxparts.com\/tr\/wp-json\/wp\/v2\/pages\/93","targetHints":{"allow":["GET"]}}],"collection":[{"href":"https:\/\/waxparts.com\/tr\/wp-json\/wp\/v2\/pages"}],"about":[{"href":"https:\/\/waxparts.com\/tr\/wp-json\/wp\/v2\/types\/page"}],"author":[{"embeddable":true,"href":"https:\/\/waxparts.com\/tr\/wp-json\/wp\/v2\/users\/1"}],"replies":[{"embeddable":true,"href":"https:\/\/waxparts.com\/tr\/wp-json\/wp\/v2\/comments?post=93"}],"version-history":[{"count":32,"href":"https:\/\/waxparts.com\/tr\/wp-json\/wp\/v2\/pages\/93\/revisions"}],"predecessor-version":[{"id":1354,"href":"https:\/\/waxparts.com\/tr\/wp-json\/wp\/v2\/pages\/93\/revisions\/1354"}],"wp:featuredmedia":[{"embeddable":true,"href":"https:\/\/waxparts.com\/tr\/wp-json\/wp\/v2\/media\/19"}],"wp:attachment":[{"href":"https:\/\/waxparts.com\/tr\/wp-json\/wp\/v2\/media?parent=93"}],"curies":[{"name":"wp","href":"https:\/\/api.w.org\/{rel}","templated":true}]}}