{"id":1235,"date":"2025-08-25T22:24:27","date_gmt":"2025-08-25T22:24:27","guid":{"rendered":"https:\/\/waxparts.com\/product\/pipe-plug-fluid-chamber-1109973-2\/"},"modified":"2025-09-07T19:11:48","modified_gmt":"2025-09-07T19:11:48","slug":"mill-roll-pulleys","status":"publish","type":"product","link":"https:\/\/waxparts.com\/tr\/urun\/mill-roll-pulleys\/","title":{"rendered":"DE\u011eI\u0307RMEN VALS  KASNAKLARI"},"content":{"rendered":"","protected":false},"excerpt":{"rendered":"<h2 data-start=\"88\" data-end=\"112\">De\u011firmen Vals Kasnaklar\u0131<\/h2>\n<p data-start=\"114\" data-end=\"600\"><strong data-start=\"114\" data-end=\"137\">De\u011firmen silindir kasnaklar\u0131<\/strong> Un de\u011firmenlerinde kullan\u0131lan en kritik bile\u015fenler aras\u0131ndad\u0131r. Silindir makinelerinin verimli \u00e7al\u0131\u015fmas\u0131n\u0131 ve g\u00fc\u00e7 iletimini sa\u011flamak i\u00e7in tasarlanan bu kasnaklar, sistem gereksinimlerine uygun olarak farkl\u0131 tip ve boyutlarda \u00fcretilir. Genellikle iki gruba ayr\u0131l\u0131rlar: <strong data-start=\"418\" data-end=\"435\">P\u00fcr\u00fczs\u00fcz (Liso)<\/strong> Ve <strong data-start=\"440\" data-end=\"468\">K\u0131rma kasnaklar<\/strong>Her iki grup da a\u015fa\u011f\u0131dakilere g\u00f6re \u00fcretilmektedir: <strong data-start=\"512\" data-end=\"519\">DPL<\/strong> Ve <strong data-start=\"524\" data-end=\"533\">8M Paket<\/strong> Bant tipleri, silindir sistemleriyle tam uyumluluk sa\u011flar.<\/p>\n<h3 data-start=\"602\" data-end=\"629\">D\u00fcz (Liso) Kasnaklar<\/h3>\n<ul data-start=\"630\" data-end=\"874\">\n<li data-start=\"630\" data-end=\"722\">\n<p data-start=\"632\" data-end=\"722\"><strong data-start=\"632\" data-end=\"645\">\u0130\u015flev:<\/strong> Malzemenin homojen bir \u015fekilde k\u0131r\u0131lmas\u0131n\u0131 sa\u011flarlar ve esas olarak ince \u00f6\u011f\u00fctmede kullan\u0131l\u0131rlar.<\/p>\n<\/li>\n<li data-start=\"723\" data-end=\"805\">\n<p data-start=\"725\" data-end=\"805\"><strong data-start=\"725\" data-end=\"742\">Uygulamalar:<\/strong> Un de\u011firmenleri, irmik fabrikalar\u0131 ve di\u011fer \u00f6\u011f\u00fctme sanayileri.<\/p>\n<\/li>\n<li data-start=\"806\" data-end=\"874\">\n<p data-start=\"808\" data-end=\"874\"><strong data-start=\"808\" data-end=\"821\">\u00d6zellikler:<\/strong> Hem DPL hem de 8M PK kay\u0131\u015f tiplerine uyacak \u015fekilde \u00fcretilmi\u015ftir.<\/p>\n<\/li>\n<\/ul>\n<h3 data-start=\"876\" data-end=\"898\">Kasnaklar\u0131n K\u0131r\u0131lmas\u0131<\/h3>\n<ul data-start=\"899\" data-end=\"1171\">\n<li data-start=\"899\" data-end=\"1000\">\n<p data-start=\"901\" data-end=\"1000\"><strong data-start=\"901\" data-end=\"914\">\u0130\u015flev:<\/strong> Sert ve iri malzemelerin k\u0131r\u0131lmas\u0131nda kullan\u0131l\u0131r, \u00f6\u011f\u00fctmenin ilk a\u015famas\u0131 i\u00e7in idealdir.<\/p>\n<\/li>\n<li data-start=\"1001\" data-end=\"1085\">\n<p data-start=\"1003\" data-end=\"1085\"><strong data-start=\"1003\" data-end=\"1020\">Uygulamalar:<\/strong> Tar\u0131m \u00fcr\u00fcnleri, madencilik ve \u00e7e\u015fitli sanayi sekt\u00f6rleri.<\/p>\n<\/li>\n<li data-start=\"1086\" data-end=\"1171\">\n<p data-start=\"1088\" data-end=\"1171\"><strong data-start=\"1088\" data-end=\"1101\">\u00d6zellikler:<\/strong> Y\u00fcksek mukavemetli olarak \u00fcretilmi\u015ftir, DPL ve 8M PK kay\u0131\u015flarla da uyumludur.<\/p>\n<\/li>\n<\/ul>\n<hr data-start=\"1173\" data-end=\"1176\" \/>\n<h2 data-start=\"1178\" data-end=\"1203\">Kay\u0131\u015fa G\u00f6re Kasnak Tipleri<\/h2>\n<h3 data-start=\"1205\" data-end=\"1224\">DPL Kay\u0131\u015f Tipi<\/h3>\n<ul data-start=\"1225\" data-end=\"1481\">\n<li data-start=\"1225\" data-end=\"1320\">\n<p data-start=\"1227\" data-end=\"1320\"><strong data-start=\"1227\" data-end=\"1240\">\u00d6zellikler:<\/strong> Y\u00fcksek esneklik ve dayan\u0131kl\u0131l\u0131k sunar, hafif y\u00fck uygulamalar\u0131na uygundur.<\/p>\n<\/li>\n<li data-start=\"1321\" data-end=\"1417\">\n<p data-start=\"1323\" data-end=\"1417\"><strong data-start=\"1323\" data-end=\"1340\">Oluk Boyutlar\u0131:<\/strong> 22 ve 26 oluklu olarak \u00fcretilmekte olup, farkl\u0131 \u00e7ap ve ebatlarda mevcuttur.<\/p>\n<\/li>\n<li data-start=\"1418\" data-end=\"1481\">\n<p data-start=\"1420\" data-end=\"1481\"><strong data-start=\"1420\" data-end=\"1436\">Ba\u015fvuru:<\/strong> Un ve irmik fabrikalar\u0131nda yayg\u0131n olarak kullan\u0131l\u0131r.<\/p>\n<\/li>\n<\/ul>\n<h3 data-start=\"1483\" data-end=\"1504\">8M PK Kemer Tipi<\/h3>\n<ul data-start=\"1505\" data-end=\"1766\">\n<li data-start=\"1505\" data-end=\"1602\">\n<p data-start=\"1507\" data-end=\"1602\"><strong data-start=\"1507\" data-end=\"1520\">\u00d6zellikler:<\/strong> A\u011f\u0131r y\u00fck ta\u015f\u0131ma kapasitesi ve dayan\u0131kl\u0131l\u0131\u011f\u0131yla bilinen, zorlu end\u00fcstriyel kullan\u0131mlar i\u00e7in idealdir.<\/p>\n<\/li>\n<li data-start=\"1603\" data-end=\"1689\">\n<p data-start=\"1605\" data-end=\"1689\"><strong data-start=\"1605\" data-end=\"1622\">Oluk Boyutlar\u0131:<\/strong> 28&#039;li ve 36&#039;l\u0131 paket se\u00e7enekleriyle \u00fcretilmekte olup, farkl\u0131 ebatlarda mevcuttur.<\/p>\n<\/li>\n<li data-start=\"1690\" data-end=\"1766\">\n<p data-start=\"1692\" data-end=\"1766\"><strong data-start=\"1692\" data-end=\"1708\">Ba\u015fvuru:<\/strong> Tar\u0131m, madencilik ve a\u011f\u0131r sanayide yayg\u0131n olarak kullan\u0131l\u0131r.<\/p>\n<\/li>\n<\/ul>\n<hr data-start=\"1768\" data-end=\"1771\" \/>\n<h2 data-start=\"1773\" data-end=\"1813\">Kasnak Tipleri ve Teknik \u00d6zellikleri<\/h2>\n<ol data-start=\"1815\" data-end=\"2221\">\n<li data-start=\"1815\" data-end=\"2030\">\n<p data-start=\"1818\" data-end=\"1835\"><strong data-start=\"1818\" data-end=\"1833\">Malzemeye G\u00f6re<\/strong><\/p>\n<ul data-start=\"1839\" data-end=\"2030\">\n<li data-start=\"1839\" data-end=\"1895\">\n<p data-start=\"1841\" data-end=\"1895\"><strong data-start=\"1841\" data-end=\"1851\">\u00c7elik:<\/strong> A\u011f\u0131r y\u00fcklere kar\u015f\u0131 y\u00fcksek dayan\u0131kl\u0131l\u0131k sa\u011flar.<\/p>\n<\/li>\n<li data-start=\"1899\" data-end=\"1953\">\n<p data-start=\"1901\" data-end=\"1953\"><strong data-start=\"1901\" data-end=\"1915\">D\u00f6kme Demir:<\/strong> G\u00fc\u00e7l\u00fc ve ekonomik, ama daha a\u011f\u0131r.<\/p>\n<\/li>\n<li data-start=\"1957\" data-end=\"2030\">\n<p data-start=\"1959\" data-end=\"2030\"><strong data-start=\"1959\" data-end=\"1972\">Al\u00fcminyum:<\/strong> Hafif, korozyona dayan\u0131kl\u0131 ve enerji tasarruflu.<\/p>\n<\/li>\n<\/ul>\n<\/li>\n<li data-start=\"2032\" data-end=\"2221\">\n<p data-start=\"2035\" data-end=\"2065\"><strong data-start=\"2035\" data-end=\"2063\">\u00c7ap ve H\u0131z Oran\u0131<\/strong><\/p>\n<ul data-start=\"2069\" data-end=\"2221\">\n<li data-start=\"2069\" data-end=\"2155\">\n<p data-start=\"2071\" data-end=\"2155\"><strong data-start=\"2071\" data-end=\"2094\">\u00c7ap\u0131n Etkisi:<\/strong> Daha b\u00fcy\u00fck \u00e7aplar daha yava\u015f ama daha g\u00fc\u00e7l\u00fc hareket \u00fcretir.<\/p>\n<\/li>\n<li data-start=\"2159\" data-end=\"2221\">\n<p data-start=\"2161\" data-end=\"2221\"><strong data-start=\"2161\" data-end=\"2177\">H\u0131z Oran\u0131:<\/strong> Do\u011fru oranlar de\u011firmen performans\u0131n\u0131 optimize eder.<\/p>\n<\/li>\n<\/ul>\n<\/li>\n<\/ol>\n<hr data-start=\"2223\" data-end=\"2226\" \/>\n<h2 data-start=\"2228\" data-end=\"2266\">Bak\u0131m ve Uzun Hizmet \u00d6mr\u00fc<\/h2>\n<ul data-start=\"2268\" data-end=\"2547\">\n<li data-start=\"2268\" data-end=\"2361\">\n<p data-start=\"2270\" data-end=\"2361\"><strong data-start=\"2270\" data-end=\"2294\">D\u00fczenli Ya\u011flama:<\/strong> Yataklarda ve hareketli par\u00e7alarda s\u00fcrt\u00fcnmeyi azalt\u0131r ve a\u015f\u0131nmay\u0131 \u00f6nler.<\/p>\n<\/li>\n<li data-start=\"2362\" data-end=\"2453\">\n<p data-start=\"2364\" data-end=\"2453\"><strong data-start=\"2364\" data-end=\"2378\">Dengeleme:<\/strong> Stabil bir \u00e7al\u0131\u015fma sa\u011flar, titre\u015fimi en aza indirir ve servis \u00f6mr\u00fcn\u00fc uzat\u0131r.<\/p>\n<\/li>\n<li data-start=\"2454\" data-end=\"2547\">\n<p data-start=\"2456\" data-end=\"2547\"><strong data-start=\"2456\" data-end=\"2474\">Ar\u0131za Belirtileri:<\/strong> A\u015f\u0131r\u0131 g\u00fcr\u00fclt\u00fc veya titre\u015fim dengesizlik veya yatak sorunlar\u0131n\u0131n g\u00f6stergesi olabilir.<\/p>\n<\/li>\n<\/ul>\n<hr data-start=\"2549\" data-end=\"2552\" \/>\n<h2 data-start=\"2554\" data-end=\"2592\">Performans\u0131 Art\u0131rma Stratejileri<\/h2>\n<ol data-start=\"2594\" data-end=\"2885\">\n<li data-start=\"2594\" data-end=\"2712\">\n<p data-start=\"2597\" data-end=\"2712\"><strong data-start=\"2597\" data-end=\"2625\">Uygun Kasnak Se\u00e7imi:<\/strong> Sisteme uygun kasna\u011f\u0131n se\u00e7ilmesi verimlili\u011fi ve \u00fcretim kapasitesini art\u0131r\u0131r.<\/p>\n<\/li>\n<li data-start=\"2713\" data-end=\"2791\">\n<p data-start=\"2716\" data-end=\"2791\"><strong data-start=\"2716\" data-end=\"2738\">Enerji Verimlili\u011fi:<\/strong> Hafif kasnaklar enerji t\u00fcketiminin azalt\u0131lmas\u0131na yard\u0131mc\u0131 olur.<\/p>\n<\/li>\n<li data-start=\"2792\" data-end=\"2885\">\n<p data-start=\"2795\" data-end=\"2885\"><strong data-start=\"2795\" data-end=\"2819\">\u0130leri Teknoloji:<\/strong> Modern tasar\u0131mlar ve malzemeler performans\u0131 \u00f6nemli \u00f6l\u00e7\u00fcde art\u0131r\u0131yor.<\/p>\n<\/li>\n<\/ol>\n<hr data-start=\"2887\" data-end=\"2890\" \/>\n<h2 data-start=\"2892\" data-end=\"2927\">\u00dcretim ve Kalite Kontrol<\/h2>\n<p data-start=\"2929\" data-end=\"3154\">T\u00fcm de\u011firmen silindir kasnaklar\u0131m\u0131z, dayan\u0131kl\u0131l\u0131k ve uzun hizmet \u00f6mr\u00fc sa\u011flamak i\u00e7in y\u00fcksek hassasiyetle \u00fcretilmi\u015f, dinamik olarak dengelenmi\u015f ve manganez fosfatla kaplanm\u0131\u015ft\u0131r. Bu, de\u011firmencilik operasyonlar\u0131nda g\u00fcvenilir performans sa\u011flar.<\/p>\n<hr data-start=\"3156\" data-end=\"3159\" \/>\n<h2 data-start=\"3161\" data-end=\"3192\">S\u0131k\u00e7a Sorulan Sorular<\/h2>\n<ol data-start=\"3194\" data-end=\"3966\">\n<li data-start=\"3194\" data-end=\"3366\">\n<p data-start=\"3197\" data-end=\"3366\"><strong data-start=\"3197\" data-end=\"3237\">Makaral\u0131 kasnaklar neden bu kadar \u00f6nemlidir?<\/strong><br data-start=\"3237\" data-end=\"3240\" \/>Bunlar, de\u011firmen makinesinin \u201ckalbidir\u201d, g\u00fcc\u00fc verimli bir \u015fekilde aktar\u0131r ve enerji kayb\u0131n\u0131 en aza indirerek maliyetleri d\u00fc\u015f\u00fcr\u00fcr.<\/p>\n<\/li>\n<li data-start=\"3368\" data-end=\"3516\">\n<p data-start=\"3371\" data-end=\"3516\"><strong data-start=\"3371\" data-end=\"3416\">Enerji tasarrufuna nas\u0131l katk\u0131 sa\u011fl\u0131yorlar?<\/strong><br data-start=\"3416\" data-end=\"3419\" \/>G\u00fc\u00e7 kayb\u0131n\u0131 en aza indirerek, daha d\u00fc\u015f\u00fck enerji t\u00fcketimiyle ayn\u0131 \u00fcretim \u00e7\u0131kt\u0131s\u0131n\u0131 elde etmeyi sa\u011flarlar.<\/p>\n<\/li>\n<li data-start=\"3518\" data-end=\"3644\">\n<p data-start=\"3521\" data-end=\"3644\"><strong data-start=\"3521\" data-end=\"3559\">Uzun kullan\u0131m \u00f6mr\u00fc neden \u00f6nemlidir?<\/strong><br data-start=\"3559\" data-end=\"3562\" \/>Dayan\u0131kl\u0131 kasnaklar bak\u0131m maliyetlerini azalt\u0131r ve kesintisiz \u00fcretim sa\u011flar.<\/p>\n<\/li>\n<li data-start=\"3646\" data-end=\"3785\">\n<p data-start=\"3649\" data-end=\"3785\"><strong data-start=\"3649\" data-end=\"3686\">Ne t\u00fcr bak\u0131ma ihtiya\u00e7 duyarlar?<\/strong><br data-start=\"3686\" data-end=\"3689\" \/>D\u00fczenli temizlik, ya\u011flama ve a\u015f\u0131nma izlerinin izlenmesi, bunlar\u0131n en iyi durumda kalmas\u0131n\u0131 sa\u011flar.<\/p>\n<\/li>\n<li data-start=\"3787\" data-end=\"3966\">\n<p data-start=\"3790\" data-end=\"3966\"><strong data-start=\"3790\" data-end=\"3833\">Kasnak performans\u0131 nas\u0131l iyile\u015ftirilebilir?<\/strong><br data-start=\"3833\" data-end=\"3836\" \/>Y\u00fcksek kaliteli malzemelerin kullan\u0131lmas\u0131, d\u00fczenli bak\u0131mlar\u0131n yap\u0131lmas\u0131 ve enerji tasarruflu tasar\u0131mlar\u0131n se\u00e7ilmesi performans\u0131 en \u00fcst d\u00fczeye \u00e7\u0131kar\u0131r.<\/p>\n<\/li>\n<\/ol>\n<hr data-start=\"3968\" data-end=\"3971\" \/>\n<h2 data-start=\"3973\" data-end=\"3991\">\u0130leriye Bak\u0131\u015f<\/h2>\n<p data-start=\"3993\" data-end=\"4218\">Geli\u015fen teknolojiyle birlikte, de\u011firmen silindir kasnaklar\u0131 daha dayan\u0131kl\u0131 ve verimli hale gelmek i\u00e7in s\u00fcrekli olarak geli\u015fmektedir. Gelecekteki tasar\u0131m ve malzemelerin, de\u011firmencilik operasyonlar\u0131nda performans\u0131 ve s\u00fcrd\u00fcr\u00fclebilirli\u011fi daha da art\u0131rmas\u0131 beklenmektedir.<\/p>\n<p data-start=\"4220\" data-end=\"4498\"><strong data-start=\"4220\" data-end=\"4235\">\u00c7\u00f6z\u00fcm:<\/strong> De\u011firmen silindir kasnaklar\u0131, \u00fcretim verimlili\u011fini ve kalitesini do\u011frudan etkileyen hayati bile\u015fenlerdir. Y\u00fcksek kaliteli kasnaklar\u0131n kullan\u0131m\u0131 enerji tasarrufu, d\u00fc\u015f\u00fck bak\u0131m maliyetleri ve daha y\u00fcksek m\u00fc\u015fteri memnuniyeti sa\u011flayarak modern de\u011firmencilikte vazge\u00e7ilmez hale gelir.<\/p>","protected":false},"featured_media":1286,"template":"","meta":{"_acf_changed":false},"product_brand":[],"product_cat":[15],"product_tag":[],"class_list":{"0":"post-1235","1":"product","2":"type-product","3":"status-publish","4":"has-post-thumbnail","6":"product_cat-v-belt-pulleys","8":"first","9":"instock","10":"purchasable","11":"product-type-simple"},"acf":[],"_links":{"self":[{"href":"https:\/\/waxparts.com\/tr\/wp-json\/wp\/v2\/product\/1235","targetHints":{"allow":["GET"]}}],"collection":[{"href":"https:\/\/waxparts.com\/tr\/wp-json\/wp\/v2\/product"}],"about":[{"href":"https:\/\/waxparts.com\/tr\/wp-json\/wp\/v2\/types\/product"}],"wp:featuredmedia":[{"embeddable":true,"href":"https:\/\/waxparts.com\/tr\/wp-json\/wp\/v2\/media\/1286"}],"wp:attachment":[{"href":"https:\/\/waxparts.com\/tr\/wp-json\/wp\/v2\/media?parent=1235"}],"wp:term":[{"taxonomy":"product_brand","embeddable":true,"href":"https:\/\/waxparts.com\/tr\/wp-json\/wp\/v2\/product_brand?post=1235"},{"taxonomy":"product_cat","embeddable":true,"href":"https:\/\/waxparts.com\/tr\/wp-json\/wp\/v2\/product_cat?post=1235"},{"taxonomy":"product_tag","embeddable":true,"href":"https:\/\/waxparts.com\/tr\/wp-json\/wp\/v2\/product_tag?post=1235"}],"curies":[{"name":"wp","href":"https:\/\/api.w.org\/{rel}","templated":true}]}}