{"id":1302,"date":"2025-08-28T21:23:46","date_gmt":"2025-08-28T21:23:46","guid":{"rendered":"https:\/\/waxparts.com\/?post_type=product&#038;p=1302"},"modified":"2025-09-07T19:09:31","modified_gmt":"2025-09-07T19:09:31","slug":"pulleys","status":"publish","type":"product","link":"https:\/\/waxparts.com\/tr\/urun\/pulleys\/","title":{"rendered":"KASNAKLAR"},"content":{"rendered":"","protected":false},"excerpt":{"rendered":"<h3 data-start=\"72\" data-end=\"134\"><strong>Kasnaklar: G\u00fc\u00e7 Aktar\u0131m\u0131nda Vazge\u00e7ilmez Bir \u00c7\u00f6z\u00fcm<\/strong><\/h3>\n<p data-start=\"135\" data-end=\"489\">Kasnaklar, mekanik sistemlerde g\u00fc\u00e7 aktar\u0131m\u0131n\u0131n temel ta\u015flar\u0131ndan biri olarak \u00f6ne \u00e7\u0131kar. Bu basit ama etkili bile\u015fenler, d\u00f6nme hareketini kay\u0131\u015flar veya zincirler arac\u0131l\u0131\u011f\u0131yla aktararak makinelerin sorunsuz ve verimli \u00e7al\u0131\u015fmas\u0131n\u0131 sa\u011flar. Sanayiden ula\u015f\u0131ma kadar uzanan uygulamalar\u0131yla kasnaklar yayg\u0131n olarak kullan\u0131l\u0131r ve g\u00fcvenilirlikleriyle bilinir.<\/p>\n<p data-start=\"491\" data-end=\"743\">Dayan\u0131kl\u0131 ve y\u00fcksek kaliteli malzemelerden \u00fcretilen kasnaklar uzun \u00f6m\u00fcrl\u00fcd\u00fcr, ar\u0131za riskini en aza indirirken sistemlerin daha verimli \u00e7al\u0131\u015fmas\u0131n\u0131 sa\u011flar. \u00c7e\u015fitli boyut ve tasar\u0131mlar\u0131 sayesinde her t\u00fcrl\u00fc uygulamaya uyarlanabilirler.<\/p>\n<p data-start=\"745\" data-end=\"976\">Kasnaklar, enerji verimlili\u011fini art\u0131rarak i\u015fletme maliyetlerini d\u00fc\u015f\u00fcrmeye ve ekipmanlar\u0131n uzun s\u00fcreli, sorunsuz kullan\u0131m\u0131na katk\u0131da bulunur. Do\u011fru kasna\u011f\u0131 se\u00e7mek, mekanik sistemlerinizde daha fazla g\u00fc\u00e7 ve g\u00fcvenilirlik sa\u011flar.<\/p>\n<p data-start=\"978\" data-end=\"1234\">\u015eirketimizde, \u00fcst\u00fcn d\u00f6k\u00fcm kalitesiyle \u00fcretilen kasnaklar, sekt\u00f6r beklentilerini a\u015fan standartlar sunmakta ve \u00e7e\u015fitli uygulamalar i\u00e7in \u00f6zel \u00e7\u00f6z\u00fcmler sunmaktad\u0131r. Daha fazla bilgi edinmek ve ihtiya\u00e7lar\u0131n\u0131za en uygun kasnaklar\u0131 se\u00e7mek i\u00e7in bizimle ileti\u015fime ge\u00e7in.<\/p>","protected":false},"featured_media":1298,"template":"","meta":{"_acf_changed":false},"product_brand":[],"product_cat":[15],"product_tag":[],"class_list":{"0":"post-1302","1":"product","2":"type-product","3":"status-publish","4":"has-post-thumbnail","6":"product_cat-v-belt-pulleys","8":"first","9":"instock","10":"purchasable","11":"product-type-simple"},"acf":[],"_links":{"self":[{"href":"https:\/\/waxparts.com\/tr\/wp-json\/wp\/v2\/product\/1302","targetHints":{"allow":["GET"]}}],"collection":[{"href":"https:\/\/waxparts.com\/tr\/wp-json\/wp\/v2\/product"}],"about":[{"href":"https:\/\/waxparts.com\/tr\/wp-json\/wp\/v2\/types\/product"}],"wp:featuredmedia":[{"embeddable":true,"href":"https:\/\/waxparts.com\/tr\/wp-json\/wp\/v2\/media\/1298"}],"wp:attachment":[{"href":"https:\/\/waxparts.com\/tr\/wp-json\/wp\/v2\/media?parent=1302"}],"wp:term":[{"taxonomy":"product_brand","embeddable":true,"href":"https:\/\/waxparts.com\/tr\/wp-json\/wp\/v2\/product_brand?post=1302"},{"taxonomy":"product_cat","embeddable":true,"href":"https:\/\/waxparts.com\/tr\/wp-json\/wp\/v2\/product_cat?post=1302"},{"taxonomy":"product_tag","embeddable":true,"href":"https:\/\/waxparts.com\/tr\/wp-json\/wp\/v2\/product_tag?post=1302"}],"curies":[{"name":"wp","href":"https:\/\/api.w.org\/{rel}","templated":true}]}}