{"id":1303,"date":"2025-08-28T21:24:16","date_gmt":"2025-08-28T21:24:16","guid":{"rendered":"https:\/\/waxparts.com\/?post_type=product&#038;p=1303"},"modified":"2025-09-07T19:12:44","modified_gmt":"2025-09-07T19:12:44","slug":"mill-roll-belts","status":"publish","type":"product","link":"https:\/\/waxparts.com\/tr\/urun\/mill-roll-belts\/","title":{"rendered":"DE\u011eIRMEN VALS KAYI\u015eLARI"},"content":{"rendered":"","protected":false},"excerpt":{"rendered":"<h2 data-start=\"92\" data-end=\"159\">De\u011firmen Vals Kay\u0131\u015flar\u0131: \u00d6\u011f\u00fctme \u0130\u015fleminde G\u00fcvenilir Bir \u00c7\u00f6z\u00fcm<\/h2>\n<p data-start=\"161\" data-end=\"518\"><strong data-start=\"161\" data-end=\"182\">De\u011firmen vals kay\u0131\u015flar\u0131<\/strong> modern de\u011firmencilik teknolojisinin vazge\u00e7ilmez bile\u015fenleridir. D\u00fcnya \u00e7ap\u0131nda tek bir standartta \u00fcretilir \u2014 <strong data-start=\"288\" data-end=\"295\">DPL<\/strong> Ve <strong data-start=\"300\" data-end=\"309\">8M Paket<\/strong> t\u00fcrleri \u2014 bu kemerler \u00f6nde gelen markalar taraf\u0131ndan \u00fcretilmektedir. <strong data-start=\"369\" data-end=\"402\">OPTIBELT, CONTITECH, REXBELT,<\/strong> Ve <strong data-start=\"407\" data-end=\"419\">MEGADYNE<\/strong>Boyutlar standart kal\u0131rken, kalite seviyesi \u00fcreticiye g\u00f6re de\u011fi\u015fiklik g\u00f6sterebilir.<\/p>\n<p data-start=\"520\" data-end=\"836\">De\u011firmenler, tah\u0131llar\u0131n ve di\u011fer hammaddelerin \u00f6\u011f\u00fct\u00fclmesinde hayati bir rol oynar ve bantlar bu s\u00fcre\u00e7te verimlili\u011fi sa\u011flamada \u00f6nemli fakt\u00f6rlerden biridir. <strong data-start=\"669\" data-end=\"685\">Silindir kay\u0131\u015flar\u0131<\/strong> Hem s\u00fcr\u00fc\u015f hem de ta\u015f\u0131ma i\u015flevlerini yerine getirerek de\u011firmen i\u00e7inde d\u00fczg\u00fcn malzeme ak\u0131\u015f\u0131n\u0131 sa\u011flar ve d\u00fczg\u00fcn, tutarl\u0131 \u00f6\u011f\u00fctme i\u015flemlerini garanti alt\u0131na al\u0131r.<\/p>\n<p data-start=\"838\" data-end=\"1111\">Y\u00fcksek kaliteli malzemelerden \u00fcretilen silindir kay\u0131\u015flar, operasyonel verimlili\u011fi art\u0131r\u0131r, enerji t\u00fcketimini optimize eder ve nihai \u00fcr\u00fcn kalitesini iyile\u015ftirir. Dayan\u0131kl\u0131l\u0131klar\u0131 uzun hizmet \u00f6mr\u00fc sa\u011flarken, d\u00fc\u015f\u00fck bak\u0131m gereksinimleri genel i\u015fletme maliyetlerini d\u00fc\u015f\u00fcrmeye yard\u0131mc\u0131 olur.<\/p>\n<p data-start=\"1113\" data-end=\"1344\">The <strong data-start=\"1117\" data-end=\"1138\">De\u011firmen vals kay\u0131\u015flar\u0131<\/strong> Sekt\u00f6r standartlar\u0131n\u0131 a\u015farak \u00fcst\u00fcn kalite sunuyor ve \u00f6\u011f\u00fctme sistemlerinizin performans\u0131n\u0131 en \u00fcst d\u00fczeye \u00e7\u0131kar\u0131yoruz. Daha fazla bilgi edinmek ve ihtiya\u00e7lar\u0131n\u0131za en uygun \u00e7\u00f6z\u00fcm\u00fc se\u00e7mek i\u00e7in bug\u00fcn bizimle ileti\u015fime ge\u00e7in.<\/p>","protected":false},"featured_media":1294,"template":"","meta":{"_acf_changed":false},"product_brand":[],"product_cat":[15],"product_tag":[],"class_list":{"0":"post-1303","1":"product","2":"type-product","3":"status-publish","4":"has-post-thumbnail","6":"product_cat-v-belt-pulleys","8":"first","9":"instock","10":"purchasable","11":"product-type-simple"},"acf":[],"_links":{"self":[{"href":"https:\/\/waxparts.com\/tr\/wp-json\/wp\/v2\/product\/1303","targetHints":{"allow":["GET"]}}],"collection":[{"href":"https:\/\/waxparts.com\/tr\/wp-json\/wp\/v2\/product"}],"about":[{"href":"https:\/\/waxparts.com\/tr\/wp-json\/wp\/v2\/types\/product"}],"wp:featuredmedia":[{"embeddable":true,"href":"https:\/\/waxparts.com\/tr\/wp-json\/wp\/v2\/media\/1294"}],"wp:attachment":[{"href":"https:\/\/waxparts.com\/tr\/wp-json\/wp\/v2\/media?parent=1303"}],"wp:term":[{"taxonomy":"product_brand","embeddable":true,"href":"https:\/\/waxparts.com\/tr\/wp-json\/wp\/v2\/product_brand?post=1303"},{"taxonomy":"product_cat","embeddable":true,"href":"https:\/\/waxparts.com\/tr\/wp-json\/wp\/v2\/product_cat?post=1303"},{"taxonomy":"product_tag","embeddable":true,"href":"https:\/\/waxparts.com\/tr\/wp-json\/wp\/v2\/product_tag?post=1303"}],"curies":[{"name":"wp","href":"https:\/\/api.w.org\/{rel}","templated":true}]}}