{"id":1325,"date":"2025-09-03T08:35:05","date_gmt":"2025-09-03T08:35:05","guid":{"rendered":"https:\/\/waxparts.com\/?post_type=product&#038;p=1325"},"modified":"2025-09-07T19:14:00","modified_gmt":"2025-09-07T19:14:00","slug":"optibelt-belts","status":"publish","type":"product","link":"https:\/\/waxparts.com\/tr\/urun\/optibelt-belts\/","title":{"rendered":"OPTIBELT KAYI\u015eLARI"},"content":{"rendered":"","protected":false},"excerpt":{"rendered":"<h2 data-start=\"92\" data-end=\"151\">Optibelt Kay\u0131\u015flar\u0131: G\u00fcvenilir ve Verimli Tahrik \u00c7\u00f6z\u00fcmleri<\/h2>\n<p data-start=\"153\" data-end=\"460\"><strong data-start=\"153\" data-end=\"168\">Tahrik kay\u0131\u015flar\u0131<\/strong> bir\u00e7ok end\u00fcstriyel uygulamada temel bile\u015fenlerdir ve bu alanda, <strong data-start=\"246\" data-end=\"264\">Optibelt kay\u0131\u015flar\u0131<\/strong> G\u00fcvenilirlik ve verimlilikleriyle \u00f6ne \u00e7\u0131k\u0131yoruz. Resmi bir distrib\u00fct\u00f6r olarak, <strong data-start=\"352\" data-end=\"364\">Optibelt<\/strong> G\u00fc\u00e7 aktar\u0131m\u0131n\u0131 optimize eden ve i\u015f performans\u0131n\u0131n art\u0131r\u0131lmas\u0131nda \u00f6nemli rol oynayan kay\u0131\u015flar.<\/p>\n<p data-start=\"462\" data-end=\"730\">Y\u00fcksek kaliteli malzemelerden \u00fcretilmi\u015ftir, <strong data-start=\"504\" data-end=\"522\">Optibelt kay\u0131\u015flar\u0131<\/strong> Uzun hizmet \u00f6mr\u00fc ve art\u0131r\u0131lm\u0131\u015f sistem g\u00fcvenilirli\u011fi i\u00e7in \u00fcretilmi\u015ftir. D\u00fc\u015f\u00fck bak\u0131m gereksinimleri i\u015fletme maliyetlerini d\u00fc\u015f\u00fcrmeye yard\u0131mc\u0131 olurken, optimize edilmi\u015f enerji t\u00fcketimleri onlar\u0131 \u00e7evre dostu bir se\u00e7enek haline getirir.<\/p>\n<p data-start=\"732\" data-end=\"954\">End\u00fcstriyel makinelerden otomotiv uygulamalar\u0131na kadar bu kay\u0131\u015flar bir\u00e7ok sekt\u00f6rde yayg\u0131n olarak kullan\u0131lmaktad\u0131r. <strong data-start=\"839\" data-end=\"851\">Optibelt<\/strong> marka kemerler s\u00fcrekli olarak \u00fcst\u00fcn standartlar sunar <strong data-start=\"907\" data-end=\"951\">dayan\u0131kl\u0131l\u0131k, performans ve g\u00fcvenilirlik<\/strong>.<\/p>\n<p data-start=\"956\" data-end=\"1184\">Firmam\u0131z bir distrib\u00fct\u00f6r olarak m\u00fc\u015fterilerine en y\u00fcksek kaliteyi sunmaktad\u0131r. <strong data-start=\"1023\" data-end=\"1041\">Optibelt kay\u0131\u015flar\u0131<\/strong>Operasyonel ihtiya\u00e7lar\u0131n\u0131z i\u00e7in en uygun tahrik \u00e7\u00f6z\u00fcm\u00fcn\u00fc bulman\u0131za yard\u0131mc\u0131 oluyoruz. Daha fazla bilgi edinmek ve \u00fcr\u00fcn yelpazemizi ke\u015ffetmek i\u00e7in bug\u00fcn bizimle ileti\u015fime ge\u00e7in.<\/p>","protected":false},"featured_media":1340,"template":"","meta":{"_acf_changed":false},"product_brand":[],"product_cat":[15],"product_tag":[],"class_list":{"0":"post-1325","1":"product","2":"type-product","3":"status-publish","4":"has-post-thumbnail","6":"product_cat-v-belt-pulleys","8":"first","9":"instock","10":"purchasable","11":"product-type-simple"},"acf":[],"_links":{"self":[{"href":"https:\/\/waxparts.com\/tr\/wp-json\/wp\/v2\/product\/1325","targetHints":{"allow":["GET"]}}],"collection":[{"href":"https:\/\/waxparts.com\/tr\/wp-json\/wp\/v2\/product"}],"about":[{"href":"https:\/\/waxparts.com\/tr\/wp-json\/wp\/v2\/types\/product"}],"wp:featuredmedia":[{"embeddable":true,"href":"https:\/\/waxparts.com\/tr\/wp-json\/wp\/v2\/media\/1340"}],"wp:attachment":[{"href":"https:\/\/waxparts.com\/tr\/wp-json\/wp\/v2\/media?parent=1325"}],"wp:term":[{"taxonomy":"product_brand","embeddable":true,"href":"https:\/\/waxparts.com\/tr\/wp-json\/wp\/v2\/product_brand?post=1325"},{"taxonomy":"product_cat","embeddable":true,"href":"https:\/\/waxparts.com\/tr\/wp-json\/wp\/v2\/product_cat?post=1325"},{"taxonomy":"product_tag","embeddable":true,"href":"https:\/\/waxparts.com\/tr\/wp-json\/wp\/v2\/product_tag?post=1325"}],"curies":[{"name":"wp","href":"https:\/\/api.w.org\/{rel}","templated":true}]}}