{"id":1328,"date":"2025-09-03T08:44:35","date_gmt":"2025-09-03T08:44:35","guid":{"rendered":"https:\/\/waxparts.com\/?post_type=product&#038;p=1328"},"modified":"2025-09-07T19:15:28","modified_gmt":"2025-09-07T19:15:28","slug":"couplings","status":"publish","type":"product","link":"https:\/\/waxparts.com\/tr\/urun\/couplings\/","title":{"rendered":"KAPL\u0130NLER"},"content":{"rendered":"","protected":false},"excerpt":{"rendered":"<h2 data-start=\"92\" data-end=\"154\">Kaplinler: G\u00fc\u00e7l\u00fc Mekanik Ba\u011flant\u0131lar\u0131n G\u00fcvencesi<\/h2>\n<p data-start=\"156\" data-end=\"455\">End\u00fcstriyel makinelerde g\u00fc\u00e7 ve hareketin do\u011fru bir \u015fekilde iletilmesi esast\u0131r. <strong data-start=\"241\" data-end=\"254\">Kaplinler<\/strong> \u0130ki \u015faft\u0131 birbirine ba\u011flayarak bu s\u00fcre\u00e7te hayati bir rol oynarlar ve g\u00fcvenilir, emniyetli ve verimli bir \u00e7al\u0131\u015fma sa\u011flarlar. Dayan\u0131kl\u0131l\u0131k, performans ve sistem stabilitesi a\u00e7\u0131s\u0131ndan kritik bile\u015fenler olarak \u00f6ne \u00e7\u0131karlar.<\/p>\n<p data-start=\"457\" data-end=\"698\">Y\u00fcksek kaliteli malzemelerden \u00fcretilen kaplinler uzun \u00f6m\u00fcrl\u00fcd\u00fcr ve titre\u015fimi en aza indirerek makinelerin daha sorunsuz \u00e7al\u0131\u015fmas\u0131n\u0131 sa\u011flar. Ayr\u0131ca a\u015f\u0131r\u0131 y\u00fcklere kar\u015f\u0131 koruma sa\u011flayarak ekipman \u00f6mr\u00fcn\u00fc uzat\u0131r ve genel g\u00fcvenli\u011fi art\u0131r\u0131r.<\/p>\n<p data-start=\"700\" data-end=\"964\">End\u00fcstriyel \u00fcretimden enerji sekt\u00f6r\u00fcne kadar geni\u015f bir uygulama yelpazesinde kullan\u0131lan kaplinler, belirli operasyonel ihtiya\u00e7lar\u0131 kar\u015f\u0131lamak \u00fczere tasarlanm\u0131\u015f \u00e7e\u015fitli modellerde mevcuttur. Y\u00fcksek kaliteli kaplinler, i\u015f s\u00fcreklili\u011fine ve verimlili\u011fe \u00f6nemli \u00f6l\u00e7\u00fcde katk\u0131da bulunur.<\/p>\n<p data-start=\"966\" data-end=\"1236\">Kaplin \u00fcretimi ve tedari\u011fiyle, sekt\u00f6rdeki en g\u00fcvenilir markalar\u0131 sunuyor ve farkl\u0131 uygulamalara uygun \u00e7\u00f6z\u00fcmler bulman\u0131za yard\u0131mc\u0131 oluyoruz. Daha fazla bilgi edinmek ve ihtiya\u00e7lar\u0131n\u0131za en uygun kaplini se\u00e7mek i\u00e7in bug\u00fcn bizimle ileti\u015fime ge\u00e7in.<\/p>","protected":false},"featured_media":1336,"template":"","meta":{"_acf_changed":false},"product_brand":[],"product_cat":[15],"product_tag":[],"class_list":{"0":"post-1328","1":"product","2":"type-product","3":"status-publish","4":"has-post-thumbnail","6":"product_cat-v-belt-pulleys","8":"first","9":"instock","10":"purchasable","11":"product-type-simple"},"acf":[],"_links":{"self":[{"href":"https:\/\/waxparts.com\/tr\/wp-json\/wp\/v2\/product\/1328","targetHints":{"allow":["GET"]}}],"collection":[{"href":"https:\/\/waxparts.com\/tr\/wp-json\/wp\/v2\/product"}],"about":[{"href":"https:\/\/waxparts.com\/tr\/wp-json\/wp\/v2\/types\/product"}],"wp:featuredmedia":[{"embeddable":true,"href":"https:\/\/waxparts.com\/tr\/wp-json\/wp\/v2\/media\/1336"}],"wp:attachment":[{"href":"https:\/\/waxparts.com\/tr\/wp-json\/wp\/v2\/media?parent=1328"}],"wp:term":[{"taxonomy":"product_brand","embeddable":true,"href":"https:\/\/waxparts.com\/tr\/wp-json\/wp\/v2\/product_brand?post=1328"},{"taxonomy":"product_cat","embeddable":true,"href":"https:\/\/waxparts.com\/tr\/wp-json\/wp\/v2\/product_cat?post=1328"},{"taxonomy":"product_tag","embeddable":true,"href":"https:\/\/waxparts.com\/tr\/wp-json\/wp\/v2\/product_tag?post=1328"}],"curies":[{"name":"wp","href":"https:\/\/api.w.org\/{rel}","templated":true}]}}