{"id":1330,"date":"2025-09-03T08:46:38","date_gmt":"2025-09-03T08:46:38","guid":{"rendered":"https:\/\/waxparts.com\/?post_type=product&#038;p=1330"},"modified":"2025-09-07T19:16:49","modified_gmt":"2025-09-07T19:16:49","slug":"bearing-housings","status":"publish","type":"product","link":"https:\/\/waxparts.com\/tr\/urun\/bearing-housings\/","title":{"rendered":"RULMAN YATAKLARI"},"content":{"rendered":"","protected":false},"excerpt":{"rendered":"<h2 data-start=\"92\" data-end=\"157\">Rulman Yataklar\u0131: D\u00f6nme Hareketi \u0130\u00e7in G\u00fcvenilir Destek<\/h2>\n<p data-start=\"159\" data-end=\"432\"><strong data-start=\"159\" data-end=\"179\">Rulman yuvalar\u0131<\/strong> End\u00fcstriyel makinelerde ve mekanik sistemlerde, d\u00f6ner harekete g\u00fcvenli ve dengeli bir destek sa\u011flayan temel bile\u015fenlerdir. Basit yap\u0131lar\u0131na ra\u011fmen, y\u00fckleri ta\u015f\u0131yarak ve \u015faftlar\u0131n d\u00fczg\u00fcn \u00e7al\u0131\u015fmas\u0131n\u0131 sa\u011flayarak kritik bir rol oynarlar.<\/p>\n<p data-start=\"434\" data-end=\"700\">Y\u00fcksek kaliteli malzemelerden \u00fcretilmi\u015ftir, <strong data-start=\"476\" data-end=\"496\">rulman yataklar\u0131<\/strong> Dayan\u0131kl\u0131 ve uzun \u00f6m\u00fcrl\u00fcd\u00fcrler. A\u015f\u0131nma, titre\u015fim ve s\u0131k\u0131\u015fma gibi sorunlar\u0131 en aza indirerek makine verimlili\u011fini art\u0131r\u0131rlar. Bu, yaln\u0131zca \u00fcretkenli\u011fi art\u0131rmakla kalmaz, ayn\u0131 zamanda genel i\u015fletme maliyetlerini de d\u00fc\u015f\u00fcrmeye yard\u0131mc\u0131 olur.<\/p>\n<p data-start=\"702\" data-end=\"914\">Geni\u015f bir boyut ve tasar\u0131m yelpazesinde sunulan rulman yuvalar\u0131, \u00e7e\u015fitli uygulamalara uyum sa\u011flayacak \u015fekilde tasarlanm\u0131\u015ft\u0131r. Do\u011fru yuvay\u0131 se\u00e7mek, sistem g\u00fcvenilirli\u011fini art\u0131r\u0131rken bak\u0131m gereksinimlerini de azalt\u0131r.<\/p>\n<p data-start=\"916\" data-end=\"1157\">Katalo\u011fumuzda yer alan rulman yataklar\u0131, sekt\u00f6r standartlar\u0131n\u0131 a\u015farak \u00fcst\u00fcn kalite ve farkl\u0131 uygulamalar i\u00e7in \u00f6zel \u00e7\u00f6z\u00fcmler sunar. Daha fazla bilgi edinmek ve ihtiya\u00e7lar\u0131n\u0131za en uygun rulman yata\u011f\u0131n\u0131 se\u00e7mek i\u00e7in bug\u00fcn bizimle ileti\u015fime ge\u00e7in.<\/p>","protected":false},"featured_media":1337,"template":"","meta":{"_acf_changed":false},"product_brand":[],"product_cat":[15],"product_tag":[],"class_list":{"0":"post-1330","1":"product","2":"type-product","3":"status-publish","4":"has-post-thumbnail","6":"product_cat-v-belt-pulleys","8":"first","9":"instock","10":"purchasable","11":"product-type-simple"},"acf":[],"_links":{"self":[{"href":"https:\/\/waxparts.com\/tr\/wp-json\/wp\/v2\/product\/1330","targetHints":{"allow":["GET"]}}],"collection":[{"href":"https:\/\/waxparts.com\/tr\/wp-json\/wp\/v2\/product"}],"about":[{"href":"https:\/\/waxparts.com\/tr\/wp-json\/wp\/v2\/types\/product"}],"wp:featuredmedia":[{"embeddable":true,"href":"https:\/\/waxparts.com\/tr\/wp-json\/wp\/v2\/media\/1337"}],"wp:attachment":[{"href":"https:\/\/waxparts.com\/tr\/wp-json\/wp\/v2\/media?parent=1330"}],"wp:term":[{"taxonomy":"product_brand","embeddable":true,"href":"https:\/\/waxparts.com\/tr\/wp-json\/wp\/v2\/product_brand?post=1330"},{"taxonomy":"product_cat","embeddable":true,"href":"https:\/\/waxparts.com\/tr\/wp-json\/wp\/v2\/product_cat?post=1330"},{"taxonomy":"product_tag","embeddable":true,"href":"https:\/\/waxparts.com\/tr\/wp-json\/wp\/v2\/product_tag?post=1330"}],"curies":[{"name":"wp","href":"https:\/\/api.w.org\/{rel}","templated":true}]}}