{"id":1334,"date":"2025-09-03T08:52:29","date_gmt":"2025-09-03T08:52:29","guid":{"rendered":"https:\/\/waxparts.com\/?post_type=product&#038;p=1334"},"modified":"2025-09-07T19:54:09","modified_gmt":"2025-09-07T19:54:09","slug":"milling-materilals","status":"publish","type":"product","link":"https:\/\/waxparts.com\/tr\/urun\/milling-materilals\/","title":{"rendered":"DE\u011eI\u0307RMEN MALZEMELERI\u0307"},"content":{"rendered":"","protected":false},"excerpt":{"rendered":"<h2 data-start=\"92\" data-end=\"160\">De\u011firmen Malzemeleri: Geli\u015fmi\u015f Performans i\u00e7in Temel Ekipman<\/h2>\n<h3 data-start=\"162\" data-end=\"222\">De\u011firmen Malzemeleri Nelerdir ve Neden \u00d6nemlidir?<\/h3>\n<p data-start=\"223\" data-end=\"659\">De\u011firmenler, tah\u0131llar\u0131 ve di\u011fer hammaddeleri un, irmik ve \u00e7e\u015fitli g\u0131da \u00fcr\u00fcnlerine d\u00f6n\u00fc\u015ft\u00fcr\u00fcr. De\u011firmenlerin verimli bir \u015fekilde \u00e7al\u0131\u015f\u0131p y\u00fcksek kaliteli \u00fcr\u00fcnler sunabilmesi i\u00e7in kullan\u0131lan malzemeler kritik \u00f6neme sahiptir. Bu bile\u015fenler yaln\u0131zca s\u00fcrekli \u00fcretimi sa\u011flamakla kalmaz, ayn\u0131 zamanda \u00fcr\u00fcn kalitesini de do\u011frudan etkiler. Bu makalede, de\u011firmen malzemelerinin ne oldu\u011funu inceliyor, s\u0131k sorulan sorular\u0131 yan\u0131tl\u0131yor ve performans\u0131 nas\u0131l iyile\u015ftirdiklerini a\u00e7\u0131kl\u0131yoruz.<\/p>\n<hr data-start=\"661\" data-end=\"664\" \/>\n<h3 data-start=\"666\" data-end=\"699\">De\u011firmen Malzemeleri Nelerdir?<\/h3>\n<p data-start=\"700\" data-end=\"803\">De\u011firmen malzemeleri, de\u011firmenlerin etkili bir \u015fekilde \u00e7al\u0131\u015fmas\u0131n\u0131 sa\u011flayan temel par\u00e7a ve ekipmanlar\u0131 i\u00e7erir:<\/p>\n<ul data-start=\"805\" data-end=\"1361\">\n<li data-start=\"805\" data-end=\"926\">\n<p data-start=\"807\" data-end=\"926\"><strong data-start=\"807\" data-end=\"822\">De\u011firmen ta\u015flar\u0131:<\/strong> Tah\u0131l ve di\u011fer \u00fcr\u00fcnlerin \u00f6\u011f\u00fct\u00fclmesinde kullan\u0131l\u0131r. Y\u00fcksek kaliteli ta\u015flar daha ince ve daha d\u00fczg\u00fcn \u00f6\u011f\u00fctme sa\u011flar.<\/p>\n<\/li>\n<li data-start=\"927\" data-end=\"1045\">\n<p data-start=\"929\" data-end=\"1045\"><strong data-start=\"929\" data-end=\"948\">Makaral\u0131 Kasnaklar:<\/strong> Silindir makinelerinin verimli \u00e7al\u0131\u015fmas\u0131n\u0131 sa\u011flayarak enerji tasarrufu ve daha uzun hizmet \u00f6mr\u00fc sa\u011flay\u0131n.<\/p>\n<\/li>\n<li data-start=\"1046\" data-end=\"1151\">\n<p data-start=\"1048\" data-end=\"1151\"><strong data-start=\"1048\" data-end=\"1067\">Poli V Kasnaklar:<\/strong> G\u00fc\u00e7 aktar\u0131m\u0131n\u0131 ve makine performans\u0131n\u0131 art\u0131r\u0131n. Dayan\u0131kl\u0131 malzemelerle \u00fcretilmi\u015ftir.<\/p>\n<\/li>\n<li data-start=\"1152\" data-end=\"1242\">\n<p data-start=\"1154\" data-end=\"1242\"><strong data-start=\"1154\" data-end=\"1180\">Bur\u00e7lar ve Rulmanlar:<\/strong> Makine par\u00e7alar\u0131n\u0131n d\u00fczg\u00fcn \u00e7al\u0131\u015fmas\u0131n\u0131 sa\u011flar ve a\u015f\u0131nmay\u0131 \u00f6nler.<\/p>\n<\/li>\n<li data-start=\"1243\" data-end=\"1361\">\n<p data-start=\"1245\" data-end=\"1361\"><strong data-start=\"1245\" data-end=\"1268\">Filtrasyon Sistemleri:<\/strong> Un ve ilgili \u00fcr\u00fcnlerin safl\u0131\u011f\u0131n\u0131 ve kalitesini art\u0131rarak hijyen ve g\u00fcvenli\u011fi sa\u011flamak.<\/p>\n<\/li>\n<\/ul>\n<hr data-start=\"1363\" data-end=\"1366\" \/>\n<h3 data-start=\"1368\" data-end=\"1417\">De\u011firmen Malzemelerinde Verimlili\u011fin Art\u0131r\u0131lmas\u0131<\/h3>\n<p data-start=\"1418\" data-end=\"1497\">Y\u00fcksek kaliteli \u00f6\u011f\u00fctme malzemeleri verimlili\u011fi ve performans\u0131 do\u011frudan etkiler.<\/p>\n<ul data-start=\"1499\" data-end=\"1763\">\n<li data-start=\"1499\" data-end=\"1578\">\n<p data-start=\"1501\" data-end=\"1578\"><strong data-start=\"1501\" data-end=\"1532\">Premium Ta\u015flar ve Kasnaklar:<\/strong> Etkili \u00f6\u011f\u00fctme sa\u011flar ve enerji tasarrufu sa\u011flar.<\/p>\n<\/li>\n<li data-start=\"1579\" data-end=\"1674\">\n<p data-start=\"1581\" data-end=\"1674\"><strong data-start=\"1581\" data-end=\"1608\">Bak\u0131m ve Onar\u0131m:<\/strong> D\u00fczenli bak\u0131m, makine \u00f6mr\u00fcn\u00fc uzat\u0131r ve ar\u0131zalar\u0131 \u00f6nler.<\/p>\n<\/li>\n<li data-start=\"1675\" data-end=\"1763\">\n<p data-start=\"1677\" data-end=\"1763\"><strong data-start=\"1677\" data-end=\"1702\">Etkili Filtrasyon:<\/strong> Daha y\u00fcksek \u00fcr\u00fcn kalitesi sa\u011flar ve g\u0131da g\u00fcvenli\u011fini garanti alt\u0131na al\u0131r.<\/p>\n<\/li>\n<\/ul>\n<hr data-start=\"1765\" data-end=\"1768\" \/>\n<h3 data-start=\"1770\" data-end=\"1807\">De\u011firmen Malzemelerinin Gelece\u011fi<\/h3>\n<p data-start=\"1808\" data-end=\"2081\">Teknoloji geli\u015ftik\u00e7e, \u00f6\u011f\u00fctme malzemeleri de geli\u015fiyor. Modern malzemeler ve yenilik\u00e7i tasar\u0131mlar, daha dayan\u0131kl\u0131 ve s\u00fcrd\u00fcr\u00fclebilir \u00e7\u00f6z\u00fcmler yarat\u0131yor. Gelecekte, \u00f6\u011f\u00fctme malzemelerinin daha da verimli hale gelmesi ve \u00fcretim s\u00fcre\u00e7lerini daha da iyile\u015ftirmesi bekleniyor.<\/p>\n<hr data-start=\"2083\" data-end=\"2086\" \/>\n<h3 data-start=\"2088\" data-end=\"2120\">S\u0131k\u00e7a Sorulan Sorular<\/h3>\n<p data-start=\"2122\" data-end=\"2340\"><strong data-start=\"2122\" data-end=\"2161\">1. De\u011firmen ta\u015flar\u0131 neden bu kadar \u00f6nemlidir?<\/strong><br data-start=\"2161\" data-end=\"2164\" \/>Tah\u0131l \u00f6\u011f\u00fctmede en kritik unsurdurlar. Y\u00fcksek kaliteli ta\u015flar, daha tutarl\u0131 \u00f6\u011f\u00fctme sa\u011flayarak \u00fcr\u00fcn kalitesini art\u0131r\u0131r ve daha az bak\u0131mla daha uzun \u00f6m\u00fcrl\u00fc olmas\u0131n\u0131 sa\u011flar.<\/p>\n<p data-start=\"2342\" data-end=\"2494\"><strong data-start=\"2342\" data-end=\"2377\">2. Makaral\u0131 kasnaklar neden kullan\u0131l\u0131r?<\/strong><br data-start=\"2377\" data-end=\"2380\" \/>G\u00fcvenilir performans sa\u011flarken makine verimlili\u011fini art\u0131r\u0131r, enerji tasarrufu sa\u011flar ve bak\u0131m maliyetlerini d\u00fc\u015f\u00fcr\u00fcr.<\/p>\n<p data-start=\"2496\" data-end=\"2670\"><strong data-start=\"2496\" data-end=\"2545\">3. Poly V kasnaklar\u0131n\u0131n avantajlar\u0131 nelerdir?<\/strong><br data-start=\"2545\" data-end=\"2548\" \/>Y\u00fcksek performans, enerji verimlili\u011fi ve uzun kullan\u0131m \u00f6mr\u00fc sunarlar. Ayr\u0131ca, makine verimlili\u011fini de art\u0131r\u0131rlar.<\/p>\n<p data-start=\"2672\" data-end=\"2840\"><strong data-start=\"2672\" data-end=\"2719\">4. Bur\u00e7lar ve yataklar neden gereklidir?<\/strong><br data-start=\"2719\" data-end=\"2722\" \/>Makine par\u00e7alar\u0131n\u0131n d\u00fczg\u00fcn \u00e7al\u0131\u015fmas\u0131n\u0131 sa\u011flar, a\u015f\u0131nmay\u0131 \u00f6nler, makine \u00f6mr\u00fcn\u00fc uzat\u0131r ve bak\u0131m maliyetlerini d\u00fc\u015f\u00fcr\u00fcr.<\/p>\n<p data-start=\"2842\" data-end=\"3007\"><strong data-start=\"2842\" data-end=\"2886\">5. Filtrasyon sistemleri neden \u00f6nemlidir?<\/strong><br data-start=\"2886\" data-end=\"2889\" \/>Un ve di\u011fer \u00fcr\u00fcnlerin saf ve hijyenik kalmas\u0131n\u0131 sa\u011flayarak \u00fcr\u00fcn kalitesini art\u0131r\u0131r ve g\u0131da g\u00fcvenli\u011fini korurlar.<\/p>","protected":false},"featured_media":1339,"template":"","meta":{"_acf_changed":false},"product_brand":[],"product_cat":[15],"product_tag":[],"class_list":{"0":"post-1334","1":"product","2":"type-product","3":"status-publish","4":"has-post-thumbnail","6":"product_cat-v-belt-pulleys","8":"first","9":"instock","10":"purchasable","11":"product-type-simple"},"acf":[],"_links":{"self":[{"href":"https:\/\/waxparts.com\/tr\/wp-json\/wp\/v2\/product\/1334","targetHints":{"allow":["GET"]}}],"collection":[{"href":"https:\/\/waxparts.com\/tr\/wp-json\/wp\/v2\/product"}],"about":[{"href":"https:\/\/waxparts.com\/tr\/wp-json\/wp\/v2\/types\/product"}],"wp:featuredmedia":[{"embeddable":true,"href":"https:\/\/waxparts.com\/tr\/wp-json\/wp\/v2\/media\/1339"}],"wp:attachment":[{"href":"https:\/\/waxparts.com\/tr\/wp-json\/wp\/v2\/media?parent=1334"}],"wp:term":[{"taxonomy":"product_brand","embeddable":true,"href":"https:\/\/waxparts.com\/tr\/wp-json\/wp\/v2\/product_brand?post=1334"},{"taxonomy":"product_cat","embeddable":true,"href":"https:\/\/waxparts.com\/tr\/wp-json\/wp\/v2\/product_cat?post=1334"},{"taxonomy":"product_tag","embeddable":true,"href":"https:\/\/waxparts.com\/tr\/wp-json\/wp\/v2\/product_tag?post=1334"}],"curies":[{"name":"wp","href":"https:\/\/api.w.org\/{rel}","templated":true}]}}